{"id":2711,"date":"2015-03-13T15:17:32","date_gmt":"2015-03-13T15:18:44","guid":{"rendered":"https:\/\/www.physipro.com\/?post_type=product&#038;p=2711"},"modified":"2021-05-21T15:24:48","modified_gmt":"2021-05-21T15:24:48","slug":"appui-tete-lateraux-reglables","status":"publish","type":"product","link":"https:\/\/www.physipro.com\/fr\/produit\/appui-tete-lateraux-reglables\/","title":{"rendered":"Appui-t\u00eate \u00e0 prolongement lat\u00e9ral r\u00e9glable"},"content":{"rendered":"<div class=\"wpb-content-wrapper\"><p>[vc_row full_width=&#8221;stretch_row_content&#8221; el_class=&#8221;btn-group-anchor&#8221;][vc_column]<a href=\"#video\" class=\"btn btn-default\"> <span>Documentations<\/span><\/a>[\/vc_column][\/vc_row][vc_row][vc_column width=&#8221;1\/2&#8243;][vc_single_image image=&#8221;10236&#8243; alignment=&#8221;center&#8221;][\/vc_column][vc_column width=&#8221;1\/2&#8243;][vc_column_text]<\/p>\n<h2>Appui-t\u00eate \u00e0 prolongement lat\u00e9ral r\u00e9glable<\/h2>\n<p>[\/vc_column_text][vc_column_text]Cet appui-t\u00eate r\u00e9glable offre un contact suppl\u00e9mentaire au niveau du lobe temporal, assurant une meilleure position de la t\u00eate dans le cas d\u2019une flexion lat\u00e9rale et diminuant ainsi l\u2019accentuation d\u2019une obliquit\u00e9 posturale g\u00e9n\u00e9ralis\u00e9e. Il est fabriqu\u00e9 d\u2019une mousse de confort Sunmate mou. Vous pourrez compl\u00e9ter l\u2019installation par l\u2019ajout d\u2019un bandeau frontal L\u2019appui-t\u00eate est rev\u00eatu d\u2019une housse de N\u00e9opr\u00e8ne imperm\u00e9able.[\/vc_column_text][\/vc_column][\/vc_row][vc_row id_attribute=&#8221;video&#8221; el_class=&#8221;btn-file-group&#8221;][vc_column][vc_column_text]<\/p>\n<h2>Documentations<\/h2>\n<p>[\/vc_column_text]<a href=\"https:\/\/www.physipro.com\/wp-content\/uploads\/Manuel_Utilisation_Appui-tete-a-prolongements_2022-v2.pdf\" target=\"_blank\"class=\"btn btn-default btn-lg\"><i class=\"fa fa- fa-lg\"><\/i> <span>Manuel d'utilisation<\/span><\/a><a href=\"https:\/\/www.physipro.com\/wp-content\/uploads\/2015\/04\/BDC-2026-Appui-tete-Supports-clic-1.pdf\" target=\"_blank\"class=\"btn btn-default btn-lg\"><i class=\"fa fa-file-pdf-o fa-lg\"><\/i> <span>Bon de commande<\/span><\/a>[\/vc_column][\/vc_row]<\/p>\n<\/div>","protected":false},"excerpt":{"rendered":"<p>[vc_row full_width=&#8221;stretch_row_content&#8221; el_class=&#8221;btn-group-anchor&#8221;][vc_column][\/vc_column][\/vc_row][vc_row][vc_column width=&#8221;1\/2&#8243;][vc_single_image image=&#8221;10236&#8243; alignment=&#8221;center&#8221;][\/vc_column][vc_column width=&#8221;1\/2&#8243;][vc_column_text] Appui-t\u00eate \u00e0 prolongement lat\u00e9ral r\u00e9glable [\/vc_column_text][vc_column_text]Cet appui-t\u00eate r\u00e9glable offre un contact suppl\u00e9mentaire au niveau du lobe temporal, assurant une meilleure position de la t\u00eate dans le cas d\u2019une flexion lat\u00e9rale et diminuant ainsi l\u2019accentuation d\u2019une obliquit\u00e9 posturale g\u00e9n\u00e9ralis\u00e9e. Il est fabriqu\u00e9 d\u2019une mousse&#8230;<\/p>\n <p><a class=\"read-more btn btn-primary btn-lg\" href=\"https:\/\/www.physipro.com\/fr\/produit\/appui-tete-lateraux-reglables\/\">Lire la suite<\/a><\/p>","protected":false},"featured_media":22628,"comment_status":"open","ping_status":"closed","template":"","meta":{"_acf_changed":false},"product_cat":[47],"product_tag":[],"class_list":{"0":"post-2711","1":"product","2":"type-product","3":"status-publish","4":"has-post-thumbnail","6":"product_cat-positionnement-appui-tete-fr","8":"first","9":"instock","10":"shipping-taxable","11":"product-type-simple"},"acf":[],"yoast_head":"<!-- This site is optimized with the Yoast SEO plugin v22.3 - https:\/\/yoast.com\/wordpress\/plugins\/seo\/ -->\n<title>Appui-t\u00eate \u00e0 prolongement lat\u00e9ral r\u00e9glable - Physipro inc.<\/title>\n<meta name=\"robots\" content=\"index, follow, max-snippet:-1, max-image-preview:large, max-video-preview:-1\" \/>\n<link rel=\"canonical\" href=\"https:\/\/www.physipro.com\/fr\/product\/appui-tete-lateraux-reglables\/\" \/>\n<meta property=\"og:locale\" content=\"fr_FR\" \/>\n<meta property=\"og:type\" content=\"article\" \/>\n<meta property=\"og:title\" content=\"Appui-t\u00eate \u00e0 prolongement lat\u00e9ral r\u00e9glable - Physipro inc.\" \/>\n<meta property=\"og:description\" content=\"[vc_row full_width=&#8221;stretch_row_content&#8221; el_class=&#8221;btn-group-anchor&#8221;][vc_column][\/vc_column][\/vc_row][vc_row][vc_column width=&#8221;1\/2&#8243;][vc_single_image image=&#8221;10236&#8243; alignment=&#8221;center&#8221;][\/vc_column][vc_column width=&#8221;1\/2&#8243;][vc_column_text] Appui-t\u00eate \u00e0 prolongement lat\u00e9ral r\u00e9glable [\/vc_column_text][vc_column_text]Cet appui-t\u00eate r\u00e9glable offre un contact suppl\u00e9mentaire au niveau du lobe temporal, assurant une meilleure position de la t\u00eate dans le cas d\u2019une flexion lat\u00e9rale et diminuant ainsi l\u2019accentuation d\u2019une obliquit\u00e9 posturale g\u00e9n\u00e9ralis\u00e9e. Il est fabriqu\u00e9 d\u2019une mousse...\" \/>\n<meta property=\"og:url\" content=\"https:\/\/www.physipro.com\/fr\/product\/appui-tete-lateraux-reglables\/\" \/>\n<meta property=\"og:site_name\" content=\"Physipro inc.\" \/>\n<meta property=\"article:modified_time\" content=\"2021-05-21T15:24:48+00:00\" \/>\n<meta property=\"og:image\" content=\"https:\/\/www.physipro.com\/wp-content\/uploads\/APPUI-TETE_prolongement_lateral_r\u00e9glable_600x600.png\" \/>\n\t<meta property=\"og:image:width\" content=\"600\" \/>\n\t<meta property=\"og:image:height\" content=\"600\" \/>\n\t<meta property=\"og:image:type\" content=\"image\/png\" \/>\n<meta name=\"twitter:label1\" content=\"Dur\u00e9e de lecture estim\u00e9e\" \/>\n\t<meta name=\"twitter:data1\" content=\"1 minute\" \/>\n<script type=\"application\/ld+json\" class=\"yoast-schema-graph\">{\"@context\":\"https:\/\/schema.org\",\"@graph\":[{\"@type\":\"WebPage\",\"@id\":\"https:\/\/www.physipro.com\/fr\/product\/appui-tete-lateraux-reglables\/\",\"url\":\"https:\/\/www.physipro.com\/fr\/product\/appui-tete-lateraux-reglables\/\",\"name\":\"Appui-t\u00eate \u00e0 prolongement lat\u00e9ral r\u00e9glable - Physipro inc.\",\"isPartOf\":{\"@id\":\"https:\/\/www.physipro.com\/#website\"},\"primaryImageOfPage\":{\"@id\":\"https:\/\/www.physipro.com\/fr\/product\/appui-tete-lateraux-reglables\/#primaryimage\"},\"image\":{\"@id\":\"https:\/\/www.physipro.com\/fr\/product\/appui-tete-lateraux-reglables\/#primaryimage\"},\"thumbnailUrl\":\"https:\/\/www.physipro.com\/wp-content\/uploads\/APPUI-TETE_prolongement_lateral_r\u00e9glable_600x600.png\",\"datePublished\":\"2015-03-13T15:18:44+00:00\",\"dateModified\":\"2021-05-21T15:24:48+00:00\",\"breadcrumb\":{\"@id\":\"https:\/\/www.physipro.com\/fr\/product\/appui-tete-lateraux-reglables\/#breadcrumb\"},\"inLanguage\":\"fr-FR\",\"potentialAction\":[{\"@type\":\"ReadAction\",\"target\":[\"https:\/\/www.physipro.com\/fr\/product\/appui-tete-lateraux-reglables\/\"]}]},{\"@type\":\"ImageObject\",\"inLanguage\":\"fr-FR\",\"@id\":\"https:\/\/www.physipro.com\/fr\/product\/appui-tete-lateraux-reglables\/#primaryimage\",\"url\":\"https:\/\/www.physipro.com\/wp-content\/uploads\/APPUI-TETE_prolongement_lateral_r\u00e9glable_600x600.png\",\"contentUrl\":\"https:\/\/www.physipro.com\/wp-content\/uploads\/APPUI-TETE_prolongement_lateral_r\u00e9glable_600x600.png\",\"width\":600,\"height\":600},{\"@type\":\"BreadcrumbList\",\"@id\":\"https:\/\/www.physipro.com\/fr\/product\/appui-tete-lateraux-reglables\/#breadcrumb\",\"itemListElement\":[{\"@type\":\"ListItem\",\"position\":1,\"name\":\"Accueil\",\"item\":\"https:\/\/www.physipro.com\/fr\/\"},{\"@type\":\"ListItem\",\"position\":2,\"name\":\"Boutique\",\"item\":\"https:\/\/www.physipro.com\/fr\/boutique\/\"},{\"@type\":\"ListItem\",\"position\":3,\"name\":\"Appui-t\u00eate \u00e0 prolongement lat\u00e9ral r\u00e9glable\"}]},{\"@type\":\"WebSite\",\"@id\":\"https:\/\/www.physipro.com\/#website\",\"url\":\"https:\/\/www.physipro.com\/\",\"name\":\"Physipro inc.\",\"description\":\"Un site utilisant WordPress\",\"potentialAction\":[{\"@type\":\"SearchAction\",\"target\":{\"@type\":\"EntryPoint\",\"urlTemplate\":\"https:\/\/www.physipro.com\/?s={search_term_string}\"},\"query-input\":\"required name=search_term_string\"}],\"inLanguage\":\"fr-FR\"}]}<\/script>\n<!-- \/ Yoast SEO plugin. -->","yoast_head_json":{"title":"Appui-t\u00eate \u00e0 prolongement lat\u00e9ral r\u00e9glable - Physipro inc.","robots":{"index":"index","follow":"follow","max-snippet":"max-snippet:-1","max-image-preview":"max-image-preview:large","max-video-preview":"max-video-preview:-1"},"canonical":"https:\/\/www.physipro.com\/fr\/product\/appui-tete-lateraux-reglables\/","og_locale":"fr_FR","og_type":"article","og_title":"Appui-t\u00eate \u00e0 prolongement lat\u00e9ral r\u00e9glable - Physipro inc.","og_description":"[vc_row full_width=&#8221;stretch_row_content&#8221; el_class=&#8221;btn-group-anchor&#8221;][vc_column][\/vc_column][\/vc_row][vc_row][vc_column width=&#8221;1\/2&#8243;][vc_single_image image=&#8221;10236&#8243; alignment=&#8221;center&#8221;][\/vc_column][vc_column width=&#8221;1\/2&#8243;][vc_column_text] Appui-t\u00eate \u00e0 prolongement lat\u00e9ral r\u00e9glable [\/vc_column_text][vc_column_text]Cet appui-t\u00eate r\u00e9glable offre un contact suppl\u00e9mentaire au niveau du lobe temporal, assurant une meilleure position de la t\u00eate dans le cas d\u2019une flexion lat\u00e9rale et diminuant ainsi l\u2019accentuation d\u2019une obliquit\u00e9 posturale g\u00e9n\u00e9ralis\u00e9e. Il est fabriqu\u00e9 d\u2019une mousse...","og_url":"https:\/\/www.physipro.com\/fr\/product\/appui-tete-lateraux-reglables\/","og_site_name":"Physipro inc.","article_modified_time":"2021-05-21T15:24:48+00:00","og_image":[{"width":600,"height":600,"url":"https:\/\/www.physipro.com\/wp-content\/uploads\/APPUI-TETE_prolongement_lateral_r\u00e9glable_600x600.png","type":"image\/png"}],"twitter_misc":{"Dur\u00e9e de lecture estim\u00e9e":"1 minute"},"schema":{"@context":"https:\/\/schema.org","@graph":[{"@type":"WebPage","@id":"https:\/\/www.physipro.com\/fr\/product\/appui-tete-lateraux-reglables\/","url":"https:\/\/www.physipro.com\/fr\/product\/appui-tete-lateraux-reglables\/","name":"Appui-t\u00eate \u00e0 prolongement lat\u00e9ral r\u00e9glable - Physipro inc.","isPartOf":{"@id":"https:\/\/www.physipro.com\/#website"},"primaryImageOfPage":{"@id":"https:\/\/www.physipro.com\/fr\/product\/appui-tete-lateraux-reglables\/#primaryimage"},"image":{"@id":"https:\/\/www.physipro.com\/fr\/product\/appui-tete-lateraux-reglables\/#primaryimage"},"thumbnailUrl":"https:\/\/www.physipro.com\/wp-content\/uploads\/APPUI-TETE_prolongement_lateral_r\u00e9glable_600x600.png","datePublished":"2015-03-13T15:18:44+00:00","dateModified":"2021-05-21T15:24:48+00:00","breadcrumb":{"@id":"https:\/\/www.physipro.com\/fr\/product\/appui-tete-lateraux-reglables\/#breadcrumb"},"inLanguage":"fr-FR","potentialAction":[{"@type":"ReadAction","target":["https:\/\/www.physipro.com\/fr\/product\/appui-tete-lateraux-reglables\/"]}]},{"@type":"ImageObject","inLanguage":"fr-FR","@id":"https:\/\/www.physipro.com\/fr\/product\/appui-tete-lateraux-reglables\/#primaryimage","url":"https:\/\/www.physipro.com\/wp-content\/uploads\/APPUI-TETE_prolongement_lateral_r\u00e9glable_600x600.png","contentUrl":"https:\/\/www.physipro.com\/wp-content\/uploads\/APPUI-TETE_prolongement_lateral_r\u00e9glable_600x600.png","width":600,"height":600},{"@type":"BreadcrumbList","@id":"https:\/\/www.physipro.com\/fr\/product\/appui-tete-lateraux-reglables\/#breadcrumb","itemListElement":[{"@type":"ListItem","position":1,"name":"Accueil","item":"https:\/\/www.physipro.com\/fr\/"},{"@type":"ListItem","position":2,"name":"Boutique","item":"https:\/\/www.physipro.com\/fr\/boutique\/"},{"@type":"ListItem","position":3,"name":"Appui-t\u00eate \u00e0 prolongement lat\u00e9ral r\u00e9glable"}]},{"@type":"WebSite","@id":"https:\/\/www.physipro.com\/#website","url":"https:\/\/www.physipro.com\/","name":"Physipro inc.","description":"Un site utilisant WordPress","potentialAction":[{"@type":"SearchAction","target":{"@type":"EntryPoint","urlTemplate":"https:\/\/www.physipro.com\/?s={search_term_string}"},"query-input":"required name=search_term_string"}],"inLanguage":"fr-FR"}]}},"_links":{"self":[{"href":"https:\/\/www.physipro.com\/fr\/wp-json\/wp\/v2\/product\/2711","targetHints":{"allow":["GET"]}}],"collection":[{"href":"https:\/\/www.physipro.com\/fr\/wp-json\/wp\/v2\/product"}],"about":[{"href":"https:\/\/www.physipro.com\/fr\/wp-json\/wp\/v2\/types\/product"}],"replies":[{"embeddable":true,"href":"https:\/\/www.physipro.com\/fr\/wp-json\/wp\/v2\/comments?post=2711"}],"wp:featuredmedia":[{"embeddable":true,"href":"https:\/\/www.physipro.com\/fr\/wp-json\/wp\/v2\/media\/22628"}],"wp:attachment":[{"href":"https:\/\/www.physipro.com\/fr\/wp-json\/wp\/v2\/media?parent=2711"}],"wp:term":[{"taxonomy":"product_cat","embeddable":true,"href":"https:\/\/www.physipro.com\/fr\/wp-json\/wp\/v2\/product_cat?post=2711"},{"taxonomy":"product_tag","embeddable":true,"href":"https:\/\/www.physipro.com\/fr\/wp-json\/wp\/v2\/product_tag?post=2711"}],"curies":[{"name":"wp","href":"https:\/\/api.w.org\/{rel}","templated":true}]}}