{"id":2924,"date":"2015-03-16T12:10:50","date_gmt":"2015-03-16T12:13:21","guid":{"rendered":"https:\/\/www.physipro.com\/?post_type=product&#038;p=2924"},"modified":"2022-03-14T17:28:32","modified_gmt":"2022-03-14T17:28:32","slug":"stabilisateur-simple-aux-genoux-2","status":"publish","type":"product","link":"https:\/\/www.physipro.com\/fr\/produit\/stabilisateur-simple-aux-genoux-2\/","title":{"rendered":"Stabilisateur simple aux genoux"},"content":{"rendered":"<div class=\"wpb-content-wrapper\"><p>[vc_row css=&#8221;.vc_custom_1426507785579{padding-top: 100px !important;}&#8221;][vc_column width=&#8221;1\/2&#8243;][vc_gallery interval=&#8221;3&#8243; images=&#8221;10594,10599,10604&#8243; img_size=&#8221;full&#8221;][\/vc_column][vc_column width=&#8221;1\/2&#8243;][vc_column_text]<\/p>\n<h2>Stabilisateur simple aux genoux<\/h2>\n<p>[\/vc_column_text][vc_column_text]Ce syst\u00e8me offre un support et une stabilit\u00e9 accrus au niveau du genou, contr\u00f4lant ainsi les\u00a0glissements du bassin. Le m\u00e9canisme d\u2019ancrage s\u2019installe tr\u00e8s facilement sur le tube sup\u00e9rieur des appuis-pieds\u00a0escamotables. Gr\u00e2ce \u00e0 son syst\u00e8me muni de blocs de serrage, il est facile d\u2019ajuster les but\u00e9es selon le besoin. Lors de l\u2019ouverture et la fermeture de l\u2019appui-pied, le syst\u00e8me suivra le mouvement sans se d\u00e9r\u00e9gler.<\/p>\n<p>La courroie d\u2019appui-mollet s\u2019installe sur les tubes d\u2019appuis-pieds. Elle permet de soutenir les membres inf\u00e9rieurs lors d\u2019une mise en bascule. La courroie est disponible en version simple ou double.[\/vc_column_text][\/vc_column][\/vc_row][vc_row el_class=&#8221;btn-file-group&#8221; id_attribute=&#8221;video&#8221;][vc_column][vc_column_text]<\/p>\n<h2>Documentations<\/h2>\n<p>[\/vc_column_text]<a href=\"https:\/\/www.physipro.com\/wp-content\/uploads\/Manuel_Utilisation_Stabilisateur_simple_au_genou.pdf\" target=\"_blank\"class=\"btn btn-default btn-lg\"><i class=\"fa fa- fa-lg\"><\/i> <span>Manuel d'utilisation<\/span><\/a><a href=\"\/wp-content\/uploads\/BDC-2026-Stabilisateurs-membres-inferieurs-clic.pdf\" target=\"_blank\"class=\"btn btn-default btn-lg\"><i class=\"fa fa- fa-lg\"><\/i> <span>Bon de commande<\/span><\/a>[\/vc_column][\/vc_row]<\/p>\n<\/div>","protected":false},"excerpt":{"rendered":"<p>[vc_row css=&#8221;.vc_custom_1426507785579{padding-top: 100px !important;}&#8221;][vc_column width=&#8221;1\/2&#8243;][vc_gallery interval=&#8221;3&#8243; images=&#8221;10594,10599,10604&#8243; img_size=&#8221;full&#8221;][\/vc_column][vc_column width=&#8221;1\/2&#8243;][vc_column_text] Stabilisateur simple aux genoux [\/vc_column_text][vc_column_text]Ce syst\u00e8me offre un support et une stabilit\u00e9 accrus au niveau du genou, contr\u00f4lant ainsi les\u00a0glissements du bassin. Le m\u00e9canisme d\u2019ancrage s\u2019installe tr\u00e8s facilement sur le tube sup\u00e9rieur des appuis-pieds\u00a0escamotables. Gr\u00e2ce \u00e0 son syst\u00e8me muni de blocs&#8230;<\/p>\n <p><a class=\"read-more btn btn-primary btn-lg\" href=\"https:\/\/www.physipro.com\/fr\/produit\/stabilisateur-simple-aux-genoux-2\/\">Lire la suite<\/a><\/p>","protected":false},"featured_media":22608,"comment_status":"open","ping_status":"closed","template":"","meta":{"_acf_changed":false},"product_cat":[48],"product_tag":[],"class_list":{"0":"post-2924","1":"product","2":"type-product","3":"status-publish","4":"has-post-thumbnail","6":"product_cat-membres-inferieurs-fr","8":"first","9":"instock","10":"shipping-taxable","11":"product-type-simple"},"acf":[],"yoast_head":"<!-- This site is optimized with the Yoast SEO plugin v22.3 - https:\/\/yoast.com\/wordpress\/plugins\/seo\/ -->\n<title>Stabilisateur simple aux genoux - Physipro inc.<\/title>\n<meta name=\"robots\" content=\"index, follow, max-snippet:-1, max-image-preview:large, max-video-preview:-1\" \/>\n<link rel=\"canonical\" href=\"https:\/\/www.physipro.com\/fr\/produit\/stabilisateur-simple-aux-genoux-2\/\" \/>\n<meta property=\"og:locale\" content=\"fr_FR\" \/>\n<meta property=\"og:type\" content=\"article\" \/>\n<meta property=\"og:title\" content=\"Stabilisateur simple aux genoux - Physipro inc.\" \/>\n<meta property=\"og:description\" content=\"[vc_row css=&#8221;.vc_custom_1426507785579{padding-top: 100px !important;}&#8221;][vc_column width=&#8221;1\/2&#8243;][vc_gallery interval=&#8221;3&#8243; images=&#8221;10594,10599,10604&#8243; img_size=&#8221;full&#8221;][\/vc_column][vc_column width=&#8221;1\/2&#8243;][vc_column_text] Stabilisateur simple aux genoux [\/vc_column_text][vc_column_text]Ce syst\u00e8me offre un support et une stabilit\u00e9 accrus au niveau du genou, contr\u00f4lant ainsi les\u00a0glissements du bassin. Le m\u00e9canisme d\u2019ancrage s\u2019installe tr\u00e8s facilement sur le tube sup\u00e9rieur des appuis-pieds\u00a0escamotables. Gr\u00e2ce \u00e0 son syst\u00e8me muni de blocs...\" \/>\n<meta property=\"og:url\" content=\"https:\/\/www.physipro.com\/fr\/produit\/stabilisateur-simple-aux-genoux-2\/\" \/>\n<meta property=\"og:site_name\" content=\"Physipro inc.\" \/>\n<meta property=\"article:modified_time\" content=\"2022-03-14T17:28:32+00:00\" \/>\n<meta property=\"og:image\" content=\"https:\/\/www.physipro.com\/wp-content\/uploads\/stabilisateur-simple_600x600.png\" \/>\n\t<meta property=\"og:image:width\" content=\"600\" \/>\n\t<meta property=\"og:image:height\" content=\"600\" \/>\n\t<meta property=\"og:image:type\" content=\"image\/png\" \/>\n<meta name=\"twitter:label1\" content=\"Dur\u00e9e de lecture estim\u00e9e\" \/>\n\t<meta name=\"twitter:data1\" content=\"1 minute\" \/>\n<script type=\"application\/ld+json\" class=\"yoast-schema-graph\">{\"@context\":\"https:\/\/schema.org\",\"@graph\":[{\"@type\":\"WebPage\",\"@id\":\"https:\/\/www.physipro.com\/fr\/produit\/stabilisateur-simple-aux-genoux-2\/\",\"url\":\"https:\/\/www.physipro.com\/fr\/produit\/stabilisateur-simple-aux-genoux-2\/\",\"name\":\"Stabilisateur simple aux genoux - Physipro inc.\",\"isPartOf\":{\"@id\":\"https:\/\/www.physipro.com\/#website\"},\"primaryImageOfPage\":{\"@id\":\"https:\/\/www.physipro.com\/fr\/produit\/stabilisateur-simple-aux-genoux-2\/#primaryimage\"},\"image\":{\"@id\":\"https:\/\/www.physipro.com\/fr\/produit\/stabilisateur-simple-aux-genoux-2\/#primaryimage\"},\"thumbnailUrl\":\"https:\/\/www.physipro.com\/wp-content\/uploads\/stabilisateur-simple_600x600.png\",\"datePublished\":\"2015-03-16T12:13:21+00:00\",\"dateModified\":\"2022-03-14T17:28:32+00:00\",\"breadcrumb\":{\"@id\":\"https:\/\/www.physipro.com\/fr\/produit\/stabilisateur-simple-aux-genoux-2\/#breadcrumb\"},\"inLanguage\":\"fr-FR\",\"potentialAction\":[{\"@type\":\"ReadAction\",\"target\":[\"https:\/\/www.physipro.com\/fr\/produit\/stabilisateur-simple-aux-genoux-2\/\"]}]},{\"@type\":\"ImageObject\",\"inLanguage\":\"fr-FR\",\"@id\":\"https:\/\/www.physipro.com\/fr\/produit\/stabilisateur-simple-aux-genoux-2\/#primaryimage\",\"url\":\"https:\/\/www.physipro.com\/wp-content\/uploads\/stabilisateur-simple_600x600.png\",\"contentUrl\":\"https:\/\/www.physipro.com\/wp-content\/uploads\/stabilisateur-simple_600x600.png\",\"width\":600,\"height\":600},{\"@type\":\"BreadcrumbList\",\"@id\":\"https:\/\/www.physipro.com\/fr\/produit\/stabilisateur-simple-aux-genoux-2\/#breadcrumb\",\"itemListElement\":[{\"@type\":\"ListItem\",\"position\":1,\"name\":\"Accueil\",\"item\":\"https:\/\/www.physipro.com\/fr\/\"},{\"@type\":\"ListItem\",\"position\":2,\"name\":\"Boutique\",\"item\":\"https:\/\/www.physipro.com\/fr\/boutique\/\"},{\"@type\":\"ListItem\",\"position\":3,\"name\":\"Stabilisateur simple aux genoux\"}]},{\"@type\":\"WebSite\",\"@id\":\"https:\/\/www.physipro.com\/#website\",\"url\":\"https:\/\/www.physipro.com\/\",\"name\":\"Physipro inc.\",\"description\":\"Un site utilisant WordPress\",\"potentialAction\":[{\"@type\":\"SearchAction\",\"target\":{\"@type\":\"EntryPoint\",\"urlTemplate\":\"https:\/\/www.physipro.com\/?s={search_term_string}\"},\"query-input\":\"required name=search_term_string\"}],\"inLanguage\":\"fr-FR\"}]}<\/script>\n<!-- \/ Yoast SEO plugin. -->","yoast_head_json":{"title":"Stabilisateur simple aux genoux - Physipro inc.","robots":{"index":"index","follow":"follow","max-snippet":"max-snippet:-1","max-image-preview":"max-image-preview:large","max-video-preview":"max-video-preview:-1"},"canonical":"https:\/\/www.physipro.com\/fr\/produit\/stabilisateur-simple-aux-genoux-2\/","og_locale":"fr_FR","og_type":"article","og_title":"Stabilisateur simple aux genoux - Physipro inc.","og_description":"[vc_row css=&#8221;.vc_custom_1426507785579{padding-top: 100px !important;}&#8221;][vc_column width=&#8221;1\/2&#8243;][vc_gallery interval=&#8221;3&#8243; images=&#8221;10594,10599,10604&#8243; img_size=&#8221;full&#8221;][\/vc_column][vc_column width=&#8221;1\/2&#8243;][vc_column_text] Stabilisateur simple aux genoux [\/vc_column_text][vc_column_text]Ce syst\u00e8me offre un support et une stabilit\u00e9 accrus au niveau du genou, contr\u00f4lant ainsi les\u00a0glissements du bassin. Le m\u00e9canisme d\u2019ancrage s\u2019installe tr\u00e8s facilement sur le tube sup\u00e9rieur des appuis-pieds\u00a0escamotables. Gr\u00e2ce \u00e0 son syst\u00e8me muni de blocs...","og_url":"https:\/\/www.physipro.com\/fr\/produit\/stabilisateur-simple-aux-genoux-2\/","og_site_name":"Physipro inc.","article_modified_time":"2022-03-14T17:28:32+00:00","og_image":[{"width":600,"height":600,"url":"https:\/\/www.physipro.com\/wp-content\/uploads\/stabilisateur-simple_600x600.png","type":"image\/png"}],"twitter_misc":{"Dur\u00e9e de lecture estim\u00e9e":"1 minute"},"schema":{"@context":"https:\/\/schema.org","@graph":[{"@type":"WebPage","@id":"https:\/\/www.physipro.com\/fr\/produit\/stabilisateur-simple-aux-genoux-2\/","url":"https:\/\/www.physipro.com\/fr\/produit\/stabilisateur-simple-aux-genoux-2\/","name":"Stabilisateur simple aux genoux - Physipro inc.","isPartOf":{"@id":"https:\/\/www.physipro.com\/#website"},"primaryImageOfPage":{"@id":"https:\/\/www.physipro.com\/fr\/produit\/stabilisateur-simple-aux-genoux-2\/#primaryimage"},"image":{"@id":"https:\/\/www.physipro.com\/fr\/produit\/stabilisateur-simple-aux-genoux-2\/#primaryimage"},"thumbnailUrl":"https:\/\/www.physipro.com\/wp-content\/uploads\/stabilisateur-simple_600x600.png","datePublished":"2015-03-16T12:13:21+00:00","dateModified":"2022-03-14T17:28:32+00:00","breadcrumb":{"@id":"https:\/\/www.physipro.com\/fr\/produit\/stabilisateur-simple-aux-genoux-2\/#breadcrumb"},"inLanguage":"fr-FR","potentialAction":[{"@type":"ReadAction","target":["https:\/\/www.physipro.com\/fr\/produit\/stabilisateur-simple-aux-genoux-2\/"]}]},{"@type":"ImageObject","inLanguage":"fr-FR","@id":"https:\/\/www.physipro.com\/fr\/produit\/stabilisateur-simple-aux-genoux-2\/#primaryimage","url":"https:\/\/www.physipro.com\/wp-content\/uploads\/stabilisateur-simple_600x600.png","contentUrl":"https:\/\/www.physipro.com\/wp-content\/uploads\/stabilisateur-simple_600x600.png","width":600,"height":600},{"@type":"BreadcrumbList","@id":"https:\/\/www.physipro.com\/fr\/produit\/stabilisateur-simple-aux-genoux-2\/#breadcrumb","itemListElement":[{"@type":"ListItem","position":1,"name":"Accueil","item":"https:\/\/www.physipro.com\/fr\/"},{"@type":"ListItem","position":2,"name":"Boutique","item":"https:\/\/www.physipro.com\/fr\/boutique\/"},{"@type":"ListItem","position":3,"name":"Stabilisateur simple aux genoux"}]},{"@type":"WebSite","@id":"https:\/\/www.physipro.com\/#website","url":"https:\/\/www.physipro.com\/","name":"Physipro inc.","description":"Un site utilisant WordPress","potentialAction":[{"@type":"SearchAction","target":{"@type":"EntryPoint","urlTemplate":"https:\/\/www.physipro.com\/?s={search_term_string}"},"query-input":"required name=search_term_string"}],"inLanguage":"fr-FR"}]}},"_links":{"self":[{"href":"https:\/\/www.physipro.com\/fr\/wp-json\/wp\/v2\/product\/2924","targetHints":{"allow":["GET"]}}],"collection":[{"href":"https:\/\/www.physipro.com\/fr\/wp-json\/wp\/v2\/product"}],"about":[{"href":"https:\/\/www.physipro.com\/fr\/wp-json\/wp\/v2\/types\/product"}],"replies":[{"embeddable":true,"href":"https:\/\/www.physipro.com\/fr\/wp-json\/wp\/v2\/comments?post=2924"}],"wp:featuredmedia":[{"embeddable":true,"href":"https:\/\/www.physipro.com\/fr\/wp-json\/wp\/v2\/media\/22608"}],"wp:attachment":[{"href":"https:\/\/www.physipro.com\/fr\/wp-json\/wp\/v2\/media?parent=2924"}],"wp:term":[{"taxonomy":"product_cat","embeddable":true,"href":"https:\/\/www.physipro.com\/fr\/wp-json\/wp\/v2\/product_cat?post=2924"},{"taxonomy":"product_tag","embeddable":true,"href":"https:\/\/www.physipro.com\/fr\/wp-json\/wp\/v2\/product_tag?post=2924"}],"curies":[{"name":"wp","href":"https:\/\/api.w.org\/{rel}","templated":true}]}}