{"id":2967,"date":"2015-03-16T13:15:45","date_gmt":"2015-03-16T13:17:06","guid":{"rendered":"https:\/\/www.physipro.com\/?post_type=product&#038;p=2967"},"modified":"2022-03-14T16:07:15","modified_gmt":"2022-03-14T16:07:15","slug":"contour-correcteur-souple-2","status":"publish","type":"product","link":"https:\/\/www.physipro.com\/fr\/produit\/contour-correcteur-souple-2\/","title":{"rendered":"Contour correcteur souple"},"content":{"rendered":"<div class=\"wpb-content-wrapper\"><p>[vc_row css=&#8221;.vc_custom_1426511656203{padding-top: 100px !important;}&#8221;][vc_column width=&#8221;1\/2&#8243;][vc_gallery interval=&#8221;3&#8243; images=&#8221;10627,10800&#8243; img_size=&#8221;full&#8221;][\/vc_column][vc_column width=&#8221;1\/2&#8243;][vc_column_text]<\/p>\n<h2>Contour correcteur souple<\/h2>\n<p>[\/vc_column_text][vc_column_text]Utilis\u00e9 dans les cas de spasticit\u00e9, le contour correcteur souple est disponible en deux formats et s\u2019ajuste \u00e0 toutes les pointures gr\u00e2ce aux r\u00e9glages des courroies.\u00a0Fait en N\u00e9opr\u00e8ne, il englobe confortablement le pied tout en respectant ses flexions. Il s\u2019installe sur la palette d\u2019appui-pieds par des rainures lat\u00e9rales qui permettent des r\u00e9glages en profondeur.[\/vc_column_text][\/vc_column][\/vc_row][vc_row el_class=&#8221;btn-file-group&#8221; id_attribute=&#8221;video&#8221;][vc_column][vc_column_text]<\/p>\n<h2>Documentations<\/h2>\n<p>[\/vc_column_text]<a href=\"https:\/\/www.physipro.com\/wp-content\/uploads\/Manuel_Utilisation_Contour_correcteur_souple.pdf\" target=\"_blank\"class=\"btn btn-default btn-lg\"><i class=\"fa fa- fa-lg\"><\/i> <span>Manuel d'utilisation<\/span><\/a><a href=\"\/wp-content\/uploads\/BDC-2026-Stabilisateurs-membres-inferieurs-clic.pdf\" target=\"_blank\"class=\"btn btn-default btn-lg\"><i class=\"fa fa- fa-lg\"><\/i> <span>Bon de commande<\/span><\/a>[\/vc_column][\/vc_row]<\/p>\n<\/div>","protected":false},"excerpt":{"rendered":"<p>[vc_row css=&#8221;.vc_custom_1426511656203{padding-top: 100px !important;}&#8221;][vc_column width=&#8221;1\/2&#8243;][vc_gallery interval=&#8221;3&#8243; images=&#8221;10627,10800&#8243; img_size=&#8221;full&#8221;][\/vc_column][vc_column width=&#8221;1\/2&#8243;][vc_column_text] Contour correcteur souple [\/vc_column_text][vc_column_text]Utilis\u00e9 dans les cas de spasticit\u00e9, le contour correcteur souple est disponible en deux formats et s\u2019ajuste \u00e0 toutes les pointures gr\u00e2ce aux r\u00e9glages des courroies.\u00a0Fait en N\u00e9opr\u00e8ne, il englobe confortablement le pied tout en respectant ses flexions&#8230;.<\/p>\n <p><a class=\"read-more btn btn-primary btn-lg\" href=\"https:\/\/www.physipro.com\/fr\/produit\/contour-correcteur-souple-2\/\">Lire la suite<\/a><\/p>","protected":false},"featured_media":2964,"comment_status":"open","ping_status":"closed","template":"","meta":{"_acf_changed":false},"product_cat":[48],"product_tag":[],"class_list":{"0":"post-2967","1":"product","2":"type-product","3":"status-publish","4":"has-post-thumbnail","6":"product_cat-membres-inferieurs-fr","8":"first","9":"instock","10":"shipping-taxable","11":"product-type-simple"},"acf":[],"yoast_head":"<!-- This site is optimized with the Yoast SEO plugin v22.3 - https:\/\/yoast.com\/wordpress\/plugins\/seo\/ -->\n<title>Contour correcteur souple - Physipro inc.<\/title>\n<meta name=\"robots\" content=\"index, follow, max-snippet:-1, max-image-preview:large, max-video-preview:-1\" \/>\n<link rel=\"canonical\" href=\"https:\/\/www.physipro.com\/fr\/produit\/contour-correcteur-souple-2\/\" \/>\n<meta property=\"og:locale\" content=\"fr_FR\" \/>\n<meta property=\"og:type\" content=\"article\" \/>\n<meta property=\"og:title\" content=\"Contour correcteur souple - Physipro inc.\" \/>\n<meta property=\"og:description\" content=\"[vc_row css=&#8221;.vc_custom_1426511656203{padding-top: 100px !important;}&#8221;][vc_column width=&#8221;1\/2&#8243;][vc_gallery interval=&#8221;3&#8243; images=&#8221;10627,10800&#8243; img_size=&#8221;full&#8221;][\/vc_column][vc_column width=&#8221;1\/2&#8243;][vc_column_text] Contour correcteur souple [\/vc_column_text][vc_column_text]Utilis\u00e9 dans les cas de spasticit\u00e9, le contour correcteur souple est disponible en deux formats et s\u2019ajuste \u00e0 toutes les pointures gr\u00e2ce aux r\u00e9glages des courroies.\u00a0Fait en N\u00e9opr\u00e8ne, il englobe confortablement le pied tout en respectant ses flexions....\" \/>\n<meta property=\"og:url\" content=\"https:\/\/www.physipro.com\/fr\/produit\/contour-correcteur-souple-2\/\" \/>\n<meta property=\"og:site_name\" content=\"Physipro inc.\" \/>\n<meta property=\"article:modified_time\" content=\"2022-03-14T16:07:15+00:00\" \/>\n<meta property=\"og:image\" content=\"https:\/\/www.physipro.com\/wp-content\/uploads\/2015\/03\/CHEVILLIERE-A.png\" \/>\n\t<meta property=\"og:image:width\" content=\"400\" \/>\n\t<meta property=\"og:image:height\" content=\"346\" \/>\n\t<meta property=\"og:image:type\" content=\"image\/png\" \/>\n<meta name=\"twitter:label1\" content=\"Dur\u00e9e de lecture estim\u00e9e\" \/>\n\t<meta name=\"twitter:data1\" content=\"1 minute\" \/>\n<script type=\"application\/ld+json\" class=\"yoast-schema-graph\">{\"@context\":\"https:\/\/schema.org\",\"@graph\":[{\"@type\":\"WebPage\",\"@id\":\"https:\/\/www.physipro.com\/fr\/produit\/contour-correcteur-souple-2\/\",\"url\":\"https:\/\/www.physipro.com\/fr\/produit\/contour-correcteur-souple-2\/\",\"name\":\"Contour correcteur souple - Physipro inc.\",\"isPartOf\":{\"@id\":\"https:\/\/www.physipro.com\/#website\"},\"primaryImageOfPage\":{\"@id\":\"https:\/\/www.physipro.com\/fr\/produit\/contour-correcteur-souple-2\/#primaryimage\"},\"image\":{\"@id\":\"https:\/\/www.physipro.com\/fr\/produit\/contour-correcteur-souple-2\/#primaryimage\"},\"thumbnailUrl\":\"https:\/\/www.physipro.com\/wp-content\/uploads\/2015\/03\/CHEVILLIERE-A.png\",\"datePublished\":\"2015-03-16T13:17:06+00:00\",\"dateModified\":\"2022-03-14T16:07:15+00:00\",\"breadcrumb\":{\"@id\":\"https:\/\/www.physipro.com\/fr\/produit\/contour-correcteur-souple-2\/#breadcrumb\"},\"inLanguage\":\"fr-FR\",\"potentialAction\":[{\"@type\":\"ReadAction\",\"target\":[\"https:\/\/www.physipro.com\/fr\/produit\/contour-correcteur-souple-2\/\"]}]},{\"@type\":\"ImageObject\",\"inLanguage\":\"fr-FR\",\"@id\":\"https:\/\/www.physipro.com\/fr\/produit\/contour-correcteur-souple-2\/#primaryimage\",\"url\":\"https:\/\/www.physipro.com\/wp-content\/uploads\/2015\/03\/CHEVILLIERE-A.png\",\"contentUrl\":\"https:\/\/www.physipro.com\/wp-content\/uploads\/2015\/03\/CHEVILLIERE-A.png\",\"width\":400,\"height\":346},{\"@type\":\"BreadcrumbList\",\"@id\":\"https:\/\/www.physipro.com\/fr\/produit\/contour-correcteur-souple-2\/#breadcrumb\",\"itemListElement\":[{\"@type\":\"ListItem\",\"position\":1,\"name\":\"Accueil\",\"item\":\"https:\/\/www.physipro.com\/fr\/\"},{\"@type\":\"ListItem\",\"position\":2,\"name\":\"Boutique\",\"item\":\"https:\/\/www.physipro.com\/fr\/boutique\/\"},{\"@type\":\"ListItem\",\"position\":3,\"name\":\"Contour correcteur souple\"}]},{\"@type\":\"WebSite\",\"@id\":\"https:\/\/www.physipro.com\/#website\",\"url\":\"https:\/\/www.physipro.com\/\",\"name\":\"Physipro inc.\",\"description\":\"Un site utilisant WordPress\",\"potentialAction\":[{\"@type\":\"SearchAction\",\"target\":{\"@type\":\"EntryPoint\",\"urlTemplate\":\"https:\/\/www.physipro.com\/?s={search_term_string}\"},\"query-input\":\"required name=search_term_string\"}],\"inLanguage\":\"fr-FR\"}]}<\/script>\n<!-- \/ Yoast SEO plugin. -->","yoast_head_json":{"title":"Contour correcteur souple - Physipro inc.","robots":{"index":"index","follow":"follow","max-snippet":"max-snippet:-1","max-image-preview":"max-image-preview:large","max-video-preview":"max-video-preview:-1"},"canonical":"https:\/\/www.physipro.com\/fr\/produit\/contour-correcteur-souple-2\/","og_locale":"fr_FR","og_type":"article","og_title":"Contour correcteur souple - Physipro inc.","og_description":"[vc_row css=&#8221;.vc_custom_1426511656203{padding-top: 100px !important;}&#8221;][vc_column width=&#8221;1\/2&#8243;][vc_gallery interval=&#8221;3&#8243; images=&#8221;10627,10800&#8243; img_size=&#8221;full&#8221;][\/vc_column][vc_column width=&#8221;1\/2&#8243;][vc_column_text] Contour correcteur souple [\/vc_column_text][vc_column_text]Utilis\u00e9 dans les cas de spasticit\u00e9, le contour correcteur souple est disponible en deux formats et s\u2019ajuste \u00e0 toutes les pointures gr\u00e2ce aux r\u00e9glages des courroies.\u00a0Fait en N\u00e9opr\u00e8ne, il englobe confortablement le pied tout en respectant ses flexions....","og_url":"https:\/\/www.physipro.com\/fr\/produit\/contour-correcteur-souple-2\/","og_site_name":"Physipro inc.","article_modified_time":"2022-03-14T16:07:15+00:00","og_image":[{"width":400,"height":346,"url":"https:\/\/www.physipro.com\/wp-content\/uploads\/2015\/03\/CHEVILLIERE-A.png","type":"image\/png"}],"twitter_misc":{"Dur\u00e9e de lecture estim\u00e9e":"1 minute"},"schema":{"@context":"https:\/\/schema.org","@graph":[{"@type":"WebPage","@id":"https:\/\/www.physipro.com\/fr\/produit\/contour-correcteur-souple-2\/","url":"https:\/\/www.physipro.com\/fr\/produit\/contour-correcteur-souple-2\/","name":"Contour correcteur souple - Physipro inc.","isPartOf":{"@id":"https:\/\/www.physipro.com\/#website"},"primaryImageOfPage":{"@id":"https:\/\/www.physipro.com\/fr\/produit\/contour-correcteur-souple-2\/#primaryimage"},"image":{"@id":"https:\/\/www.physipro.com\/fr\/produit\/contour-correcteur-souple-2\/#primaryimage"},"thumbnailUrl":"https:\/\/www.physipro.com\/wp-content\/uploads\/2015\/03\/CHEVILLIERE-A.png","datePublished":"2015-03-16T13:17:06+00:00","dateModified":"2022-03-14T16:07:15+00:00","breadcrumb":{"@id":"https:\/\/www.physipro.com\/fr\/produit\/contour-correcteur-souple-2\/#breadcrumb"},"inLanguage":"fr-FR","potentialAction":[{"@type":"ReadAction","target":["https:\/\/www.physipro.com\/fr\/produit\/contour-correcteur-souple-2\/"]}]},{"@type":"ImageObject","inLanguage":"fr-FR","@id":"https:\/\/www.physipro.com\/fr\/produit\/contour-correcteur-souple-2\/#primaryimage","url":"https:\/\/www.physipro.com\/wp-content\/uploads\/2015\/03\/CHEVILLIERE-A.png","contentUrl":"https:\/\/www.physipro.com\/wp-content\/uploads\/2015\/03\/CHEVILLIERE-A.png","width":400,"height":346},{"@type":"BreadcrumbList","@id":"https:\/\/www.physipro.com\/fr\/produit\/contour-correcteur-souple-2\/#breadcrumb","itemListElement":[{"@type":"ListItem","position":1,"name":"Accueil","item":"https:\/\/www.physipro.com\/fr\/"},{"@type":"ListItem","position":2,"name":"Boutique","item":"https:\/\/www.physipro.com\/fr\/boutique\/"},{"@type":"ListItem","position":3,"name":"Contour correcteur souple"}]},{"@type":"WebSite","@id":"https:\/\/www.physipro.com\/#website","url":"https:\/\/www.physipro.com\/","name":"Physipro inc.","description":"Un site utilisant WordPress","potentialAction":[{"@type":"SearchAction","target":{"@type":"EntryPoint","urlTemplate":"https:\/\/www.physipro.com\/?s={search_term_string}"},"query-input":"required name=search_term_string"}],"inLanguage":"fr-FR"}]}},"_links":{"self":[{"href":"https:\/\/www.physipro.com\/fr\/wp-json\/wp\/v2\/product\/2967","targetHints":{"allow":["GET"]}}],"collection":[{"href":"https:\/\/www.physipro.com\/fr\/wp-json\/wp\/v2\/product"}],"about":[{"href":"https:\/\/www.physipro.com\/fr\/wp-json\/wp\/v2\/types\/product"}],"replies":[{"embeddable":true,"href":"https:\/\/www.physipro.com\/fr\/wp-json\/wp\/v2\/comments?post=2967"}],"wp:featuredmedia":[{"embeddable":true,"href":"https:\/\/www.physipro.com\/fr\/wp-json\/wp\/v2\/media\/2964"}],"wp:attachment":[{"href":"https:\/\/www.physipro.com\/fr\/wp-json\/wp\/v2\/media?parent=2967"}],"wp:term":[{"taxonomy":"product_cat","embeddable":true,"href":"https:\/\/www.physipro.com\/fr\/wp-json\/wp\/v2\/product_cat?post=2967"},{"taxonomy":"product_tag","embeddable":true,"href":"https:\/\/www.physipro.com\/fr\/wp-json\/wp\/v2\/product_tag?post=2967"}],"curies":[{"name":"wp","href":"https:\/\/api.w.org\/{rel}","templated":true}]}}