{"id":3047,"date":"2015-03-16T15:19:56","date_gmt":"2015-03-16T15:21:52","guid":{"rendered":"https:\/\/www.physipro.com\/?post_type=product&#038;p=3047"},"modified":"2025-01-23T16:42:13","modified_gmt":"2025-01-23T16:42:13","slug":"boite-dappui-pieds-2","status":"publish","type":"product","link":"https:\/\/www.physipro.com\/fr\/produit\/boite-dappui-pieds-2\/","title":{"rendered":"Bo\u00eete d\u2019appui-pieds"},"content":{"rendered":"<div class=\"wpb-content-wrapper\"><p>[vc_row css=&#8221;.vc_custom_1426518545843{padding-top: 100px !important;}&#8221;][vc_column width=&#8221;1\/2&#8243;][vc_gallery interval=&#8221;3&#8243; images=&#8221;12027,10687&#8243; img_size=&#8221;full&#8221;][\/vc_column][vc_column width=&#8221;1\/2&#8243;][vc_column_text]<\/p>\n<h2>Bo\u00eete d\u2019appui-pieds<\/h2>\n<p>[\/vc_column_text][vc_column_text]La bo\u00eete d\u2019appui-pieds sert \u00e0 contenir les pieds bien en place tout en leur permettant une grande libert\u00e9 de mouvement.<\/p>\n<p>Son mode d\u2019installation lui donne la possibilit\u00e9 d\u2019\u00eatre r\u00e9glable en angle et en hauteur. Elle se fixe \u00e0 un si\u00e8ge rigide et est fabriqu\u00e9e selon vos mesures.[\/vc_column_text]<a href=\"https:\/\/www.physipro.com\/wp-content\/uploads\/BDC-Boite-appui-pieds-2025.pdf\" target=\"_blank\"class=\"btn btn-primary\"> <span>T\u00e9l\u00e9charger le bon de commande<\/span><\/a>[vc_column_text]<\/p>\n<p>&nbsp;<\/p>\n<p>&nbsp;<\/p>\n<p>[\/vc_column_text][\/vc_column][\/vc_row][vc_row el_class=&#8221;btn-file-group&#8221; id_attribute=&#8221;video&#8221;][vc_column][vc_column_text]<\/p>\n<h2>Documentations<\/h2>\n<p>[\/vc_column_text]<a href=\"https:\/\/www.physipro.com\/wp-content\/uploads\/Manuel_Utilisation_Boite_dappui-pied.pdf\" target=\"_blank\"class=\"btn btn-default btn-lg\"><i class=\"fa fa- fa-lg\"><\/i> <span>Manuel d'utilisation<\/span><\/a><a href=\"https:\/\/www.physipro.com\/wp-content\/uploads\/BDC-Boite-appui-pieds-2025.pdf\" target=\"_blank\"class=\"btn btn-default btn-lg\"><i class=\"fa fa- fa-lg\"><\/i> <span>Bon de commande<\/span><\/a>[\/vc_column][\/vc_row]<\/p>\n<\/div>","protected":false},"excerpt":{"rendered":"<p>[vc_row css=&#8221;.vc_custom_1426518545843{padding-top: 100px !important;}&#8221;][vc_column width=&#8221;1\/2&#8243;][vc_gallery interval=&#8221;3&#8243; images=&#8221;12027,10687&#8243; img_size=&#8221;full&#8221;][\/vc_column][vc_column width=&#8221;1\/2&#8243;][vc_column_text] Bo\u00eete d\u2019appui-pieds [\/vc_column_text][vc_column_text]La bo\u00eete d\u2019appui-pieds sert \u00e0 contenir les pieds bien en place tout en leur permettant une grande libert\u00e9 de mouvement. Son mode d\u2019installation lui donne la possibilit\u00e9 d\u2019\u00eatre r\u00e9glable en angle et en hauteur. Elle se fixe \u00e0 un&#8230;<\/p>\n <p><a class=\"read-more btn btn-primary btn-lg\" href=\"https:\/\/www.physipro.com\/fr\/produit\/boite-dappui-pieds-2\/\">Lire la suite<\/a><\/p>","protected":false},"featured_media":12027,"comment_status":"open","ping_status":"closed","template":"","meta":{"_acf_changed":false},"product_cat":[48],"product_tag":[],"class_list":{"0":"post-3047","1":"product","2":"type-product","3":"status-publish","4":"has-post-thumbnail","6":"product_cat-membres-inferieurs-fr","8":"first","9":"instock","10":"shipping-taxable","11":"product-type-simple"},"acf":[],"yoast_head":"<!-- This site is optimized with the Yoast SEO plugin v22.3 - https:\/\/yoast.com\/wordpress\/plugins\/seo\/ -->\n<title>Bo\u00eete d\u2019appui-pieds - Physipro inc.<\/title>\n<meta name=\"robots\" content=\"index, follow, max-snippet:-1, max-image-preview:large, max-video-preview:-1\" \/>\n<link rel=\"canonical\" href=\"https:\/\/www.physipro.com\/fr\/produit\/boite-dappui-pieds-2\/\" \/>\n<meta property=\"og:locale\" content=\"fr_FR\" \/>\n<meta property=\"og:type\" content=\"article\" \/>\n<meta property=\"og:title\" content=\"Bo\u00eete d\u2019appui-pieds - Physipro inc.\" \/>\n<meta property=\"og:description\" content=\"[vc_row css=&#8221;.vc_custom_1426518545843{padding-top: 100px !important;}&#8221;][vc_column width=&#8221;1\/2&#8243;][vc_gallery interval=&#8221;3&#8243; images=&#8221;12027,10687&#8243; img_size=&#8221;full&#8221;][\/vc_column][vc_column width=&#8221;1\/2&#8243;][vc_column_text] Bo\u00eete d\u2019appui-pieds [\/vc_column_text][vc_column_text]La bo\u00eete d\u2019appui-pieds sert \u00e0 contenir les pieds bien en place tout en leur permettant une grande libert\u00e9 de mouvement. Son mode d\u2019installation lui donne la possibilit\u00e9 d\u2019\u00eatre r\u00e9glable en angle et en hauteur. Elle se fixe \u00e0 un...\" \/>\n<meta property=\"og:url\" content=\"https:\/\/www.physipro.com\/fr\/produit\/boite-dappui-pieds-2\/\" \/>\n<meta property=\"og:site_name\" content=\"Physipro inc.\" \/>\n<meta property=\"article:modified_time\" content=\"2025-01-23T16:42:13+00:00\" \/>\n<meta property=\"og:image\" content=\"https:\/\/www.physipro.com\/wp-content\/uploads\/2015\/03\/BOITE-PIED3.png\" \/>\n\t<meta property=\"og:image:width\" content=\"480\" \/>\n\t<meta property=\"og:image:height\" content=\"600\" \/>\n\t<meta property=\"og:image:type\" content=\"image\/png\" \/>\n<meta name=\"twitter:label1\" content=\"Dur\u00e9e de lecture estim\u00e9e\" \/>\n\t<meta name=\"twitter:data1\" content=\"2 minutes\" \/>\n<script type=\"application\/ld+json\" class=\"yoast-schema-graph\">{\"@context\":\"https:\/\/schema.org\",\"@graph\":[{\"@type\":\"WebPage\",\"@id\":\"https:\/\/www.physipro.com\/fr\/produit\/boite-dappui-pieds-2\/\",\"url\":\"https:\/\/www.physipro.com\/fr\/produit\/boite-dappui-pieds-2\/\",\"name\":\"Bo\u00eete d\u2019appui-pieds - Physipro inc.\",\"isPartOf\":{\"@id\":\"https:\/\/www.physipro.com\/#website\"},\"primaryImageOfPage\":{\"@id\":\"https:\/\/www.physipro.com\/fr\/produit\/boite-dappui-pieds-2\/#primaryimage\"},\"image\":{\"@id\":\"https:\/\/www.physipro.com\/fr\/produit\/boite-dappui-pieds-2\/#primaryimage\"},\"thumbnailUrl\":\"https:\/\/www.physipro.com\/wp-content\/uploads\/2015\/03\/BOITE-PIED3.png\",\"datePublished\":\"2015-03-16T15:21:52+00:00\",\"dateModified\":\"2025-01-23T16:42:13+00:00\",\"breadcrumb\":{\"@id\":\"https:\/\/www.physipro.com\/fr\/produit\/boite-dappui-pieds-2\/#breadcrumb\"},\"inLanguage\":\"fr-FR\",\"potentialAction\":[{\"@type\":\"ReadAction\",\"target\":[\"https:\/\/www.physipro.com\/fr\/produit\/boite-dappui-pieds-2\/\"]}]},{\"@type\":\"ImageObject\",\"inLanguage\":\"fr-FR\",\"@id\":\"https:\/\/www.physipro.com\/fr\/produit\/boite-dappui-pieds-2\/#primaryimage\",\"url\":\"https:\/\/www.physipro.com\/wp-content\/uploads\/2015\/03\/BOITE-PIED3.png\",\"contentUrl\":\"https:\/\/www.physipro.com\/wp-content\/uploads\/2015\/03\/BOITE-PIED3.png\",\"width\":480,\"height\":600},{\"@type\":\"BreadcrumbList\",\"@id\":\"https:\/\/www.physipro.com\/fr\/produit\/boite-dappui-pieds-2\/#breadcrumb\",\"itemListElement\":[{\"@type\":\"ListItem\",\"position\":1,\"name\":\"Accueil\",\"item\":\"https:\/\/www.physipro.com\/fr\/\"},{\"@type\":\"ListItem\",\"position\":2,\"name\":\"Boutique\",\"item\":\"https:\/\/www.physipro.com\/fr\/boutique\/\"},{\"@type\":\"ListItem\",\"position\":3,\"name\":\"Bo\u00eete d\u2019appui-pieds\"}]},{\"@type\":\"WebSite\",\"@id\":\"https:\/\/www.physipro.com\/#website\",\"url\":\"https:\/\/www.physipro.com\/\",\"name\":\"Physipro inc.\",\"description\":\"Un site utilisant WordPress\",\"potentialAction\":[{\"@type\":\"SearchAction\",\"target\":{\"@type\":\"EntryPoint\",\"urlTemplate\":\"https:\/\/www.physipro.com\/?s={search_term_string}\"},\"query-input\":\"required name=search_term_string\"}],\"inLanguage\":\"fr-FR\"}]}<\/script>\n<!-- \/ Yoast SEO plugin. -->","yoast_head_json":{"title":"Bo\u00eete d\u2019appui-pieds - Physipro inc.","robots":{"index":"index","follow":"follow","max-snippet":"max-snippet:-1","max-image-preview":"max-image-preview:large","max-video-preview":"max-video-preview:-1"},"canonical":"https:\/\/www.physipro.com\/fr\/produit\/boite-dappui-pieds-2\/","og_locale":"fr_FR","og_type":"article","og_title":"Bo\u00eete d\u2019appui-pieds - Physipro inc.","og_description":"[vc_row css=&#8221;.vc_custom_1426518545843{padding-top: 100px !important;}&#8221;][vc_column width=&#8221;1\/2&#8243;][vc_gallery interval=&#8221;3&#8243; images=&#8221;12027,10687&#8243; img_size=&#8221;full&#8221;][\/vc_column][vc_column width=&#8221;1\/2&#8243;][vc_column_text] Bo\u00eete d\u2019appui-pieds [\/vc_column_text][vc_column_text]La bo\u00eete d\u2019appui-pieds sert \u00e0 contenir les pieds bien en place tout en leur permettant une grande libert\u00e9 de mouvement. Son mode d\u2019installation lui donne la possibilit\u00e9 d\u2019\u00eatre r\u00e9glable en angle et en hauteur. Elle se fixe \u00e0 un...","og_url":"https:\/\/www.physipro.com\/fr\/produit\/boite-dappui-pieds-2\/","og_site_name":"Physipro inc.","article_modified_time":"2025-01-23T16:42:13+00:00","og_image":[{"width":480,"height":600,"url":"https:\/\/www.physipro.com\/wp-content\/uploads\/2015\/03\/BOITE-PIED3.png","type":"image\/png"}],"twitter_misc":{"Dur\u00e9e de lecture estim\u00e9e":"2 minutes"},"schema":{"@context":"https:\/\/schema.org","@graph":[{"@type":"WebPage","@id":"https:\/\/www.physipro.com\/fr\/produit\/boite-dappui-pieds-2\/","url":"https:\/\/www.physipro.com\/fr\/produit\/boite-dappui-pieds-2\/","name":"Bo\u00eete d\u2019appui-pieds - Physipro inc.","isPartOf":{"@id":"https:\/\/www.physipro.com\/#website"},"primaryImageOfPage":{"@id":"https:\/\/www.physipro.com\/fr\/produit\/boite-dappui-pieds-2\/#primaryimage"},"image":{"@id":"https:\/\/www.physipro.com\/fr\/produit\/boite-dappui-pieds-2\/#primaryimage"},"thumbnailUrl":"https:\/\/www.physipro.com\/wp-content\/uploads\/2015\/03\/BOITE-PIED3.png","datePublished":"2015-03-16T15:21:52+00:00","dateModified":"2025-01-23T16:42:13+00:00","breadcrumb":{"@id":"https:\/\/www.physipro.com\/fr\/produit\/boite-dappui-pieds-2\/#breadcrumb"},"inLanguage":"fr-FR","potentialAction":[{"@type":"ReadAction","target":["https:\/\/www.physipro.com\/fr\/produit\/boite-dappui-pieds-2\/"]}]},{"@type":"ImageObject","inLanguage":"fr-FR","@id":"https:\/\/www.physipro.com\/fr\/produit\/boite-dappui-pieds-2\/#primaryimage","url":"https:\/\/www.physipro.com\/wp-content\/uploads\/2015\/03\/BOITE-PIED3.png","contentUrl":"https:\/\/www.physipro.com\/wp-content\/uploads\/2015\/03\/BOITE-PIED3.png","width":480,"height":600},{"@type":"BreadcrumbList","@id":"https:\/\/www.physipro.com\/fr\/produit\/boite-dappui-pieds-2\/#breadcrumb","itemListElement":[{"@type":"ListItem","position":1,"name":"Accueil","item":"https:\/\/www.physipro.com\/fr\/"},{"@type":"ListItem","position":2,"name":"Boutique","item":"https:\/\/www.physipro.com\/fr\/boutique\/"},{"@type":"ListItem","position":3,"name":"Bo\u00eete d\u2019appui-pieds"}]},{"@type":"WebSite","@id":"https:\/\/www.physipro.com\/#website","url":"https:\/\/www.physipro.com\/","name":"Physipro inc.","description":"Un site utilisant WordPress","potentialAction":[{"@type":"SearchAction","target":{"@type":"EntryPoint","urlTemplate":"https:\/\/www.physipro.com\/?s={search_term_string}"},"query-input":"required name=search_term_string"}],"inLanguage":"fr-FR"}]}},"_links":{"self":[{"href":"https:\/\/www.physipro.com\/fr\/wp-json\/wp\/v2\/product\/3047","targetHints":{"allow":["GET"]}}],"collection":[{"href":"https:\/\/www.physipro.com\/fr\/wp-json\/wp\/v2\/product"}],"about":[{"href":"https:\/\/www.physipro.com\/fr\/wp-json\/wp\/v2\/types\/product"}],"replies":[{"embeddable":true,"href":"https:\/\/www.physipro.com\/fr\/wp-json\/wp\/v2\/comments?post=3047"}],"wp:featuredmedia":[{"embeddable":true,"href":"https:\/\/www.physipro.com\/fr\/wp-json\/wp\/v2\/media\/12027"}],"wp:attachment":[{"href":"https:\/\/www.physipro.com\/fr\/wp-json\/wp\/v2\/media?parent=3047"}],"wp:term":[{"taxonomy":"product_cat","embeddable":true,"href":"https:\/\/www.physipro.com\/fr\/wp-json\/wp\/v2\/product_cat?post=3047"},{"taxonomy":"product_tag","embeddable":true,"href":"https:\/\/www.physipro.com\/fr\/wp-json\/wp\/v2\/product_tag?post=3047"}],"curies":[{"name":"wp","href":"https:\/\/api.w.org\/{rel}","templated":true}]}}