{"id":3072,"date":"2015-03-16T15:41:01","date_gmt":"2015-03-16T15:42:30","guid":{"rendered":"https:\/\/www.physipro.com\/?post_type=product&#038;p=3072"},"modified":"2023-10-25T13:52:16","modified_gmt":"2023-10-25T13:52:16","slug":"gouttiere-pour-membre-superieur-2","status":"publish","type":"product","link":"https:\/\/www.physipro.com\/fr\/produit\/gouttiere-pour-membre-superieur-2\/","title":{"rendered":"Goutti\u00e8re pour membre sup\u00e9rieur"},"content":{"rendered":"<div class=\"wpb-content-wrapper\"><p>[vc_row css=&#8221;.vc_custom_1426518545843{padding-top: 100px !important;}&#8221;][vc_column width=&#8221;1\/2&#8243;][vc_gallery interval=&#8221;3&#8243; images=&#8221;10779,10769,10774&#8243; img_size=&#8221;full&#8221;][\/vc_column][vc_column width=&#8221;1\/2&#8243;][vc_column_text]<\/p>\n<h2>Goutti\u00e8re pour membre sup\u00e9rieur<\/h2>\n<p>[\/vc_column_text][vc_column_text]La goutti\u00e8re procure un confort et une protection sans \u00e9gal du membre sup\u00e9rieur atteint. Faite en plastique et recouverte de N\u00e9opr\u00e8ne, elle est l\u00e9g\u00e8re et facile \u00e0 d\u00e9placer. Gr\u00e2ce \u00e0 son m\u00e9canisme d\u2019ancrage, les positions lat\u00e9rales et obliques sont continues.\u00a0De plus, la partie sous la main peut \u00eatre rabattue pour permettre un acc\u00e8s facilit\u00e9 aux tables.[\/vc_column_text][\/vc_column][\/vc_row][vc_row el_class=&#8221;btn-file-group&#8221; id_attribute=&#8221;video&#8221;][vc_column][vc_column_text]<\/p>\n<h2>Documentations<\/h2>\n<p>[\/vc_column_text]<a href=\"https:\/\/www.physipro.com\/wp-content\/uploads\/Manuel_Utilisation_Gouttiere_2024.pdf\" target=\"_blank\"class=\"btn btn-default btn-lg\"><i class=\"fa fa- fa-lg\"><\/i> <span>Manuel d'utilisation<\/span><\/a><a href=\"https:\/\/www.physipro.com\/wp-content\/uploads\/2015\/04\/BDC-2026-Tables-Coussins-clic.pdf\" target=\"_blank\"class=\"btn btn-default btn-lg\"><i class=\"fa fa- fa-lg\"><\/i> <span>Bon de commande<\/span><\/a>[\/vc_column][\/vc_row]<\/p>\n<\/div>","protected":false},"excerpt":{"rendered":"<p>[vc_row css=&#8221;.vc_custom_1426518545843{padding-top: 100px !important;}&#8221;][vc_column width=&#8221;1\/2&#8243;][vc_gallery interval=&#8221;3&#8243; images=&#8221;10779,10769,10774&#8243; img_size=&#8221;full&#8221;][\/vc_column][vc_column width=&#8221;1\/2&#8243;][vc_column_text] Goutti\u00e8re pour membre sup\u00e9rieur [\/vc_column_text][vc_column_text]La goutti\u00e8re procure un confort et une protection sans \u00e9gal du membre sup\u00e9rieur atteint. Faite en plastique et recouverte de N\u00e9opr\u00e8ne, elle est l\u00e9g\u00e8re et facile \u00e0 d\u00e9placer. Gr\u00e2ce \u00e0 son m\u00e9canisme d\u2019ancrage, les positions lat\u00e9rales et&#8230;<\/p>\n <p><a class=\"read-more btn btn-primary btn-lg\" href=\"https:\/\/www.physipro.com\/fr\/produit\/gouttiere-pour-membre-superieur-2\/\">Lire la suite<\/a><\/p>","protected":false},"featured_media":22563,"comment_status":"open","ping_status":"closed","template":"","meta":{"_acf_changed":false},"product_cat":[49],"product_tag":[],"class_list":{"0":"post-3072","1":"product","2":"type-product","3":"status-publish","4":"has-post-thumbnail","6":"product_cat-membres-superieurs-fr","8":"first","9":"instock","10":"shipping-taxable","11":"product-type-simple"},"acf":[],"yoast_head":"<!-- This site is optimized with the Yoast SEO plugin v22.3 - https:\/\/yoast.com\/wordpress\/plugins\/seo\/ -->\n<title>Goutti\u00e8re pour membre sup\u00e9rieur - Physipro inc.<\/title>\n<meta name=\"robots\" content=\"index, follow, max-snippet:-1, max-image-preview:large, max-video-preview:-1\" \/>\n<link rel=\"canonical\" href=\"https:\/\/www.physipro.com\/fr\/produit\/gouttiere-pour-membre-superieur-2\/\" \/>\n<meta property=\"og:locale\" content=\"fr_FR\" \/>\n<meta property=\"og:type\" content=\"article\" \/>\n<meta property=\"og:title\" content=\"Goutti\u00e8re pour membre sup\u00e9rieur - Physipro inc.\" \/>\n<meta property=\"og:description\" content=\"[vc_row css=&#8221;.vc_custom_1426518545843{padding-top: 100px !important;}&#8221;][vc_column width=&#8221;1\/2&#8243;][vc_gallery interval=&#8221;3&#8243; images=&#8221;10779,10769,10774&#8243; img_size=&#8221;full&#8221;][\/vc_column][vc_column width=&#8221;1\/2&#8243;][vc_column_text] Goutti\u00e8re pour membre sup\u00e9rieur [\/vc_column_text][vc_column_text]La goutti\u00e8re procure un confort et une protection sans \u00e9gal du membre sup\u00e9rieur atteint. Faite en plastique et recouverte de N\u00e9opr\u00e8ne, elle est l\u00e9g\u00e8re et facile \u00e0 d\u00e9placer. Gr\u00e2ce \u00e0 son m\u00e9canisme d\u2019ancrage, les positions lat\u00e9rales et...\" \/>\n<meta property=\"og:url\" content=\"https:\/\/www.physipro.com\/fr\/produit\/gouttiere-pour-membre-superieur-2\/\" \/>\n<meta property=\"og:site_name\" content=\"Physipro inc.\" \/>\n<meta property=\"article:modified_time\" content=\"2023-10-25T13:52:16+00:00\" \/>\n<meta property=\"og:image\" content=\"https:\/\/www.physipro.com\/wp-content\/uploads\/goutti\u00e8re_600x600.png\" \/>\n\t<meta property=\"og:image:width\" content=\"600\" \/>\n\t<meta property=\"og:image:height\" content=\"600\" \/>\n\t<meta property=\"og:image:type\" content=\"image\/png\" \/>\n<meta name=\"twitter:label1\" content=\"Dur\u00e9e de lecture estim\u00e9e\" \/>\n\t<meta name=\"twitter:data1\" content=\"1 minute\" \/>\n<script type=\"application\/ld+json\" class=\"yoast-schema-graph\">{\"@context\":\"https:\/\/schema.org\",\"@graph\":[{\"@type\":\"WebPage\",\"@id\":\"https:\/\/www.physipro.com\/fr\/produit\/gouttiere-pour-membre-superieur-2\/\",\"url\":\"https:\/\/www.physipro.com\/fr\/produit\/gouttiere-pour-membre-superieur-2\/\",\"name\":\"Goutti\u00e8re pour membre sup\u00e9rieur - Physipro inc.\",\"isPartOf\":{\"@id\":\"https:\/\/www.physipro.com\/#website\"},\"primaryImageOfPage\":{\"@id\":\"https:\/\/www.physipro.com\/fr\/produit\/gouttiere-pour-membre-superieur-2\/#primaryimage\"},\"image\":{\"@id\":\"https:\/\/www.physipro.com\/fr\/produit\/gouttiere-pour-membre-superieur-2\/#primaryimage\"},\"thumbnailUrl\":\"https:\/\/www.physipro.com\/wp-content\/uploads\/goutti\u00e8re_600x600.png\",\"datePublished\":\"2015-03-16T15:42:30+00:00\",\"dateModified\":\"2023-10-25T13:52:16+00:00\",\"breadcrumb\":{\"@id\":\"https:\/\/www.physipro.com\/fr\/produit\/gouttiere-pour-membre-superieur-2\/#breadcrumb\"},\"inLanguage\":\"fr-FR\",\"potentialAction\":[{\"@type\":\"ReadAction\",\"target\":[\"https:\/\/www.physipro.com\/fr\/produit\/gouttiere-pour-membre-superieur-2\/\"]}]},{\"@type\":\"ImageObject\",\"inLanguage\":\"fr-FR\",\"@id\":\"https:\/\/www.physipro.com\/fr\/produit\/gouttiere-pour-membre-superieur-2\/#primaryimage\",\"url\":\"https:\/\/www.physipro.com\/wp-content\/uploads\/goutti\u00e8re_600x600.png\",\"contentUrl\":\"https:\/\/www.physipro.com\/wp-content\/uploads\/goutti\u00e8re_600x600.png\",\"width\":600,\"height\":600},{\"@type\":\"BreadcrumbList\",\"@id\":\"https:\/\/www.physipro.com\/fr\/produit\/gouttiere-pour-membre-superieur-2\/#breadcrumb\",\"itemListElement\":[{\"@type\":\"ListItem\",\"position\":1,\"name\":\"Accueil\",\"item\":\"https:\/\/www.physipro.com\/fr\/\"},{\"@type\":\"ListItem\",\"position\":2,\"name\":\"Boutique\",\"item\":\"https:\/\/www.physipro.com\/fr\/boutique\/\"},{\"@type\":\"ListItem\",\"position\":3,\"name\":\"Goutti\u00e8re pour membre sup\u00e9rieur\"}]},{\"@type\":\"WebSite\",\"@id\":\"https:\/\/www.physipro.com\/#website\",\"url\":\"https:\/\/www.physipro.com\/\",\"name\":\"Physipro inc.\",\"description\":\"Un site utilisant WordPress\",\"potentialAction\":[{\"@type\":\"SearchAction\",\"target\":{\"@type\":\"EntryPoint\",\"urlTemplate\":\"https:\/\/www.physipro.com\/?s={search_term_string}\"},\"query-input\":\"required name=search_term_string\"}],\"inLanguage\":\"fr-FR\"}]}<\/script>\n<!-- \/ Yoast SEO plugin. -->","yoast_head_json":{"title":"Goutti\u00e8re pour membre sup\u00e9rieur - Physipro inc.","robots":{"index":"index","follow":"follow","max-snippet":"max-snippet:-1","max-image-preview":"max-image-preview:large","max-video-preview":"max-video-preview:-1"},"canonical":"https:\/\/www.physipro.com\/fr\/produit\/gouttiere-pour-membre-superieur-2\/","og_locale":"fr_FR","og_type":"article","og_title":"Goutti\u00e8re pour membre sup\u00e9rieur - Physipro inc.","og_description":"[vc_row css=&#8221;.vc_custom_1426518545843{padding-top: 100px !important;}&#8221;][vc_column width=&#8221;1\/2&#8243;][vc_gallery interval=&#8221;3&#8243; images=&#8221;10779,10769,10774&#8243; img_size=&#8221;full&#8221;][\/vc_column][vc_column width=&#8221;1\/2&#8243;][vc_column_text] Goutti\u00e8re pour membre sup\u00e9rieur [\/vc_column_text][vc_column_text]La goutti\u00e8re procure un confort et une protection sans \u00e9gal du membre sup\u00e9rieur atteint. Faite en plastique et recouverte de N\u00e9opr\u00e8ne, elle est l\u00e9g\u00e8re et facile \u00e0 d\u00e9placer. Gr\u00e2ce \u00e0 son m\u00e9canisme d\u2019ancrage, les positions lat\u00e9rales et...","og_url":"https:\/\/www.physipro.com\/fr\/produit\/gouttiere-pour-membre-superieur-2\/","og_site_name":"Physipro inc.","article_modified_time":"2023-10-25T13:52:16+00:00","og_image":[{"width":600,"height":600,"url":"https:\/\/www.physipro.com\/wp-content\/uploads\/goutti\u00e8re_600x600.png","type":"image\/png"}],"twitter_misc":{"Dur\u00e9e de lecture estim\u00e9e":"1 minute"},"schema":{"@context":"https:\/\/schema.org","@graph":[{"@type":"WebPage","@id":"https:\/\/www.physipro.com\/fr\/produit\/gouttiere-pour-membre-superieur-2\/","url":"https:\/\/www.physipro.com\/fr\/produit\/gouttiere-pour-membre-superieur-2\/","name":"Goutti\u00e8re pour membre sup\u00e9rieur - Physipro inc.","isPartOf":{"@id":"https:\/\/www.physipro.com\/#website"},"primaryImageOfPage":{"@id":"https:\/\/www.physipro.com\/fr\/produit\/gouttiere-pour-membre-superieur-2\/#primaryimage"},"image":{"@id":"https:\/\/www.physipro.com\/fr\/produit\/gouttiere-pour-membre-superieur-2\/#primaryimage"},"thumbnailUrl":"https:\/\/www.physipro.com\/wp-content\/uploads\/goutti\u00e8re_600x600.png","datePublished":"2015-03-16T15:42:30+00:00","dateModified":"2023-10-25T13:52:16+00:00","breadcrumb":{"@id":"https:\/\/www.physipro.com\/fr\/produit\/gouttiere-pour-membre-superieur-2\/#breadcrumb"},"inLanguage":"fr-FR","potentialAction":[{"@type":"ReadAction","target":["https:\/\/www.physipro.com\/fr\/produit\/gouttiere-pour-membre-superieur-2\/"]}]},{"@type":"ImageObject","inLanguage":"fr-FR","@id":"https:\/\/www.physipro.com\/fr\/produit\/gouttiere-pour-membre-superieur-2\/#primaryimage","url":"https:\/\/www.physipro.com\/wp-content\/uploads\/goutti\u00e8re_600x600.png","contentUrl":"https:\/\/www.physipro.com\/wp-content\/uploads\/goutti\u00e8re_600x600.png","width":600,"height":600},{"@type":"BreadcrumbList","@id":"https:\/\/www.physipro.com\/fr\/produit\/gouttiere-pour-membre-superieur-2\/#breadcrumb","itemListElement":[{"@type":"ListItem","position":1,"name":"Accueil","item":"https:\/\/www.physipro.com\/fr\/"},{"@type":"ListItem","position":2,"name":"Boutique","item":"https:\/\/www.physipro.com\/fr\/boutique\/"},{"@type":"ListItem","position":3,"name":"Goutti\u00e8re pour membre sup\u00e9rieur"}]},{"@type":"WebSite","@id":"https:\/\/www.physipro.com\/#website","url":"https:\/\/www.physipro.com\/","name":"Physipro inc.","description":"Un site utilisant WordPress","potentialAction":[{"@type":"SearchAction","target":{"@type":"EntryPoint","urlTemplate":"https:\/\/www.physipro.com\/?s={search_term_string}"},"query-input":"required name=search_term_string"}],"inLanguage":"fr-FR"}]}},"_links":{"self":[{"href":"https:\/\/www.physipro.com\/fr\/wp-json\/wp\/v2\/product\/3072","targetHints":{"allow":["GET"]}}],"collection":[{"href":"https:\/\/www.physipro.com\/fr\/wp-json\/wp\/v2\/product"}],"about":[{"href":"https:\/\/www.physipro.com\/fr\/wp-json\/wp\/v2\/types\/product"}],"replies":[{"embeddable":true,"href":"https:\/\/www.physipro.com\/fr\/wp-json\/wp\/v2\/comments?post=3072"}],"wp:featuredmedia":[{"embeddable":true,"href":"https:\/\/www.physipro.com\/fr\/wp-json\/wp\/v2\/media\/22563"}],"wp:attachment":[{"href":"https:\/\/www.physipro.com\/fr\/wp-json\/wp\/v2\/media?parent=3072"}],"wp:term":[{"taxonomy":"product_cat","embeddable":true,"href":"https:\/\/www.physipro.com\/fr\/wp-json\/wp\/v2\/product_cat?post=3072"},{"taxonomy":"product_tag","embeddable":true,"href":"https:\/\/www.physipro.com\/fr\/wp-json\/wp\/v2\/product_tag?post=3072"}],"curies":[{"name":"wp","href":"https:\/\/api.w.org\/{rel}","templated":true}]}}