{"id":31745,"date":"2020-05-20T17:26:32","date_gmt":"2021-04-29T15:34:55","guid":{"rendered":"https:\/\/www.physipro.com\/?post_type=product&#038;p=31745"},"modified":"2026-03-10T14:57:43","modified_gmt":"2026-03-10T14:57:43","slug":"physiair","status":"publish","type":"product","link":"https:\/\/www.physipro.com\/fr\/produit\/physiair\/","title":{"rendered":"Physiair"},"content":{"rendered":"<div class=\"wpb-content-wrapper\"><p>[vc_row full_width=&#8221;stretch_row_content&#8221; el_class=&#8221;btn-group-anchor&#8221;][vc_column width=&#8221;1\/3&#8243;]<a href=\"#features\" class=\"btn btn-default btn-lg\"> <span>Options du produit<\/span><\/a>[\/vc_column][vc_column width=&#8221;1\/3&#8243;]<a href=\"#specifications\" class=\"btn btn-default btn-lg\"><i class=\"fa fa- fa-lg\"><\/i> <span>Sp\u00e9cifications<\/span><\/a>[\/vc_column][vc_column width=&#8221;1\/3&#8243;]<a href=\"#video\" class=\"btn btn-default btn-lg\"><i class=\"fa fa- fa-lg\"><\/i> <span>Documentations<\/span><\/a>[\/vc_column][\/vc_row][vc_row][vc_column width=&#8221;2\/3&#8243;][vc_gallery interval=&#8221;3&#8243; images=&#8221;31746,26315,26320,26325&#8243; img_size=&#8221;full&#8221;][\/vc_column][vc_column width=&#8221;1\/3&#8243;][vc_column_text]<img loading=\"lazy\" decoding=\"async\" class=\"alignnone wp-image-6087\" src=\"https:\/\/www.physipro.com\/wp-content\/uploads\/2015\/03\/logo-physiair1-300x100.png\" alt=\"\" width=\"267\" height=\"89\" srcset=\"https:\/\/www.physipro.com\/wp-content\/uploads\/2015\/03\/logo-physiair1-300x100.png 300w, https:\/\/www.physipro.com\/wp-content\/uploads\/2015\/03\/logo-physiair1-600x200.png 600w, https:\/\/www.physipro.com\/wp-content\/uploads\/2015\/03\/logo-physiair1-1024x341.png 1024w\" sizes=\"auto, (max-width: 267px) 100vw, 267px\" \/><\/p>\n<p>Le coussin Physiair<sup style=\"font-size: 8px;\">MC<\/sup> est form\u00e9 d\u2019une mousse polyur\u00e9thane haute r\u00e9silience et d\u2019une feuille en nids d\u2019abeilles Stimulite offrant plusieurs bienfaits posturaux.<\/p>\n<p><strong>Applications cliniques :<\/strong><\/p>\n<ul>\n<li>R\u00e9partition de la\u00a0charge et de la pression;<\/li>\n<li>Absorption des chocs et vibrations;<\/li>\n<li>Am\u00e9lioration de la posture et de la stabilit\u00e9 du bassin, du dos et des membres inf\u00e9rieurs;<\/li>\n<li>Am\u00e9lioration de la circulation sanguine dans les tissus;<\/li>\n<li>Contr\u00f4le de l\u2019humidit\u00e9 et diminution de la sudation;<\/li>\n<li>A\u00e9ration du coussin optimis\u00e9e;<\/li>\n<li>Facilit\u00e9 d\u2019entretien;<\/li>\n<\/ul>\n<p>[\/vc_column_text][\/vc_column][\/vc_row][vc_row][vc_column width=&#8221;1\/2&#8243;][vc_single_image image=&#8221;26325&#8243; img_size=&#8221;500&#215;400&#8243; alignment=&#8221;center&#8221;][\/vc_column][vc_column width=&#8221;1\/2&#8243;][vc_column_text]<\/p>\n<h3><strong>R\u00e9partition de la pression<\/strong><\/h3>\n<p>La base de mousse de polyur\u00e9thane inject\u00e9 ferme du Physiair<sup style=\"font-size: 8px;\">MC<\/sup> est rainur\u00e9e et perfor\u00e9e afin de maximiser l\u2019immersion de la r\u00e9gion ischiatique. Le coussin procure une stabilit\u00e9 fonctionnelle, ainsi qu\u2019un contr\u00f4le de la pression au niveau des zones \u00e0 risque.[\/vc_column_text][\/vc_column][\/vc_row][vc_row full_width=&#8221;stretch_row&#8221; css=&#8221;.vc_custom_1555349906679{padding-top: 30px !important;background-color: #f3f3f5 !important;}&#8221;][vc_column width=&#8221;1\/2&#8243;][vc_column_text]<\/p>\n<h3><strong>Protection cutan\u00e9e<\/strong><\/h3>\n<p>Compos\u00e9e d\u2019un mat\u00e9riau souple et r\u00e9sistant, la feuille de Stimulite s\u2019adapte \u00e0 l\u2019anatomie de l\u2019utilisateur. Elle stabilise la ceinture pelvienne afin de procurer un bon \u00e9tat d\u2019\u00e9quilibre.[\/vc_column_text][\/vc_column][vc_column width=&#8221;1\/2&#8243;][vc_single_image image=&#8221;24239&#8243; img_size=&#8221;500&#215;333&#8243; alignment=&#8221;center&#8221;][\/vc_column][\/vc_row][vc_row][vc_column width=&#8221;1\/2&#8243;][vc_single_image image=&#8221;26330&#8243; img_size=&#8221;500&#215;380&#8243; alignment=&#8221;center&#8221;][\/vc_column][vc_column width=&#8221;1\/2&#8243;][vc_column_text]<\/p>\n<h3><strong>A\u00e9ration optimis\u00e9e<\/strong><\/h3>\n<p>Chaque alv\u00e9ole des feuilles en nids d\u2019abeilles Stimulite permet \u00e0 l\u2019air de circuler simultan\u00e9ment \u00e0 la verticale et \u00e0 l\u2019horizontale \u00e0 l\u2019int\u00e9rieur du coussin.[\/vc_column_text][\/vc_column][\/vc_row][vc_row full_width=&#8221;stretch_row&#8221; css=&#8221;.vc_custom_1555350190806{padding-top: 30px !important;background-color: #f3f3f5 !important;}&#8221;][vc_column width=&#8221;1\/4&#8243; css=&#8221;.vc_custom_1555350174663{padding-right: 30px !important;}&#8221;][vc_images_carousel images=&#8221;16852,28006,16853&#8243; img_size=&#8221;full&#8221;][\/vc_column][vc_column width=&#8221;1\/4&#8243;][vc_column_text]<\/p>\n<h3><strong>Housses esth\u00e9tiques de haute qualit\u00e9<\/strong><\/h3>\n<p>Un choix de trois housses esth\u00e9tiques est disponible avec les coussins Physipro<sup style=\"font-size: 8px;\">MC<\/sup> :<\/p>\n<ul>\n<li><strong>Extensible<\/strong> &#8211; Favorise une bonne circulation de l\u2019air, permet d\u2019accueillir diff\u00e9rents \u00e9l\u00e9ments de positionnement et \u00e9limine la formation de tension \u00e0 la surface du coussin.<\/li>\n<li><strong>Antiglissement<\/strong> &#8211; Emp\u00eache le bassin de glisser vers l&#8217;avant et aide \u00e0 maintenir un meilleur \u00e9quilibre postural.<\/li>\n<li><strong>Imperm\u00e9able<\/strong> \u2013 Aide \u00e0 la gestion de l&#8217;incontinence en prot\u00e9geant efficacement le coussin des fluides. R\u00e9sistante au Chlorux et Virox ainsi que facile \u00e0 essuyer et nettoyer.<\/li>\n<\/ul>\n<p>[\/vc_column_text][\/vc_column][vc_column width=&#8221;1\/4&#8243;][vc_single_image image=&#8221;26242&#8243; img_size=&#8221;full&#8221;][\/vc_column][vc_column width=&#8221;1\/4&#8243;][vc_column_text]<\/p>\n<h3><strong>Enveloppes imperm\u00e9ables performantes<\/strong><\/h3>\n<p>Une enveloppe imperm\u00e9able est disponible avec les coussins Physipro<sup style=\"font-size: 8px;\">MC<\/sup> :<\/p>\n<ul>\n<li><strong>Enveloppe \u00e0 fermeture \u00e9clair<\/strong> \u2013 \u00c9pouse la forme du coussin dans une enveloppe imperm\u00e9able antid\u00e9rapante au fini satin. Se referme gr\u00e2ce \u00e0 une fermeture \u00e9clair robuste r\u00e9sistante \u00e0 l\u2019eau.<\/li>\n<\/ul>\n<p>[\/vc_column_text][\/vc_column][\/vc_row][vc_row][vc_column][vc_empty_space][\/vc_column][\/vc_row][vc_row id_attribute=&#8221;features&#8221;][vc_column][vc_tta_tour color=&#8221;sky&#8221; active_section=&#8221;1&#8243; title=&#8221;Options disponibles&#8221;][vc_tta_section title=&#8221;Base en mousse&#8221; tab_id=&#8221;1563466494603-a6ef0562-e51b&#8221;][vc_row_inner][vc_column_inner width=&#8221;1\/3&#8243;][vc_cta h2=&#8221;&#8221;]<img loading=\"lazy\" decoding=\"async\" class=\"size-medium wp-image-20281 aligncenter\" src=\"https:\/\/www.physipro.com\/wp-content\/uploads\/Ur\u00e9thane-298x300.png\" alt=\"\" width=\"298\" height=\"300\" srcset=\"https:\/\/www.physipro.com\/wp-content\/uploads\/Ur\u00e9thane-298x300.png 298w, https:\/\/www.physipro.com\/wp-content\/uploads\/Ur\u00e9thane-100x100.png 100w, https:\/\/www.physipro.com\/wp-content\/uploads\/Ur\u00e9thane-600x603.png 600w, https:\/\/www.physipro.com\/wp-content\/uploads\/Ur\u00e9thane-150x150.png 150w, https:\/\/www.physipro.com\/wp-content\/uploads\/Ur\u00e9thane-1019x1024.png 1019w\" sizes=\"auto, (max-width: 298px) 100vw, 298px\" \/><\/p>\n<h3>Ur\u00e9thane densit\u00e9 60 ou 75<\/h3>\n<p>[\/vc_cta][\/vc_column_inner][vc_column_inner width=&#8221;1\/3&#8243;][\/vc_column_inner][vc_column_inner width=&#8221;1\/3&#8243;][\/vc_column_inner][\/vc_row_inner][\/vc_tta_section][vc_tta_section title=&#8221;Choix d&#8217;installation&#8221; tab_id=&#8221;1563466494665-1ef13a41-f678&#8243;][vc_row_inner][vc_column_inner width=&#8221;1\/3&#8243;][vc_cta h2=&#8221;&#8221;]<img loading=\"lazy\" decoding=\"async\" class=\"size-medium wp-image-19977 aligncenter\" src=\"https:\/\/www.physipro.com\/wp-content\/uploads\/Coupe-plat-300x35.png\" alt=\"\" width=\"300\" height=\"35\" srcset=\"https:\/\/www.physipro.com\/wp-content\/uploads\/Coupe-plat-300x35.png 300w, https:\/\/www.physipro.com\/wp-content\/uploads\/Coupe-plat-600x70.png 600w, https:\/\/www.physipro.com\/wp-content\/uploads\/Coupe-plat.png 624w\" sizes=\"auto, (max-width: 300px) 100vw, 300px\" \/><\/p>\n<h3>Plate<\/h3>\n<p>[\/vc_cta][\/vc_column_inner][vc_column_inner width=&#8221;1\/3&#8243;][vc_cta h2=&#8221;&#8221;]<img loading=\"lazy\" decoding=\"async\" class=\"size-medium wp-image-19976 aligncenter\" src=\"https:\/\/www.physipro.com\/wp-content\/uploads\/Coupe-encastr\u00e9-300x37.png\" alt=\"\" width=\"300\" height=\"37\" srcset=\"https:\/\/www.physipro.com\/wp-content\/uploads\/Coupe-encastr\u00e9-300x37.png 300w, https:\/\/www.physipro.com\/wp-content\/uploads\/Coupe-encastr\u00e9-600x74.png 600w, https:\/\/www.physipro.com\/wp-content\/uploads\/Coupe-encastr\u00e9.png 622w\" sizes=\"auto, (max-width: 300px) 100vw, 300px\" \/><\/p>\n<h3>Encastr\u00e9e<\/h3>\n<p>[\/vc_cta][\/vc_column_inner][vc_column_inner width=&#8221;1\/3&#8243;][vc_cta h2=&#8221;&#8221;]<img loading=\"lazy\" decoding=\"async\" class=\"size-medium wp-image-19975 aligncenter\" src=\"https:\/\/www.physipro.com\/wp-content\/uploads\/Coupe-canevas-300x37.png\" alt=\"\" width=\"300\" height=\"37\" srcset=\"https:\/\/www.physipro.com\/wp-content\/uploads\/Coupe-canevas-300x37.png 300w, https:\/\/www.physipro.com\/wp-content\/uploads\/Coupe-canevas-600x74.png 600w, https:\/\/www.physipro.com\/wp-content\/uploads\/Coupe-canevas.png 624w\" sizes=\"auto, (max-width: 300px) 100vw, 300px\" \/><\/p>\n<h3>Canevas<\/h3>\n<p>[\/vc_cta][\/vc_column_inner][\/vc_row_inner]<a href=\"https:\/\/www.physipro.com\/produit\/elements-de-forme-de-coussin\/\" target=\"_blank\"class=\"btn btn-primary\"><i class=\"fa fa-\"><\/i> <span>En savoir plus<\/span><\/a>[\/vc_tta_section][\/vc_tta_tour][\/vc_column][\/vc_row][vc_row full_width=&#8221;stretch_row&#8221; el_class=&#8221;specification-table&#8221; id_attribute=&#8221;specifications&#8221;][vc_column][vc_column_text]<\/p>\n<h2>Sp\u00e9cifications<\/h2>\n<p>[\/vc_column_text][vc_column_text]<\/p>\n<table style=\"height: 86px;\" width=\"599\">\n<tbody>\n<tr>\n<td style=\"width: 42%;\"><b>Prix de d\u00e9tail \u00e0 partir de<\/b><\/td>\n<td>425 $<\/td>\n<\/tr>\n<tr>\n<td><b>Code produit<\/b><\/td>\n<td>S5000-&#8230;<\/td>\n<\/tr>\n<tr>\n<td><b>Type de produit<\/b><\/td>\n<td>Coussin en mousse et feuille en nid d&#8217;abeille<\/td>\n<\/tr>\n<tr>\n<td><b>Largeur<\/b><\/td>\n<td>14\u2033 \u00e0 24\u2033<\/td>\n<\/tr>\n<tr>\n<td><b>Profondeur<\/b><\/td>\n<td>14\u2033 \u00e0 22\u2033<\/td>\n<\/tr>\n<tr>\n<td><b>\u00c9paisseur<\/b><\/td>\n<td>2 \u00bd\u2033, 3&#8243;, 3 \u00bd\u2033 ou 4&#8243;<\/td>\n<\/tr>\n<tr>\n<td><b>Poids<\/b><\/td>\n<td>2,6 lb (16&#8243; x 18&#8243; &#8211; 3\u2033)<\/td>\n<\/tr>\n<tr>\n<td><b>Poids maximal de l&#8217;utilisateur<\/b><\/td>\n<td>Largeur de 14&#8243; \u00e0 20&#8243; : 300 lb<br \/>\nLargeur de 21&#8243; \u00e0 26&#8243; : 500 lb<\/td>\n<\/tr>\n<tr>\n<td><b>Garantie<\/b><\/td>\n<td>Coussin : Garantie limit\u00e9e de 24 mois<br \/>\nHousse :\u00a0Garantie limit\u00e9e de 6 mois<\/td>\n<\/tr>\n<\/tbody>\n<\/table>\n<p>[\/vc_column_text][\/vc_column][\/vc_row][vc_row full_width=&#8221;stretch_row&#8221; el_class=&#8221;specification-table&#8221; id_attribute=&#8221;specifications&#8221;][vc_column][vc_column_text]<\/p>\n<h2>Composition standard<\/h2>\n<p>[\/vc_column_text][vc_column_text]<\/p>\n<table style=\"height: 86px;\" width=\"599\">\n<tbody>\n<tr>\n<td style=\"width: 42%;\"><b>Dimension standard<\/b><\/td>\n<td>14&#8243; x 14&#8243;, 16&#8243; x 16&#8243;, 16&#8243; x 18&#8243;, 17&#8243; x 17&#8243;,<br \/>\n18&#8243; x 16&#8243;, 18&#8243; x 18&#8243;, 20&#8243; x 20&#8243;<\/td>\n<\/tr>\n<tr>\n<td><b>\u00c9paisseur standard<\/b><\/td>\n<td>2\u00a0\u00bd\u2033 et 3&#8243;<\/td>\n<\/tr>\n<tr>\n<td><b>Base de mousse<\/b><\/td>\n<td>Ur\u00e9thane densit\u00e9 60<\/td>\n<\/tr>\n<tr>\n<td><b>Feuille en nid d&#8217;abeille<\/b><\/td>\n<td>Stimulite<\/td>\n<\/tr>\n<tr>\n<td><b>Choix d&#8217;installation<\/b><\/td>\n<td>Plate et canevas<\/td>\n<\/tr>\n<\/tbody>\n<\/table>\n<p>[\/vc_column_text][\/vc_column][\/vc_row][vc_row full_width=&#8221;stretch_row&#8221; el_class=&#8221;btn-file-group&#8221; id_attribute=&#8221;video&#8221;][vc_column][vc_column_text]<\/p>\n<h2>Documentations<\/h2>\n<p>[\/vc_column_text]<a href=\"https:\/\/www.physipro.com\/wp-content\/uploads\/Manuel_Utilisation_Physiair.pdf\" target=\"_blank\"class=\"btn btn-default btn-lg\"><i class=\"fa fa- fa-lg\"><\/i> <span>Manuel d'utilisation<\/span><\/a><a href=\"https:\/\/www.physipro.com\/wp-content\/uploads\/BDC-forfait-B-coussin-PHYSIAIR-2.pdf\" target=\"_blank\"class=\"btn btn-default btn-lg\"><i class=\"fa fa- fa-lg\"><\/i> <span>Bon de commande Forfait B-Coussin Physiair<\/span><\/a>[\/vc_column][\/vc_row]<\/p>\n<\/div>","protected":false},"excerpt":{"rendered":"<p>[vc_row full_width=&#8221;stretch_row_content&#8221; el_class=&#8221;btn-group-anchor&#8221;][vc_column width=&#8221;1\/3&#8243;][\/vc_column][vc_column width=&#8221;1\/3&#8243;][\/vc_column][vc_column width=&#8221;1\/3&#8243;][\/vc_column][\/vc_row][vc_row][vc_column width=&#8221;2\/3&#8243;][vc_gallery interval=&#8221;3&#8243; images=&#8221;31746,26315,26320,26325&#8243; img_size=&#8221;full&#8221;][\/vc_column][vc_column width=&#8221;1\/3&#8243;][vc_column_text] Le coussin PhysiairMC est form\u00e9 d\u2019une mousse polyur\u00e9thane haute r\u00e9silience et d\u2019une feuille en nids d\u2019abeilles Stimulite offrant plusieurs bienfaits posturaux. Applications cliniques : R\u00e9partition de la\u00a0charge et de la pression; Absorption des chocs et vibrations; Am\u00e9lioration de la&#8230;<\/p>\n <p><a class=\"read-more btn btn-primary btn-lg\" href=\"https:\/\/www.physipro.com\/fr\/produit\/physiair\/\">Lire la suite<\/a><\/p>","protected":false},"featured_media":31746,"comment_status":"open","ping_status":"closed","template":"","meta":{"_acf_changed":false},"product_cat":[36,40],"product_tag":[],"class_list":{"0":"post-31745","1":"product","2":"type-product","3":"status-publish","4":"has-post-thumbnail","6":"product_cat-assises-et-positionnement-fr","7":"product_cat-coussins-fr","9":"first","10":"instock","11":"shipping-taxable","12":"product-type-simple"},"acf":[],"yoast_head":"<!-- This site is optimized with the Yoast SEO plugin v22.3 - https:\/\/yoast.com\/wordpress\/plugins\/seo\/ -->\n<title>Physiair - Physipro inc.<\/title>\n<meta name=\"robots\" content=\"index, follow, max-snippet:-1, max-image-preview:large, max-video-preview:-1\" \/>\n<link rel=\"canonical\" href=\"https:\/\/www.physipro.com\/fr\/produit\/physiair\/\" \/>\n<meta property=\"og:locale\" content=\"fr_FR\" \/>\n<meta property=\"og:type\" content=\"article\" \/>\n<meta property=\"og:title\" content=\"Physiair - Physipro inc.\" \/>\n<meta property=\"og:description\" content=\"[vc_row full_width=&#8221;stretch_row_content&#8221; el_class=&#8221;btn-group-anchor&#8221;][vc_column width=&#8221;1\/3&#8243;][\/vc_column][vc_column width=&#8221;1\/3&#8243;][\/vc_column][vc_column width=&#8221;1\/3&#8243;][\/vc_column][\/vc_row][vc_row][vc_column width=&#8221;2\/3&#8243;][vc_gallery interval=&#8221;3&#8243; images=&#8221;31746,26315,26320,26325&#8243; img_size=&#8221;full&#8221;][\/vc_column][vc_column width=&#8221;1\/3&#8243;][vc_column_text] Le coussin PhysiairMC est form\u00e9 d\u2019une mousse polyur\u00e9thane haute r\u00e9silience et d\u2019une feuille en nids d\u2019abeilles Stimulite offrant plusieurs bienfaits posturaux. Applications cliniques : R\u00e9partition de la\u00a0charge et de la pression; Absorption des chocs et vibrations; Am\u00e9lioration de la...\" \/>\n<meta property=\"og:url\" content=\"https:\/\/www.physipro.com\/fr\/produit\/physiair\/\" \/>\n<meta property=\"og:site_name\" content=\"Physipro inc.\" \/>\n<meta property=\"article:modified_time\" content=\"2026-03-10T14:57:43+00:00\" \/>\n<meta property=\"og:image\" content=\"https:\/\/www.physipro.com\/wp-content\/uploads\/Physiair_web_600px.png\" \/>\n\t<meta property=\"og:image:width\" content=\"600\" \/>\n\t<meta property=\"og:image:height\" content=\"600\" \/>\n\t<meta property=\"og:image:type\" content=\"image\/png\" \/>\n<meta name=\"twitter:label1\" content=\"Dur\u00e9e de lecture estim\u00e9e\" \/>\n\t<meta name=\"twitter:data1\" content=\"7 minutes\" \/>\n<script type=\"application\/ld+json\" class=\"yoast-schema-graph\">{\"@context\":\"https:\/\/schema.org\",\"@graph\":[{\"@type\":\"WebPage\",\"@id\":\"https:\/\/www.physipro.com\/fr\/produit\/physiair\/\",\"url\":\"https:\/\/www.physipro.com\/fr\/produit\/physiair\/\",\"name\":\"Physiair - Physipro inc.\",\"isPartOf\":{\"@id\":\"https:\/\/www.physipro.com\/#website\"},\"primaryImageOfPage\":{\"@id\":\"https:\/\/www.physipro.com\/fr\/produit\/physiair\/#primaryimage\"},\"image\":{\"@id\":\"https:\/\/www.physipro.com\/fr\/produit\/physiair\/#primaryimage\"},\"thumbnailUrl\":\"https:\/\/www.physipro.com\/wp-content\/uploads\/Physiair_web_600px.png\",\"datePublished\":\"2021-04-29T15:34:55+00:00\",\"dateModified\":\"2026-03-10T14:57:43+00:00\",\"breadcrumb\":{\"@id\":\"https:\/\/www.physipro.com\/fr\/produit\/physiair\/#breadcrumb\"},\"inLanguage\":\"fr-FR\",\"potentialAction\":[{\"@type\":\"ReadAction\",\"target\":[\"https:\/\/www.physipro.com\/fr\/produit\/physiair\/\"]}]},{\"@type\":\"ImageObject\",\"inLanguage\":\"fr-FR\",\"@id\":\"https:\/\/www.physipro.com\/fr\/produit\/physiair\/#primaryimage\",\"url\":\"https:\/\/www.physipro.com\/wp-content\/uploads\/Physiair_web_600px.png\",\"contentUrl\":\"https:\/\/www.physipro.com\/wp-content\/uploads\/Physiair_web_600px.png\",\"width\":600,\"height\":600},{\"@type\":\"BreadcrumbList\",\"@id\":\"https:\/\/www.physipro.com\/fr\/produit\/physiair\/#breadcrumb\",\"itemListElement\":[{\"@type\":\"ListItem\",\"position\":1,\"name\":\"Accueil\",\"item\":\"https:\/\/www.physipro.com\/fr\/\"},{\"@type\":\"ListItem\",\"position\":2,\"name\":\"Boutique\",\"item\":\"https:\/\/www.physipro.com\/fr\/boutique\/\"},{\"@type\":\"ListItem\",\"position\":3,\"name\":\"Physiair\"}]},{\"@type\":\"WebSite\",\"@id\":\"https:\/\/www.physipro.com\/#website\",\"url\":\"https:\/\/www.physipro.com\/\",\"name\":\"Physipro inc.\",\"description\":\"Un site utilisant WordPress\",\"potentialAction\":[{\"@type\":\"SearchAction\",\"target\":{\"@type\":\"EntryPoint\",\"urlTemplate\":\"https:\/\/www.physipro.com\/?s={search_term_string}\"},\"query-input\":\"required name=search_term_string\"}],\"inLanguage\":\"fr-FR\"}]}<\/script>\n<!-- \/ Yoast SEO plugin. -->","yoast_head_json":{"title":"Physiair - Physipro inc.","robots":{"index":"index","follow":"follow","max-snippet":"max-snippet:-1","max-image-preview":"max-image-preview:large","max-video-preview":"max-video-preview:-1"},"canonical":"https:\/\/www.physipro.com\/fr\/produit\/physiair\/","og_locale":"fr_FR","og_type":"article","og_title":"Physiair - Physipro inc.","og_description":"[vc_row full_width=&#8221;stretch_row_content&#8221; el_class=&#8221;btn-group-anchor&#8221;][vc_column width=&#8221;1\/3&#8243;][\/vc_column][vc_column width=&#8221;1\/3&#8243;][\/vc_column][vc_column width=&#8221;1\/3&#8243;][\/vc_column][\/vc_row][vc_row][vc_column width=&#8221;2\/3&#8243;][vc_gallery interval=&#8221;3&#8243; images=&#8221;31746,26315,26320,26325&#8243; img_size=&#8221;full&#8221;][\/vc_column][vc_column width=&#8221;1\/3&#8243;][vc_column_text] Le coussin PhysiairMC est form\u00e9 d\u2019une mousse polyur\u00e9thane haute r\u00e9silience et d\u2019une feuille en nids d\u2019abeilles Stimulite offrant plusieurs bienfaits posturaux. Applications cliniques : R\u00e9partition de la\u00a0charge et de la pression; Absorption des chocs et vibrations; Am\u00e9lioration de la...","og_url":"https:\/\/www.physipro.com\/fr\/produit\/physiair\/","og_site_name":"Physipro inc.","article_modified_time":"2026-03-10T14:57:43+00:00","og_image":[{"width":600,"height":600,"url":"https:\/\/www.physipro.com\/wp-content\/uploads\/Physiair_web_600px.png","type":"image\/png"}],"twitter_misc":{"Dur\u00e9e de lecture estim\u00e9e":"7 minutes"},"schema":{"@context":"https:\/\/schema.org","@graph":[{"@type":"WebPage","@id":"https:\/\/www.physipro.com\/fr\/produit\/physiair\/","url":"https:\/\/www.physipro.com\/fr\/produit\/physiair\/","name":"Physiair - Physipro inc.","isPartOf":{"@id":"https:\/\/www.physipro.com\/#website"},"primaryImageOfPage":{"@id":"https:\/\/www.physipro.com\/fr\/produit\/physiair\/#primaryimage"},"image":{"@id":"https:\/\/www.physipro.com\/fr\/produit\/physiair\/#primaryimage"},"thumbnailUrl":"https:\/\/www.physipro.com\/wp-content\/uploads\/Physiair_web_600px.png","datePublished":"2021-04-29T15:34:55+00:00","dateModified":"2026-03-10T14:57:43+00:00","breadcrumb":{"@id":"https:\/\/www.physipro.com\/fr\/produit\/physiair\/#breadcrumb"},"inLanguage":"fr-FR","potentialAction":[{"@type":"ReadAction","target":["https:\/\/www.physipro.com\/fr\/produit\/physiair\/"]}]},{"@type":"ImageObject","inLanguage":"fr-FR","@id":"https:\/\/www.physipro.com\/fr\/produit\/physiair\/#primaryimage","url":"https:\/\/www.physipro.com\/wp-content\/uploads\/Physiair_web_600px.png","contentUrl":"https:\/\/www.physipro.com\/wp-content\/uploads\/Physiair_web_600px.png","width":600,"height":600},{"@type":"BreadcrumbList","@id":"https:\/\/www.physipro.com\/fr\/produit\/physiair\/#breadcrumb","itemListElement":[{"@type":"ListItem","position":1,"name":"Accueil","item":"https:\/\/www.physipro.com\/fr\/"},{"@type":"ListItem","position":2,"name":"Boutique","item":"https:\/\/www.physipro.com\/fr\/boutique\/"},{"@type":"ListItem","position":3,"name":"Physiair"}]},{"@type":"WebSite","@id":"https:\/\/www.physipro.com\/#website","url":"https:\/\/www.physipro.com\/","name":"Physipro inc.","description":"Un site utilisant WordPress","potentialAction":[{"@type":"SearchAction","target":{"@type":"EntryPoint","urlTemplate":"https:\/\/www.physipro.com\/?s={search_term_string}"},"query-input":"required name=search_term_string"}],"inLanguage":"fr-FR"}]}},"_links":{"self":[{"href":"https:\/\/www.physipro.com\/fr\/wp-json\/wp\/v2\/product\/31745","targetHints":{"allow":["GET"]}}],"collection":[{"href":"https:\/\/www.physipro.com\/fr\/wp-json\/wp\/v2\/product"}],"about":[{"href":"https:\/\/www.physipro.com\/fr\/wp-json\/wp\/v2\/types\/product"}],"replies":[{"embeddable":true,"href":"https:\/\/www.physipro.com\/fr\/wp-json\/wp\/v2\/comments?post=31745"}],"wp:featuredmedia":[{"embeddable":true,"href":"https:\/\/www.physipro.com\/fr\/wp-json\/wp\/v2\/media\/31746"}],"wp:attachment":[{"href":"https:\/\/www.physipro.com\/fr\/wp-json\/wp\/v2\/media?parent=31745"}],"wp:term":[{"taxonomy":"product_cat","embeddable":true,"href":"https:\/\/www.physipro.com\/fr\/wp-json\/wp\/v2\/product_cat?post=31745"},{"taxonomy":"product_tag","embeddable":true,"href":"https:\/\/www.physipro.com\/fr\/wp-json\/wp\/v2\/product_tag?post=31745"}],"curies":[{"name":"wp","href":"https:\/\/api.w.org\/{rel}","templated":true}]}}