{"id":3197,"date":"2015-03-16T16:39:30","date_gmt":"2015-03-16T16:48:45","guid":{"rendered":"https:\/\/www.physipro.com\/?post_type=product&#038;p=3197"},"modified":"2025-01-23T16:51:41","modified_gmt":"2025-01-23T16:51:41","slug":"appuis-thoraciques-au-lit-2","status":"publish","type":"product","link":"https:\/\/www.physipro.com\/fr\/produit\/appuis-thoraciques-au-lit-2\/","title":{"rendered":"Appuis-thoraciques au lit"},"content":{"rendered":"<div class=\"wpb-content-wrapper\"><p>[vc_row css=&#8221;.vc_custom_1426518545843{padding-top: 100px !important;}&#8221;][vc_column width=&#8221;2\/3&#8243;][vc_gallery interval=&#8221;3&#8243; images=&#8221;10928,10938&#8243; img_size=&#8221;full&#8221;][\/vc_column][vc_column width=&#8221;1\/3&#8243;][vc_column_text]<\/p>\n<h2>Appuis-thoraciques au lit<\/h2>\n<p>[\/vc_column_text][vc_column_text]Les appuis thoraciques au lit s\u2019installent au niveau du tronc afin d\u2019accommoder les personnes alit\u00e9es lors du rel\u00e8vement de la t\u00eate de lit. Le syst\u00e8me est simple, l\u00e9ger et facile \u00e0 manipuler pour l\u2019intervenant.<\/p>\n<p>Ce syst\u00e8me permet un contr\u00f4le lat\u00e9ral du tronc et contribue \u00e0 repartir la pression sur une plus grande surface afin d\u2019am\u00e9liorer les fonctions respiratoires et le transit intestinal.<\/p>\n<p>Le format propos\u00e9 s\u2019adapte facilement aux lits m\u00e9dicalis\u00e9s et s\u2019ajuste facilement avec ses bandes Velcro.<\/p>\n<p><strong>\u00a0Caract\u00e9ristiques<\/strong><\/p>\n<ul>\n<li>Soutien du tronc<\/li>\n<li>Soulagement de la pression<\/li>\n<li>Recouvrement de coton perm\u00e9able \u00e0 l\u2019air<\/li>\n<li>Housse r\u00e9sistante \u00e0 l\u2019humidit\u00e9<\/li>\n<\/ul>\n<p>&nbsp;<\/p>\n<p>&nbsp;<\/p>\n<p>[\/vc_column_text][\/vc_column][\/vc_row][vc_row el_class=&#8221;btn-file-group&#8221;][vc_column][vc_column_text]<\/p>\n<h2>Documentations<\/h2>\n<p>[\/vc_column_text]<a href=\"https:\/\/www.physipro.com\/wp-content\/uploads\/CA-Manuel_Utilisation_Appuis-thoraciques_au_lit-web-2026.pdf\" target=\"_blank\"class=\"btn btn-default btn-lg\"><i class=\"fa fa- fa-lg\"><\/i> <span>Manuel d'utilisation<\/span><\/a><a href=\"https:\/\/www.physipro.com\/wp-content\/uploads\/BDC-2026-Positionnement-au-lit-clic.pdf\" class=\"btn btn-default btn-lg\"><i class=\"fa fa- fa-lg\"><\/i> <span>Bon de commande<\/span><\/a>[\/vc_column][\/vc_row]<\/p>\n<\/div>","protected":false},"excerpt":{"rendered":"<p>[vc_row css=&#8221;.vc_custom_1426518545843{padding-top: 100px !important;}&#8221;][vc_column width=&#8221;2\/3&#8243;][vc_gallery interval=&#8221;3&#8243; images=&#8221;10928,10938&#8243; img_size=&#8221;full&#8221;][\/vc_column][vc_column width=&#8221;1\/3&#8243;][vc_column_text] Appuis-thoraciques au lit [\/vc_column_text][vc_column_text]Les appuis thoraciques au lit s\u2019installent au niveau du tronc afin d\u2019accommoder les personnes alit\u00e9es lors du rel\u00e8vement de la t\u00eate de lit. Le syst\u00e8me est simple, l\u00e9ger et facile \u00e0 manipuler pour l\u2019intervenant. Ce syst\u00e8me permet un&#8230;<\/p>\n <p><a class=\"read-more btn btn-primary btn-lg\" href=\"https:\/\/www.physipro.com\/fr\/produit\/appuis-thoraciques-au-lit-2\/\">Lire la suite<\/a><\/p>","protected":false},"featured_media":22558,"comment_status":"open","ping_status":"closed","template":"","meta":{"_acf_changed":false},"product_cat":[50],"product_tag":[],"class_list":{"0":"post-3197","1":"product","2":"type-product","3":"status-publish","4":"has-post-thumbnail","6":"product_cat-vie-quotidienne-fr","8":"first","9":"instock","10":"shipping-taxable","11":"product-type-simple"},"acf":[],"yoast_head":"<!-- This site is optimized with the Yoast SEO plugin v22.3 - https:\/\/yoast.com\/wordpress\/plugins\/seo\/ -->\n<title>Appuis-thoraciques au lit - Physipro inc.<\/title>\n<meta name=\"robots\" content=\"index, follow, max-snippet:-1, max-image-preview:large, max-video-preview:-1\" \/>\n<link rel=\"canonical\" href=\"https:\/\/www.physipro.com\/fr\/produit\/appuis-thoraciques-au-lit-2\/\" \/>\n<meta property=\"og:locale\" content=\"fr_FR\" \/>\n<meta property=\"og:type\" content=\"article\" \/>\n<meta property=\"og:title\" content=\"Appuis-thoraciques au lit - Physipro inc.\" \/>\n<meta property=\"og:description\" content=\"[vc_row css=&#8221;.vc_custom_1426518545843{padding-top: 100px !important;}&#8221;][vc_column width=&#8221;2\/3&#8243;][vc_gallery interval=&#8221;3&#8243; images=&#8221;10928,10938&#8243; img_size=&#8221;full&#8221;][\/vc_column][vc_column width=&#8221;1\/3&#8243;][vc_column_text] Appuis-thoraciques au lit [\/vc_column_text][vc_column_text]Les appuis thoraciques au lit s\u2019installent au niveau du tronc afin d\u2019accommoder les personnes alit\u00e9es lors du rel\u00e8vement de la t\u00eate de lit. Le syst\u00e8me est simple, l\u00e9ger et facile \u00e0 manipuler pour l\u2019intervenant. Ce syst\u00e8me permet un...\" \/>\n<meta property=\"og:url\" content=\"https:\/\/www.physipro.com\/fr\/produit\/appuis-thoraciques-au-lit-2\/\" \/>\n<meta property=\"og:site_name\" content=\"Physipro inc.\" \/>\n<meta property=\"article:modified_time\" content=\"2025-01-23T16:51:41+00:00\" \/>\n<meta property=\"og:image\" content=\"https:\/\/www.physipro.com\/wp-content\/uploads\/appuis-thoracique_lit_500x500.png\" \/>\n\t<meta property=\"og:image:width\" content=\"500\" \/>\n\t<meta property=\"og:image:height\" content=\"500\" \/>\n\t<meta property=\"og:image:type\" content=\"image\/png\" \/>\n<meta name=\"twitter:label1\" content=\"Dur\u00e9e de lecture estim\u00e9e\" \/>\n\t<meta name=\"twitter:data1\" content=\"1 minute\" \/>\n<script type=\"application\/ld+json\" class=\"yoast-schema-graph\">{\"@context\":\"https:\/\/schema.org\",\"@graph\":[{\"@type\":\"WebPage\",\"@id\":\"https:\/\/www.physipro.com\/fr\/produit\/appuis-thoraciques-au-lit-2\/\",\"url\":\"https:\/\/www.physipro.com\/fr\/produit\/appuis-thoraciques-au-lit-2\/\",\"name\":\"Appuis-thoraciques au lit - Physipro inc.\",\"isPartOf\":{\"@id\":\"https:\/\/www.physipro.com\/#website\"},\"primaryImageOfPage\":{\"@id\":\"https:\/\/www.physipro.com\/fr\/produit\/appuis-thoraciques-au-lit-2\/#primaryimage\"},\"image\":{\"@id\":\"https:\/\/www.physipro.com\/fr\/produit\/appuis-thoraciques-au-lit-2\/#primaryimage\"},\"thumbnailUrl\":\"https:\/\/www.physipro.com\/wp-content\/uploads\/appuis-thoracique_lit_500x500.png\",\"datePublished\":\"2015-03-16T16:48:45+00:00\",\"dateModified\":\"2025-01-23T16:51:41+00:00\",\"breadcrumb\":{\"@id\":\"https:\/\/www.physipro.com\/fr\/produit\/appuis-thoraciques-au-lit-2\/#breadcrumb\"},\"inLanguage\":\"fr-FR\",\"potentialAction\":[{\"@type\":\"ReadAction\",\"target\":[\"https:\/\/www.physipro.com\/fr\/produit\/appuis-thoraciques-au-lit-2\/\"]}]},{\"@type\":\"ImageObject\",\"inLanguage\":\"fr-FR\",\"@id\":\"https:\/\/www.physipro.com\/fr\/produit\/appuis-thoraciques-au-lit-2\/#primaryimage\",\"url\":\"https:\/\/www.physipro.com\/wp-content\/uploads\/appuis-thoracique_lit_500x500.png\",\"contentUrl\":\"https:\/\/www.physipro.com\/wp-content\/uploads\/appuis-thoracique_lit_500x500.png\",\"width\":500,\"height\":500},{\"@type\":\"BreadcrumbList\",\"@id\":\"https:\/\/www.physipro.com\/fr\/produit\/appuis-thoraciques-au-lit-2\/#breadcrumb\",\"itemListElement\":[{\"@type\":\"ListItem\",\"position\":1,\"name\":\"Accueil\",\"item\":\"https:\/\/www.physipro.com\/fr\/\"},{\"@type\":\"ListItem\",\"position\":2,\"name\":\"Boutique\",\"item\":\"https:\/\/www.physipro.com\/fr\/boutique\/\"},{\"@type\":\"ListItem\",\"position\":3,\"name\":\"Appuis-thoraciques au lit\"}]},{\"@type\":\"WebSite\",\"@id\":\"https:\/\/www.physipro.com\/#website\",\"url\":\"https:\/\/www.physipro.com\/\",\"name\":\"Physipro inc.\",\"description\":\"Un site utilisant WordPress\",\"potentialAction\":[{\"@type\":\"SearchAction\",\"target\":{\"@type\":\"EntryPoint\",\"urlTemplate\":\"https:\/\/www.physipro.com\/?s={search_term_string}\"},\"query-input\":\"required name=search_term_string\"}],\"inLanguage\":\"fr-FR\"}]}<\/script>\n<!-- \/ Yoast SEO plugin. -->","yoast_head_json":{"title":"Appuis-thoraciques au lit - Physipro inc.","robots":{"index":"index","follow":"follow","max-snippet":"max-snippet:-1","max-image-preview":"max-image-preview:large","max-video-preview":"max-video-preview:-1"},"canonical":"https:\/\/www.physipro.com\/fr\/produit\/appuis-thoraciques-au-lit-2\/","og_locale":"fr_FR","og_type":"article","og_title":"Appuis-thoraciques au lit - Physipro inc.","og_description":"[vc_row css=&#8221;.vc_custom_1426518545843{padding-top: 100px !important;}&#8221;][vc_column width=&#8221;2\/3&#8243;][vc_gallery interval=&#8221;3&#8243; images=&#8221;10928,10938&#8243; img_size=&#8221;full&#8221;][\/vc_column][vc_column width=&#8221;1\/3&#8243;][vc_column_text] Appuis-thoraciques au lit [\/vc_column_text][vc_column_text]Les appuis thoraciques au lit s\u2019installent au niveau du tronc afin d\u2019accommoder les personnes alit\u00e9es lors du rel\u00e8vement de la t\u00eate de lit. Le syst\u00e8me est simple, l\u00e9ger et facile \u00e0 manipuler pour l\u2019intervenant. Ce syst\u00e8me permet un...","og_url":"https:\/\/www.physipro.com\/fr\/produit\/appuis-thoraciques-au-lit-2\/","og_site_name":"Physipro inc.","article_modified_time":"2025-01-23T16:51:41+00:00","og_image":[{"width":500,"height":500,"url":"https:\/\/www.physipro.com\/wp-content\/uploads\/appuis-thoracique_lit_500x500.png","type":"image\/png"}],"twitter_misc":{"Dur\u00e9e de lecture estim\u00e9e":"1 minute"},"schema":{"@context":"https:\/\/schema.org","@graph":[{"@type":"WebPage","@id":"https:\/\/www.physipro.com\/fr\/produit\/appuis-thoraciques-au-lit-2\/","url":"https:\/\/www.physipro.com\/fr\/produit\/appuis-thoraciques-au-lit-2\/","name":"Appuis-thoraciques au lit - Physipro inc.","isPartOf":{"@id":"https:\/\/www.physipro.com\/#website"},"primaryImageOfPage":{"@id":"https:\/\/www.physipro.com\/fr\/produit\/appuis-thoraciques-au-lit-2\/#primaryimage"},"image":{"@id":"https:\/\/www.physipro.com\/fr\/produit\/appuis-thoraciques-au-lit-2\/#primaryimage"},"thumbnailUrl":"https:\/\/www.physipro.com\/wp-content\/uploads\/appuis-thoracique_lit_500x500.png","datePublished":"2015-03-16T16:48:45+00:00","dateModified":"2025-01-23T16:51:41+00:00","breadcrumb":{"@id":"https:\/\/www.physipro.com\/fr\/produit\/appuis-thoraciques-au-lit-2\/#breadcrumb"},"inLanguage":"fr-FR","potentialAction":[{"@type":"ReadAction","target":["https:\/\/www.physipro.com\/fr\/produit\/appuis-thoraciques-au-lit-2\/"]}]},{"@type":"ImageObject","inLanguage":"fr-FR","@id":"https:\/\/www.physipro.com\/fr\/produit\/appuis-thoraciques-au-lit-2\/#primaryimage","url":"https:\/\/www.physipro.com\/wp-content\/uploads\/appuis-thoracique_lit_500x500.png","contentUrl":"https:\/\/www.physipro.com\/wp-content\/uploads\/appuis-thoracique_lit_500x500.png","width":500,"height":500},{"@type":"BreadcrumbList","@id":"https:\/\/www.physipro.com\/fr\/produit\/appuis-thoraciques-au-lit-2\/#breadcrumb","itemListElement":[{"@type":"ListItem","position":1,"name":"Accueil","item":"https:\/\/www.physipro.com\/fr\/"},{"@type":"ListItem","position":2,"name":"Boutique","item":"https:\/\/www.physipro.com\/fr\/boutique\/"},{"@type":"ListItem","position":3,"name":"Appuis-thoraciques au lit"}]},{"@type":"WebSite","@id":"https:\/\/www.physipro.com\/#website","url":"https:\/\/www.physipro.com\/","name":"Physipro inc.","description":"Un site utilisant WordPress","potentialAction":[{"@type":"SearchAction","target":{"@type":"EntryPoint","urlTemplate":"https:\/\/www.physipro.com\/?s={search_term_string}"},"query-input":"required name=search_term_string"}],"inLanguage":"fr-FR"}]}},"_links":{"self":[{"href":"https:\/\/www.physipro.com\/fr\/wp-json\/wp\/v2\/product\/3197","targetHints":{"allow":["GET"]}}],"collection":[{"href":"https:\/\/www.physipro.com\/fr\/wp-json\/wp\/v2\/product"}],"about":[{"href":"https:\/\/www.physipro.com\/fr\/wp-json\/wp\/v2\/types\/product"}],"replies":[{"embeddable":true,"href":"https:\/\/www.physipro.com\/fr\/wp-json\/wp\/v2\/comments?post=3197"}],"wp:featuredmedia":[{"embeddable":true,"href":"https:\/\/www.physipro.com\/fr\/wp-json\/wp\/v2\/media\/22558"}],"wp:attachment":[{"href":"https:\/\/www.physipro.com\/fr\/wp-json\/wp\/v2\/media?parent=3197"}],"wp:term":[{"taxonomy":"product_cat","embeddable":true,"href":"https:\/\/www.physipro.com\/fr\/wp-json\/wp\/v2\/product_cat?post=3197"},{"taxonomy":"product_tag","embeddable":true,"href":"https:\/\/www.physipro.com\/fr\/wp-json\/wp\/v2\/product_tag?post=3197"}],"curies":[{"name":"wp","href":"https:\/\/api.w.org\/{rel}","templated":true}]}}