{"id":32285,"date":"2021-05-26T06:26:21","date_gmt":"2021-05-26T06:20:52","guid":{"rendered":"https:\/\/www.physipro.com\/?post_type=product&#038;p=32285"},"modified":"2023-10-25T13:09:35","modified_gmt":"2023-10-25T13:09:35","slug":"elements-de-forme-de-dossier","status":"publish","type":"product","link":"https:\/\/www.physipro.com\/fr\/produit\/elements-de-forme-de-dossier\/","title":{"rendered":"\u00c9l\u00e9ments de forme de dossier"},"content":{"rendered":"<div class=\"wpb-content-wrapper\"><p>[vc_row full_width=&#8221;stretch_row_content&#8221; el_class=&#8221;btn-group-anchor&#8221;][vc_column width=&#8221;1\/2&#8243;]<a href=\"#specifications\" class=\"btn btn-default btn-lg\"><i class=\"fa fa- fa-lg\"><\/i> <span>Sp\u00e9cifications<\/span><\/a>[\/vc_column][vc_column width=&#8221;1\/2&#8243;]<a href=\"#video\" class=\"btn btn-default btn-lg\"><i class=\"fa fa- fa-lg\"><\/i> <span>Documentations<\/span><\/a>[\/vc_column][\/vc_row][vc_row][vc_column width=&#8221;2\/3&#8243;][vc_single_image image=&#8221;26529&#8243; img_size=&#8221;500&#215;577&#8243; alignment=&#8221;center&#8221;][\/vc_column][vc_column width=&#8221;1\/3&#8243;][vc_column_text]<strong>\u00c9l\u00e9ments de forme de dossier<\/strong><\/p>\n<p>[\/vc_column_text][\/vc_column][\/vc_row][vc_row][vc_column][vc_empty_space][\/vc_column][\/vc_row][vc_row][vc_column width=&#8221;1\/4&#8243;][vc_single_image image=&#8221;25454&#8243; img_size=&#8221;medium&#8221; alignment=&#8221;center&#8221; css=&#8221;.vc_custom_1581518251776{padding-right: 20px !important;}&#8221;][\/vc_column][vc_column width=&#8221;1\/4&#8243;][vc_column_text]<strong>BISEAU THORACIQUE<\/strong><\/p>\n<p>Install\u00e9 au haut du dossier, il joue un r\u00f4le de compensateur, comblant un vide occasionn\u00e9 par une cyphose.[\/vc_column_text][\/vc_column][vc_column width=&#8221;1\/4&#8243; css=&#8221;.vc_custom_1581457688183{padding-right: 30px !important;}&#8221;][vc_single_image image=&#8221;25459&#8243; img_size=&#8221;medium&#8221; alignment=&#8221;center&#8221;][\/vc_column][vc_column width=&#8221;1\/4&#8243;][vc_column_text]<strong>BISEAU LOMBAIRE<\/strong><\/p>\n<p>Install\u00e9 transversalement au bas du dossier, il augmente la surface portante du dossier et sert \u00e0 compenser une r\u00e9troversion du bassin.[\/vc_column_text][\/vc_column][\/vc_row][vc_row full_width=&#8221;stretch_row&#8221; content_placement=&#8221;middle&#8221; css=&#8221;.vc_custom_1581458036311{padding-top: 30px !important;background-color: #f3f3f5 !important;}&#8221;][vc_column width=&#8221;1\/4&#8243;][vc_single_image image=&#8221;25464&#8243; img_size=&#8221;134&#215;400&#8243; alignment=&#8221;center&#8221;][\/vc_column][vc_column width=&#8221;1\/4&#8243;][vc_column_text]<strong>BISEAU DORSO-LOMBAIRE<\/strong><\/p>\n<p class=\"p1\">Install\u00e9 unilat\u00e9ralement au dossier, il compense ou corrige une rotation du tronc \u00e0 diff\u00e9rents degr\u00e9s. Bilat\u00e9ralement, il augmente le confort et la surface de l\u2019appui dorsal.<\/p>\n<p>[\/vc_column_text][\/vc_column][vc_column width=&#8221;1\/4&#8243;][vc_single_image image=&#8221;25469&#8243; img_size=&#8221;medium&#8221; alignment=&#8221;center&#8221;][\/vc_column][vc_column width=&#8221;1\/4&#8243;][vc_column_text]<strong>BUT\u00c9E SACRO-LOMBAIRE<\/strong><\/p>\n<p class=\"p1\">Gr\u00e2ce \u00e0 sa forme ergonomique, cet \u00e9l\u00e9ment de forme sert \u00e0 corriger une bascule du bassin. Il se place g\u00e9n\u00e9ralement dans le bas du dossier afin d\u2019offrir un support dorsal accru.<\/p>\n<p>[\/vc_column_text][\/vc_column][\/vc_row][vc_row][vc_column][vc_empty_space][\/vc_column][\/vc_row][vc_row full_width=&#8221;stretch_row&#8221; el_class=&#8221;specification-table&#8221; id_attribute=&#8221;specifications&#8221;][vc_column][vc_column_text]<\/p>\n<h2><strong>Sp\u00e9cifications du biseau thoracique<\/strong><\/h2>\n<p>[\/vc_column_text][vc_column_text]<\/p>\n<table style=\"height: 86px;\" width=\"599\">\n<tbody>\n<tr>\n<td width=\"42%\"><strong>Code<\/strong><\/td>\n<td>En constructa foam : D3380<br \/>\nEn ur\u00e9thane : D3385<\/td>\n<\/tr>\n<tr>\n<td><strong>Dimension<\/strong><\/td>\n<td>Adapt\u00e9e au dossier<\/td>\n<\/tr>\n<tr>\n<td><strong>\u00c9paisseur<\/strong><\/td>\n<td>1&#8243;, 1 \u00bd\u201d ou 2&#8243;<\/td>\n<\/tr>\n<tr>\n<td><strong>Fixation<\/strong><\/td>\n<td>Velcro ou stratifi\u00e9<\/td>\n<\/tr>\n<\/tbody>\n<\/table>\n<p>[\/vc_column_text][\/vc_column][\/vc_row][vc_row full_width=&#8221;stretch_row&#8221; el_class=&#8221;specification-table&#8221;][vc_column][vc_column_text]<\/p>\n<h2><strong>Sp\u00e9cifications du biseau lombaire<\/strong><\/h2>\n<p>[\/vc_column_text][vc_column_text]<\/p>\n<table style=\"height: 86px;\" width=\"599\">\n<tbody>\n<tr>\n<td width=\"42%\"><strong>Code<\/strong><\/td>\n<td>En constructa foam : D3400<br \/>\nEn ur\u00e9thane : D3405<\/td>\n<\/tr>\n<tr>\n<td><strong>Dimension<\/strong><\/td>\n<td>Adapt\u00e9e au dossier<\/td>\n<\/tr>\n<tr>\n<td><strong>\u00c9paisseur<\/strong><\/td>\n<td>1&#8243;, 1 \u00bd\u201d ou 2&#8243;<\/td>\n<\/tr>\n<tr>\n<td><strong>Fixation<\/strong><\/td>\n<td>Velcro ou stratifi\u00e9<\/td>\n<\/tr>\n<\/tbody>\n<\/table>\n<p>[\/vc_column_text][\/vc_column][\/vc_row][vc_row full_width=&#8221;stretch_row&#8221; el_class=&#8221;specification-table&#8221;][vc_column][vc_column_text]<\/p>\n<h2><strong>Sp\u00e9cifications du biseau dorso-lombaire<\/strong><\/h2>\n<p>[\/vc_column_text][vc_column_text]<\/p>\n<table style=\"height: 86px;\" width=\"599\">\n<tbody>\n<tr>\n<td width=\"42%\"><strong>Code<\/strong><\/td>\n<td>En constructa foam : D3390<br \/>\nEn ur\u00e9thane : D3395<\/td>\n<\/tr>\n<tr>\n<td><strong>Dimension<\/strong><\/td>\n<td>Adapt\u00e9e au dossier<\/td>\n<\/tr>\n<tr>\n<td><strong>\u00c9paisseur<\/strong><\/td>\n<td>1&#8243;, 1 \u00bd\u201d ou 2&#8243;<\/td>\n<\/tr>\n<tr>\n<td><strong>Fixation<\/strong><\/td>\n<td>Velcro ou stratifi\u00e9<\/td>\n<\/tr>\n<\/tbody>\n<\/table>\n<p>[\/vc_column_text][\/vc_column][\/vc_row][vc_row full_width=&#8221;stretch_row&#8221; el_class=&#8221;specification-table&#8221;][vc_column][vc_column_text]<\/p>\n<h2><strong>Sp\u00e9cifications de la but\u00e9e sacro-lombaire<\/strong><\/h2>\n<p>[\/vc_column_text][vc_column_text]<\/p>\n<table style=\"height: 86px;\" width=\"599\">\n<tbody>\n<tr>\n<td style=\"width: 42%;\"><strong>Dimension (L x H x \u00c9) pour but\u00e9e en constructa foam<\/strong><\/td>\n<td>9 \u00bd\u2033 x 10\u2033 x 1\u2033 (D3425)<br \/>\n9 \u00bd\u2033 x 11\u2033 x 1 \u00bd\u2033 (D3430)<br \/>\n9 \u00bd\u2033 x 12\u2033 x 2\u2033 (D3435)<\/td>\n<\/tr>\n<tr>\n<td><strong>Dimension (L x H x \u00c9) pour but\u00e9e en ur\u00e9thane<\/strong><\/td>\n<td>9 \u00bd\u2033 x 10\u2033 x 1\u2033 (D3410)<br \/>\n9 \u00bd\u2033 x 11\u2033 x 1 \u00bd\u2033 (D3415)<br \/>\n9 \u00bd\u2033 x 12\u2033 x 2\u2033 (D3420)<\/td>\n<\/tr>\n<tr>\n<td><strong>Fixation<\/strong><\/td>\n<td>Velcro ou stratifi\u00e9<\/td>\n<\/tr>\n<\/tbody>\n<\/table>\n<p>[\/vc_column_text][\/vc_column][\/vc_row][vc_row full_width=&#8221;stretch_row&#8221; el_class=&#8221;btn-file-group&#8221; id_attribute=&#8221;video&#8221;][vc_column][vc_column_text]<\/p>\n<h2><strong>Documentations<\/strong><\/h2>\n<p>[\/vc_column_text]<a href=\"https:\/\/www.physipro.com\/wp-content\/uploads\/Manuel_Utilisation_Elements_de_forme_pour_dossier.pdf\" target=\"_blank\"class=\"btn btn-default btn-lg\"><i class=\"fa fa- fa-lg\"><\/i> <span>Manuel d'utilisation<\/span><\/a><a href=\"https:\/\/www.physipro.com\/wp-content\/uploads\/2015\/04\/BDC-Elements-de-forme-seuls.pdf\" target=\"_blank\"class=\"btn btn-default btn-lg\"><i class=\"fa fa- fa-lg\"><\/i> <span>Bon de commande<\/span><\/a>[\/vc_column][\/vc_row]<\/p>\n<\/div>","protected":false},"excerpt":{"rendered":"<p>[vc_row full_width=&#8221;stretch_row_content&#8221; el_class=&#8221;btn-group-anchor&#8221;][vc_column width=&#8221;1\/2&#8243;][\/vc_column][vc_column width=&#8221;1\/2&#8243;][\/vc_column][\/vc_row][vc_row][vc_column width=&#8221;2\/3&#8243;][vc_single_image image=&#8221;26529&#8243; img_size=&#8221;500&#215;577&#8243; alignment=&#8221;center&#8221;][\/vc_column][vc_column width=&#8221;1\/3&#8243;][vc_column_text]\u00c9l\u00e9ments de forme de dossier [\/vc_column_text][\/vc_column][\/vc_row][vc_row][vc_column][vc_empty_space][\/vc_column][\/vc_row][vc_row][vc_column width=&#8221;1\/4&#8243;][vc_single_image image=&#8221;25454&#8243; img_size=&#8221;medium&#8221; alignment=&#8221;center&#8221; css=&#8221;.vc_custom_1581518251776{padding-right: 20px !important;}&#8221;][\/vc_column][vc_column width=&#8221;1\/4&#8243;][vc_column_text]BISEAU THORACIQUE Install\u00e9 au haut du dossier, il joue un r\u00f4le de compensateur, comblant un vide occasionn\u00e9 par une cyphose.[\/vc_column_text][\/vc_column][vc_column width=&#8221;1\/4&#8243; css=&#8221;.vc_custom_1581457688183{padding-right: 30px !important;}&#8221;][vc_single_image image=&#8221;25459&#8243; img_size=&#8221;medium&#8221; alignment=&#8221;center&#8221;][\/vc_column][vc_column width=&#8221;1\/4&#8243;][vc_column_text]BISEAU&#8230;<\/p>\n <p><a class=\"read-more btn btn-primary btn-lg\" href=\"https:\/\/www.physipro.com\/fr\/produit\/elements-de-forme-de-dossier\/\">Lire la suite<\/a><\/p>","protected":false},"featured_media":26529,"comment_status":"open","ping_status":"closed","template":"","meta":{"_acf_changed":false},"product_cat":[39],"product_tag":[],"class_list":{"0":"post-32285","1":"product","2":"type-product","3":"status-publish","4":"has-post-thumbnail","6":"product_cat-dossiers-fr","8":"first","9":"instock","10":"shipping-taxable","11":"product-type-simple"},"acf":[],"yoast_head":"<!-- This site is optimized with the Yoast SEO plugin v22.3 - https:\/\/yoast.com\/wordpress\/plugins\/seo\/ -->\n<title>\u00c9l\u00e9ments de forme de dossier - Physipro inc.<\/title>\n<meta name=\"robots\" content=\"index, follow, max-snippet:-1, max-image-preview:large, max-video-preview:-1\" \/>\n<link rel=\"canonical\" href=\"https:\/\/www.physipro.com\/fr\/produit\/elements-de-forme-de-dossier\/\" \/>\n<meta property=\"og:locale\" content=\"fr_FR\" \/>\n<meta property=\"og:type\" content=\"article\" \/>\n<meta property=\"og:title\" content=\"\u00c9l\u00e9ments de forme de dossier - Physipro inc.\" \/>\n<meta property=\"og:description\" content=\"[vc_row full_width=&#8221;stretch_row_content&#8221; el_class=&#8221;btn-group-anchor&#8221;][vc_column width=&#8221;1\/2&#8243;][\/vc_column][vc_column width=&#8221;1\/2&#8243;][\/vc_column][\/vc_row][vc_row][vc_column width=&#8221;2\/3&#8243;][vc_single_image image=&#8221;26529&#8243; img_size=&#8221;500&#215;577&#8243; alignment=&#8221;center&#8221;][\/vc_column][vc_column width=&#8221;1\/3&#8243;][vc_column_text]\u00c9l\u00e9ments de forme de dossier [\/vc_column_text][\/vc_column][\/vc_row][vc_row][vc_column][vc_empty_space][\/vc_column][\/vc_row][vc_row][vc_column width=&#8221;1\/4&#8243;][vc_single_image image=&#8221;25454&#8243; img_size=&#8221;medium&#8221; alignment=&#8221;center&#8221; css=&#8221;.vc_custom_1581518251776{padding-right: 20px !important;}&#8221;][\/vc_column][vc_column width=&#8221;1\/4&#8243;][vc_column_text]BISEAU THORACIQUE Install\u00e9 au haut du dossier, il joue un r\u00f4le de compensateur, comblant un vide occasionn\u00e9 par une cyphose.[\/vc_column_text][\/vc_column][vc_column width=&#8221;1\/4&#8243; css=&#8221;.vc_custom_1581457688183{padding-right: 30px !important;}&#8221;][vc_single_image image=&#8221;25459&#8243; img_size=&#8221;medium&#8221; alignment=&#8221;center&#8221;][\/vc_column][vc_column width=&#8221;1\/4&#8243;][vc_column_text]BISEAU...\" \/>\n<meta property=\"og:url\" content=\"https:\/\/www.physipro.com\/fr\/produit\/elements-de-forme-de-dossier\/\" \/>\n<meta property=\"og:site_name\" content=\"Physipro inc.\" \/>\n<meta property=\"article:modified_time\" content=\"2023-10-25T13:09:35+00:00\" \/>\n<meta property=\"og:image\" content=\"https:\/\/www.physipro.com\/wp-content\/uploads\/ASSEMBLAGE-\u00c9L\u00c9MENTS-DE-FORME.png\" \/>\n\t<meta property=\"og:image:width\" content=\"790\" \/>\n\t<meta property=\"og:image:height\" content=\"912\" \/>\n\t<meta property=\"og:image:type\" content=\"image\/png\" \/>\n<meta name=\"twitter:label1\" content=\"Dur\u00e9e de lecture estim\u00e9e\" \/>\n\t<meta name=\"twitter:data1\" content=\"2 minutes\" \/>\n<script type=\"application\/ld+json\" class=\"yoast-schema-graph\">{\"@context\":\"https:\/\/schema.org\",\"@graph\":[{\"@type\":\"WebPage\",\"@id\":\"https:\/\/www.physipro.com\/fr\/produit\/elements-de-forme-de-dossier\/\",\"url\":\"https:\/\/www.physipro.com\/fr\/produit\/elements-de-forme-de-dossier\/\",\"name\":\"\u00c9l\u00e9ments de forme de dossier - Physipro inc.\",\"isPartOf\":{\"@id\":\"https:\/\/www.physipro.com\/#website\"},\"primaryImageOfPage\":{\"@id\":\"https:\/\/www.physipro.com\/fr\/produit\/elements-de-forme-de-dossier\/#primaryimage\"},\"image\":{\"@id\":\"https:\/\/www.physipro.com\/fr\/produit\/elements-de-forme-de-dossier\/#primaryimage\"},\"thumbnailUrl\":\"https:\/\/www.physipro.com\/wp-content\/uploads\/ASSEMBLAGE-\u00c9L\u00c9MENTS-DE-FORME.png\",\"datePublished\":\"2021-05-26T06:20:52+00:00\",\"dateModified\":\"2023-10-25T13:09:35+00:00\",\"breadcrumb\":{\"@id\":\"https:\/\/www.physipro.com\/fr\/produit\/elements-de-forme-de-dossier\/#breadcrumb\"},\"inLanguage\":\"fr-FR\",\"potentialAction\":[{\"@type\":\"ReadAction\",\"target\":[\"https:\/\/www.physipro.com\/fr\/produit\/elements-de-forme-de-dossier\/\"]}]},{\"@type\":\"ImageObject\",\"inLanguage\":\"fr-FR\",\"@id\":\"https:\/\/www.physipro.com\/fr\/produit\/elements-de-forme-de-dossier\/#primaryimage\",\"url\":\"https:\/\/www.physipro.com\/wp-content\/uploads\/ASSEMBLAGE-\u00c9L\u00c9MENTS-DE-FORME.png\",\"contentUrl\":\"https:\/\/www.physipro.com\/wp-content\/uploads\/ASSEMBLAGE-\u00c9L\u00c9MENTS-DE-FORME.png\",\"width\":790,\"height\":912},{\"@type\":\"BreadcrumbList\",\"@id\":\"https:\/\/www.physipro.com\/fr\/produit\/elements-de-forme-de-dossier\/#breadcrumb\",\"itemListElement\":[{\"@type\":\"ListItem\",\"position\":1,\"name\":\"Accueil\",\"item\":\"https:\/\/www.physipro.com\/fr\/\"},{\"@type\":\"ListItem\",\"position\":2,\"name\":\"Boutique\",\"item\":\"https:\/\/www.physipro.com\/fr\/boutique\/\"},{\"@type\":\"ListItem\",\"position\":3,\"name\":\"\u00c9l\u00e9ments de forme de dossier\"}]},{\"@type\":\"WebSite\",\"@id\":\"https:\/\/www.physipro.com\/#website\",\"url\":\"https:\/\/www.physipro.com\/\",\"name\":\"Physipro inc.\",\"description\":\"Un site utilisant WordPress\",\"potentialAction\":[{\"@type\":\"SearchAction\",\"target\":{\"@type\":\"EntryPoint\",\"urlTemplate\":\"https:\/\/www.physipro.com\/?s={search_term_string}\"},\"query-input\":\"required name=search_term_string\"}],\"inLanguage\":\"fr-FR\"}]}<\/script>\n<!-- \/ Yoast SEO plugin. -->","yoast_head_json":{"title":"\u00c9l\u00e9ments de forme de dossier - Physipro inc.","robots":{"index":"index","follow":"follow","max-snippet":"max-snippet:-1","max-image-preview":"max-image-preview:large","max-video-preview":"max-video-preview:-1"},"canonical":"https:\/\/www.physipro.com\/fr\/produit\/elements-de-forme-de-dossier\/","og_locale":"fr_FR","og_type":"article","og_title":"\u00c9l\u00e9ments de forme de dossier - Physipro inc.","og_description":"[vc_row full_width=&#8221;stretch_row_content&#8221; el_class=&#8221;btn-group-anchor&#8221;][vc_column width=&#8221;1\/2&#8243;][\/vc_column][vc_column width=&#8221;1\/2&#8243;][\/vc_column][\/vc_row][vc_row][vc_column width=&#8221;2\/3&#8243;][vc_single_image image=&#8221;26529&#8243; img_size=&#8221;500&#215;577&#8243; alignment=&#8221;center&#8221;][\/vc_column][vc_column width=&#8221;1\/3&#8243;][vc_column_text]\u00c9l\u00e9ments de forme de dossier [\/vc_column_text][\/vc_column][\/vc_row][vc_row][vc_column][vc_empty_space][\/vc_column][\/vc_row][vc_row][vc_column width=&#8221;1\/4&#8243;][vc_single_image image=&#8221;25454&#8243; img_size=&#8221;medium&#8221; alignment=&#8221;center&#8221; css=&#8221;.vc_custom_1581518251776{padding-right: 20px !important;}&#8221;][\/vc_column][vc_column width=&#8221;1\/4&#8243;][vc_column_text]BISEAU THORACIQUE Install\u00e9 au haut du dossier, il joue un r\u00f4le de compensateur, comblant un vide occasionn\u00e9 par une cyphose.[\/vc_column_text][\/vc_column][vc_column width=&#8221;1\/4&#8243; css=&#8221;.vc_custom_1581457688183{padding-right: 30px !important;}&#8221;][vc_single_image image=&#8221;25459&#8243; img_size=&#8221;medium&#8221; alignment=&#8221;center&#8221;][\/vc_column][vc_column width=&#8221;1\/4&#8243;][vc_column_text]BISEAU...","og_url":"https:\/\/www.physipro.com\/fr\/produit\/elements-de-forme-de-dossier\/","og_site_name":"Physipro inc.","article_modified_time":"2023-10-25T13:09:35+00:00","og_image":[{"width":790,"height":912,"url":"https:\/\/www.physipro.com\/wp-content\/uploads\/ASSEMBLAGE-\u00c9L\u00c9MENTS-DE-FORME.png","type":"image\/png"}],"twitter_misc":{"Dur\u00e9e de lecture estim\u00e9e":"2 minutes"},"schema":{"@context":"https:\/\/schema.org","@graph":[{"@type":"WebPage","@id":"https:\/\/www.physipro.com\/fr\/produit\/elements-de-forme-de-dossier\/","url":"https:\/\/www.physipro.com\/fr\/produit\/elements-de-forme-de-dossier\/","name":"\u00c9l\u00e9ments de forme de dossier - Physipro inc.","isPartOf":{"@id":"https:\/\/www.physipro.com\/#website"},"primaryImageOfPage":{"@id":"https:\/\/www.physipro.com\/fr\/produit\/elements-de-forme-de-dossier\/#primaryimage"},"image":{"@id":"https:\/\/www.physipro.com\/fr\/produit\/elements-de-forme-de-dossier\/#primaryimage"},"thumbnailUrl":"https:\/\/www.physipro.com\/wp-content\/uploads\/ASSEMBLAGE-\u00c9L\u00c9MENTS-DE-FORME.png","datePublished":"2021-05-26T06:20:52+00:00","dateModified":"2023-10-25T13:09:35+00:00","breadcrumb":{"@id":"https:\/\/www.physipro.com\/fr\/produit\/elements-de-forme-de-dossier\/#breadcrumb"},"inLanguage":"fr-FR","potentialAction":[{"@type":"ReadAction","target":["https:\/\/www.physipro.com\/fr\/produit\/elements-de-forme-de-dossier\/"]}]},{"@type":"ImageObject","inLanguage":"fr-FR","@id":"https:\/\/www.physipro.com\/fr\/produit\/elements-de-forme-de-dossier\/#primaryimage","url":"https:\/\/www.physipro.com\/wp-content\/uploads\/ASSEMBLAGE-\u00c9L\u00c9MENTS-DE-FORME.png","contentUrl":"https:\/\/www.physipro.com\/wp-content\/uploads\/ASSEMBLAGE-\u00c9L\u00c9MENTS-DE-FORME.png","width":790,"height":912},{"@type":"BreadcrumbList","@id":"https:\/\/www.physipro.com\/fr\/produit\/elements-de-forme-de-dossier\/#breadcrumb","itemListElement":[{"@type":"ListItem","position":1,"name":"Accueil","item":"https:\/\/www.physipro.com\/fr\/"},{"@type":"ListItem","position":2,"name":"Boutique","item":"https:\/\/www.physipro.com\/fr\/boutique\/"},{"@type":"ListItem","position":3,"name":"\u00c9l\u00e9ments de forme de dossier"}]},{"@type":"WebSite","@id":"https:\/\/www.physipro.com\/#website","url":"https:\/\/www.physipro.com\/","name":"Physipro inc.","description":"Un site utilisant WordPress","potentialAction":[{"@type":"SearchAction","target":{"@type":"EntryPoint","urlTemplate":"https:\/\/www.physipro.com\/?s={search_term_string}"},"query-input":"required name=search_term_string"}],"inLanguage":"fr-FR"}]}},"_links":{"self":[{"href":"https:\/\/www.physipro.com\/fr\/wp-json\/wp\/v2\/product\/32285","targetHints":{"allow":["GET"]}}],"collection":[{"href":"https:\/\/www.physipro.com\/fr\/wp-json\/wp\/v2\/product"}],"about":[{"href":"https:\/\/www.physipro.com\/fr\/wp-json\/wp\/v2\/types\/product"}],"replies":[{"embeddable":true,"href":"https:\/\/www.physipro.com\/fr\/wp-json\/wp\/v2\/comments?post=32285"}],"wp:featuredmedia":[{"embeddable":true,"href":"https:\/\/www.physipro.com\/fr\/wp-json\/wp\/v2\/media\/26529"}],"wp:attachment":[{"href":"https:\/\/www.physipro.com\/fr\/wp-json\/wp\/v2\/media?parent=32285"}],"wp:term":[{"taxonomy":"product_cat","embeddable":true,"href":"https:\/\/www.physipro.com\/fr\/wp-json\/wp\/v2\/product_cat?post=32285"},{"taxonomy":"product_tag","embeddable":true,"href":"https:\/\/www.physipro.com\/fr\/wp-json\/wp\/v2\/product_tag?post=32285"}],"curies":[{"name":"wp","href":"https:\/\/api.w.org\/{rel}","templated":true}]}}