{"id":32598,"date":"2021-05-31T06:58:08","date_gmt":"2021-05-31T06:58:08","guid":{"rendered":"https:\/\/www.physipro.com\/?post_type=product&#038;p=32598"},"modified":"2023-10-25T13:55:31","modified_gmt":"2023-10-25T13:55:31","slug":"table-reglable","status":"publish","type":"product","link":"https:\/\/www.physipro.com\/fr\/produit\/table-reglable\/","title":{"rendered":"Table r\u00e9glable"},"content":{"rendered":"<div class=\"wpb-content-wrapper\"><p>[vc_row full_width=&#8221;stretch_row_content&#8221; el_class=&#8221;btn-group-anchor&#8221;][vc_column]<a href=\"#video\" class=\"btn btn-default\"> <span>Documentations<\/span><\/a>[\/vc_column][\/vc_row][vc_row][vc_column width=&#8221;2\/3&#8243;][vc_gallery interval=&#8221;3&#8243; images=&#8221;32585&#8243; img_size=&#8221;full&#8221;][\/vc_column][vc_column width=&#8221;1\/3&#8243;][vc_column_text]La table r\u00e9glable apporte un soutien aux membres sup\u00e9rieurs et facilite les activit\u00e9s quotidiennes, tel que manger. L\u2019ancrage par glissoire r\u00e9glable vous permet un ajustement pr\u00e9cis. Fabriqu\u00e9e de polycarbonate transparent, la table r\u00e9glable est offerte en format standard ou peut \u00eatre fabriqu\u00e9e selon vos sp\u00e9cifications.[\/vc_column_text][\/vc_column][\/vc_row][vc_row id_attribute=&#8221;video&#8221; el_class=&#8221;btn-file-group&#8221;][vc_column][vc_column_text]<\/p>\n<h2>Documentations<\/h2>\n<p>[\/vc_column_text]<a href=\"https:\/\/www.physipro.com\/wp-content\/uploads\/Manuel_Utilisation_Table-a-glissiere-reglable_2024.pdf\" target=\"_blank\"class=\"btn btn-default btn-lg\"><i class=\"fa fa- fa-lg\"><\/i> <span>Manuel d'utilisation<\/span><\/a><a href=\"https:\/\/www.physipro.com\/wp-content\/uploads\/2015\/04\/BDC-2026-Tables-Coussins-clic.pdf\" target=\"_blank\"class=\"btn btn-default btn-lg\"><i class=\"fa fa- fa-lg\"><\/i> <span>Bon de commande<\/span><\/a>[\/vc_column][\/vc_row]<\/p>\n<\/div>","protected":false},"excerpt":{"rendered":"<p>[vc_row full_width=&#8221;stretch_row_content&#8221; el_class=&#8221;btn-group-anchor&#8221;][vc_column][\/vc_column][\/vc_row][vc_row][vc_column width=&#8221;2\/3&#8243;][vc_gallery interval=&#8221;3&#8243; images=&#8221;32585&#8243; img_size=&#8221;full&#8221;][\/vc_column][vc_column width=&#8221;1\/3&#8243;][vc_column_text]La table r\u00e9glable apporte un soutien aux membres sup\u00e9rieurs et facilite les activit\u00e9s quotidiennes, tel que manger. L\u2019ancrage par glissoire r\u00e9glable vous permet un ajustement pr\u00e9cis. Fabriqu\u00e9e de polycarbonate transparent, la table r\u00e9glable est offerte en format standard ou peut \u00eatre fabriqu\u00e9e selon&#8230;<\/p>\n <p><a class=\"read-more btn btn-primary btn-lg\" href=\"https:\/\/www.physipro.com\/fr\/produit\/table-reglable\/\">Lire la suite<\/a><\/p>","protected":false},"featured_media":32585,"comment_status":"open","ping_status":"closed","template":"","meta":{"_acf_changed":false},"product_cat":[49],"product_tag":[],"class_list":{"0":"post-32598","1":"product","2":"type-product","3":"status-publish","4":"has-post-thumbnail","6":"product_cat-membres-superieurs-fr","8":"first","9":"instock","10":"shipping-taxable","11":"product-type-simple"},"acf":[],"yoast_head":"<!-- This site is optimized with the Yoast SEO plugin v22.3 - https:\/\/yoast.com\/wordpress\/plugins\/seo\/ -->\n<title>Table r\u00e9glable - Physipro inc.<\/title>\n<meta name=\"robots\" content=\"index, follow, max-snippet:-1, max-image-preview:large, max-video-preview:-1\" \/>\n<link rel=\"canonical\" href=\"https:\/\/www.physipro.com\/fr\/produit\/table-reglable\/\" \/>\n<meta property=\"og:locale\" content=\"fr_FR\" \/>\n<meta property=\"og:type\" content=\"article\" \/>\n<meta property=\"og:title\" content=\"Table r\u00e9glable - Physipro inc.\" \/>\n<meta property=\"og:description\" content=\"[vc_row full_width=&#8221;stretch_row_content&#8221; el_class=&#8221;btn-group-anchor&#8221;][vc_column][\/vc_column][\/vc_row][vc_row][vc_column width=&#8221;2\/3&#8243;][vc_gallery interval=&#8221;3&#8243; images=&#8221;32585&#8243; img_size=&#8221;full&#8221;][\/vc_column][vc_column width=&#8221;1\/3&#8243;][vc_column_text]La table r\u00e9glable apporte un soutien aux membres sup\u00e9rieurs et facilite les activit\u00e9s quotidiennes, tel que manger. L\u2019ancrage par glissoire r\u00e9glable vous permet un ajustement pr\u00e9cis. Fabriqu\u00e9e de polycarbonate transparent, la table r\u00e9glable est offerte en format standard ou peut \u00eatre fabriqu\u00e9e selon...\" \/>\n<meta property=\"og:url\" content=\"https:\/\/www.physipro.com\/fr\/produit\/table-reglable\/\" \/>\n<meta property=\"og:site_name\" content=\"Physipro inc.\" \/>\n<meta property=\"article:modified_time\" content=\"2023-10-25T13:55:31+00:00\" \/>\n<meta property=\"og:image\" content=\"https:\/\/www.physipro.com\/wp-content\/uploads\/table-reglable.png\" \/>\n\t<meta property=\"og:image:width\" content=\"600\" \/>\n\t<meta property=\"og:image:height\" content=\"600\" \/>\n\t<meta property=\"og:image:type\" content=\"image\/png\" \/>\n<meta name=\"twitter:label1\" content=\"Dur\u00e9e de lecture estim\u00e9e\" \/>\n\t<meta name=\"twitter:data1\" content=\"1 minute\" \/>\n<script type=\"application\/ld+json\" class=\"yoast-schema-graph\">{\"@context\":\"https:\/\/schema.org\",\"@graph\":[{\"@type\":\"WebPage\",\"@id\":\"https:\/\/www.physipro.com\/fr\/produit\/table-reglable\/\",\"url\":\"https:\/\/www.physipro.com\/fr\/produit\/table-reglable\/\",\"name\":\"Table r\u00e9glable - Physipro inc.\",\"isPartOf\":{\"@id\":\"https:\/\/www.physipro.com\/#website\"},\"primaryImageOfPage\":{\"@id\":\"https:\/\/www.physipro.com\/fr\/produit\/table-reglable\/#primaryimage\"},\"image\":{\"@id\":\"https:\/\/www.physipro.com\/fr\/produit\/table-reglable\/#primaryimage\"},\"thumbnailUrl\":\"https:\/\/www.physipro.com\/wp-content\/uploads\/table-reglable.png\",\"datePublished\":\"2021-05-31T06:58:08+00:00\",\"dateModified\":\"2023-10-25T13:55:31+00:00\",\"breadcrumb\":{\"@id\":\"https:\/\/www.physipro.com\/fr\/produit\/table-reglable\/#breadcrumb\"},\"inLanguage\":\"fr-FR\",\"potentialAction\":[{\"@type\":\"ReadAction\",\"target\":[\"https:\/\/www.physipro.com\/fr\/produit\/table-reglable\/\"]}]},{\"@type\":\"ImageObject\",\"inLanguage\":\"fr-FR\",\"@id\":\"https:\/\/www.physipro.com\/fr\/produit\/table-reglable\/#primaryimage\",\"url\":\"https:\/\/www.physipro.com\/wp-content\/uploads\/table-reglable.png\",\"contentUrl\":\"https:\/\/www.physipro.com\/wp-content\/uploads\/table-reglable.png\",\"width\":600,\"height\":600},{\"@type\":\"BreadcrumbList\",\"@id\":\"https:\/\/www.physipro.com\/fr\/produit\/table-reglable\/#breadcrumb\",\"itemListElement\":[{\"@type\":\"ListItem\",\"position\":1,\"name\":\"Accueil\",\"item\":\"https:\/\/www.physipro.com\/fr\/\"},{\"@type\":\"ListItem\",\"position\":2,\"name\":\"Boutique\",\"item\":\"https:\/\/www.physipro.com\/fr\/boutique\/\"},{\"@type\":\"ListItem\",\"position\":3,\"name\":\"Table r\u00e9glable\"}]},{\"@type\":\"WebSite\",\"@id\":\"https:\/\/www.physipro.com\/#website\",\"url\":\"https:\/\/www.physipro.com\/\",\"name\":\"Physipro inc.\",\"description\":\"Un site utilisant WordPress\",\"potentialAction\":[{\"@type\":\"SearchAction\",\"target\":{\"@type\":\"EntryPoint\",\"urlTemplate\":\"https:\/\/www.physipro.com\/?s={search_term_string}\"},\"query-input\":\"required name=search_term_string\"}],\"inLanguage\":\"fr-FR\"}]}<\/script>\n<!-- \/ Yoast SEO plugin. -->","yoast_head_json":{"title":"Table r\u00e9glable - Physipro inc.","robots":{"index":"index","follow":"follow","max-snippet":"max-snippet:-1","max-image-preview":"max-image-preview:large","max-video-preview":"max-video-preview:-1"},"canonical":"https:\/\/www.physipro.com\/fr\/produit\/table-reglable\/","og_locale":"fr_FR","og_type":"article","og_title":"Table r\u00e9glable - Physipro inc.","og_description":"[vc_row full_width=&#8221;stretch_row_content&#8221; el_class=&#8221;btn-group-anchor&#8221;][vc_column][\/vc_column][\/vc_row][vc_row][vc_column width=&#8221;2\/3&#8243;][vc_gallery interval=&#8221;3&#8243; images=&#8221;32585&#8243; img_size=&#8221;full&#8221;][\/vc_column][vc_column width=&#8221;1\/3&#8243;][vc_column_text]La table r\u00e9glable apporte un soutien aux membres sup\u00e9rieurs et facilite les activit\u00e9s quotidiennes, tel que manger. L\u2019ancrage par glissoire r\u00e9glable vous permet un ajustement pr\u00e9cis. Fabriqu\u00e9e de polycarbonate transparent, la table r\u00e9glable est offerte en format standard ou peut \u00eatre fabriqu\u00e9e selon...","og_url":"https:\/\/www.physipro.com\/fr\/produit\/table-reglable\/","og_site_name":"Physipro inc.","article_modified_time":"2023-10-25T13:55:31+00:00","og_image":[{"width":600,"height":600,"url":"https:\/\/www.physipro.com\/wp-content\/uploads\/table-reglable.png","type":"image\/png"}],"twitter_misc":{"Dur\u00e9e de lecture estim\u00e9e":"1 minute"},"schema":{"@context":"https:\/\/schema.org","@graph":[{"@type":"WebPage","@id":"https:\/\/www.physipro.com\/fr\/produit\/table-reglable\/","url":"https:\/\/www.physipro.com\/fr\/produit\/table-reglable\/","name":"Table r\u00e9glable - Physipro inc.","isPartOf":{"@id":"https:\/\/www.physipro.com\/#website"},"primaryImageOfPage":{"@id":"https:\/\/www.physipro.com\/fr\/produit\/table-reglable\/#primaryimage"},"image":{"@id":"https:\/\/www.physipro.com\/fr\/produit\/table-reglable\/#primaryimage"},"thumbnailUrl":"https:\/\/www.physipro.com\/wp-content\/uploads\/table-reglable.png","datePublished":"2021-05-31T06:58:08+00:00","dateModified":"2023-10-25T13:55:31+00:00","breadcrumb":{"@id":"https:\/\/www.physipro.com\/fr\/produit\/table-reglable\/#breadcrumb"},"inLanguage":"fr-FR","potentialAction":[{"@type":"ReadAction","target":["https:\/\/www.physipro.com\/fr\/produit\/table-reglable\/"]}]},{"@type":"ImageObject","inLanguage":"fr-FR","@id":"https:\/\/www.physipro.com\/fr\/produit\/table-reglable\/#primaryimage","url":"https:\/\/www.physipro.com\/wp-content\/uploads\/table-reglable.png","contentUrl":"https:\/\/www.physipro.com\/wp-content\/uploads\/table-reglable.png","width":600,"height":600},{"@type":"BreadcrumbList","@id":"https:\/\/www.physipro.com\/fr\/produit\/table-reglable\/#breadcrumb","itemListElement":[{"@type":"ListItem","position":1,"name":"Accueil","item":"https:\/\/www.physipro.com\/fr\/"},{"@type":"ListItem","position":2,"name":"Boutique","item":"https:\/\/www.physipro.com\/fr\/boutique\/"},{"@type":"ListItem","position":3,"name":"Table r\u00e9glable"}]},{"@type":"WebSite","@id":"https:\/\/www.physipro.com\/#website","url":"https:\/\/www.physipro.com\/","name":"Physipro inc.","description":"Un site utilisant WordPress","potentialAction":[{"@type":"SearchAction","target":{"@type":"EntryPoint","urlTemplate":"https:\/\/www.physipro.com\/?s={search_term_string}"},"query-input":"required name=search_term_string"}],"inLanguage":"fr-FR"}]}},"_links":{"self":[{"href":"https:\/\/www.physipro.com\/fr\/wp-json\/wp\/v2\/product\/32598","targetHints":{"allow":["GET"]}}],"collection":[{"href":"https:\/\/www.physipro.com\/fr\/wp-json\/wp\/v2\/product"}],"about":[{"href":"https:\/\/www.physipro.com\/fr\/wp-json\/wp\/v2\/types\/product"}],"replies":[{"embeddable":true,"href":"https:\/\/www.physipro.com\/fr\/wp-json\/wp\/v2\/comments?post=32598"}],"wp:featuredmedia":[{"embeddable":true,"href":"https:\/\/www.physipro.com\/fr\/wp-json\/wp\/v2\/media\/32585"}],"wp:attachment":[{"href":"https:\/\/www.physipro.com\/fr\/wp-json\/wp\/v2\/media?parent=32598"}],"wp:term":[{"taxonomy":"product_cat","embeddable":true,"href":"https:\/\/www.physipro.com\/fr\/wp-json\/wp\/v2\/product_cat?post=32598"},{"taxonomy":"product_tag","embeddable":true,"href":"https:\/\/www.physipro.com\/fr\/wp-json\/wp\/v2\/product_tag?post=32598"}],"curies":[{"name":"wp","href":"https:\/\/api.w.org\/{rel}","templated":true}]}}