{"id":32602,"date":"2021-05-31T07:25:26","date_gmt":"2021-05-31T07:25:26","guid":{"rendered":"https:\/\/www.physipro.com\/?post_type=product&#038;p=32602"},"modified":"2022-03-16T19:03:59","modified_gmt":"2022-03-16T19:03:59","slug":"courroie-stabilisatrice-aux-genoux","status":"publish","type":"product","link":"https:\/\/www.physipro.com\/fr\/produit\/courroie-stabilisatrice-aux-genoux\/","title":{"rendered":"Courroie stabilisatrice aux genoux"},"content":{"rendered":"<div class=\"wpb-content-wrapper\"><p>[vc_row full_width=&#8221;stretch_row_content&#8221; el_class=&#8221;btn-group-anchor&#8221;][vc_column]<a href=\"#video\" class=\"btn btn-default\"> <span>Documentations<\/span><\/a>[\/vc_column][\/vc_row][vc_row][vc_column width=&#8221;2\/3&#8243;][vc_gallery interval=&#8221;3&#8243; images=&#8221;32603&#8243; img_size=&#8221;full&#8221;][\/vc_column][vc_column width=&#8221;1\/3&#8243;][vc_column_text]La courroie stabilisatrice aux genoux pr\u00e9vient le glissement du bassin en stabilisant les genoux. Les ajustements de velcro permettent de bien positionner les courroies de nylon et r\u00e9duisent le glissement des cuisses et du bassin vers l\u2019avant, cela permet de maintenir une position d\u2019assise ad\u00e9quate et contribue \u00e0 l\u2019alignement des membres inf\u00e9rieurs. Les coussins en n\u00e9opr\u00e8ne souple sont finis sur la bordure par un cordon de lycra et enveloppe doucement les genoux pour am\u00e9liorer le confort et le soutien.[\/vc_column_text][\/vc_column][\/vc_row][vc_row id_attribute=&#8221;video&#8221; el_class=&#8221;btn-file-group&#8221;][vc_column][vc_column_text]<\/p>\n<h2>Documentations<\/h2>\n<p>[\/vc_column_text]<a href=\"https:\/\/www.physipro.com\/wp-content\/uploads\/Manuel_Utilisation_Courroie_stabilisatrice_aux_genoux.pdf\" target=\"_blank\"class=\"btn btn-default btn-lg\"><i class=\"fa fa- fa-lg\"><\/i> <span>Manuel d'utilisation<\/span><\/a><a href=\"https:\/\/www.physipro.com\/wp-content\/uploads\/BDC-2026-Stabilisateurs-membres-inferieurs-clic.pdf\" target=\"_blank\"class=\"btn btn-default btn-lg\"><i class=\"fa fa- fa-lg\"><\/i> <span>Bon de commande<\/span><\/a>[\/vc_column][\/vc_row]<\/p>\n<\/div>","protected":false},"excerpt":{"rendered":"<p>[vc_row full_width=&#8221;stretch_row_content&#8221; el_class=&#8221;btn-group-anchor&#8221;][vc_column][\/vc_column][\/vc_row][vc_row][vc_column width=&#8221;2\/3&#8243;][vc_gallery interval=&#8221;3&#8243; images=&#8221;32603&#8243; img_size=&#8221;full&#8221;][\/vc_column][vc_column width=&#8221;1\/3&#8243;][vc_column_text]La courroie stabilisatrice aux genoux pr\u00e9vient le glissement du bassin en stabilisant les genoux. Les ajustements de velcro permettent de bien positionner les courroies de nylon et r\u00e9duisent le glissement des cuisses et du bassin vers l\u2019avant, cela permet de maintenir une position&#8230;<\/p>\n <p><a class=\"read-more btn btn-primary btn-lg\" href=\"https:\/\/www.physipro.com\/fr\/produit\/courroie-stabilisatrice-aux-genoux\/\">Lire la suite<\/a><\/p>","protected":false},"featured_media":32603,"comment_status":"open","ping_status":"closed","template":"","meta":{"_acf_changed":false},"product_cat":[48],"product_tag":[],"class_list":{"0":"post-32602","1":"product","2":"type-product","3":"status-publish","4":"has-post-thumbnail","6":"product_cat-membres-inferieurs-fr","8":"first","9":"instock","10":"shipping-taxable","11":"product-type-simple"},"acf":[],"yoast_head":"<!-- This site is optimized with the Yoast SEO plugin v22.3 - https:\/\/yoast.com\/wordpress\/plugins\/seo\/ -->\n<title>Courroie stabilisatrice aux genoux - Physipro inc.<\/title>\n<meta name=\"robots\" content=\"index, follow, max-snippet:-1, max-image-preview:large, max-video-preview:-1\" \/>\n<link rel=\"canonical\" href=\"https:\/\/www.physipro.com\/fr\/produit\/courroie-stabilisatrice-aux-genoux\/\" \/>\n<meta property=\"og:locale\" content=\"fr_FR\" \/>\n<meta property=\"og:type\" content=\"article\" \/>\n<meta property=\"og:title\" content=\"Courroie stabilisatrice aux genoux - Physipro inc.\" \/>\n<meta property=\"og:description\" content=\"[vc_row full_width=&#8221;stretch_row_content&#8221; el_class=&#8221;btn-group-anchor&#8221;][vc_column][\/vc_column][\/vc_row][vc_row][vc_column width=&#8221;2\/3&#8243;][vc_gallery interval=&#8221;3&#8243; images=&#8221;32603&#8243; img_size=&#8221;full&#8221;][\/vc_column][vc_column width=&#8221;1\/3&#8243;][vc_column_text]La courroie stabilisatrice aux genoux pr\u00e9vient le glissement du bassin en stabilisant les genoux. Les ajustements de velcro permettent de bien positionner les courroies de nylon et r\u00e9duisent le glissement des cuisses et du bassin vers l\u2019avant, cela permet de maintenir une position...\" \/>\n<meta property=\"og:url\" content=\"https:\/\/www.physipro.com\/fr\/produit\/courroie-stabilisatrice-aux-genoux\/\" \/>\n<meta property=\"og:site_name\" content=\"Physipro inc.\" \/>\n<meta property=\"article:modified_time\" content=\"2022-03-16T19:03:59+00:00\" \/>\n<meta property=\"og:image\" content=\"https:\/\/www.physipro.com\/wp-content\/uploads\/bg-courroie-stabilisatrice.png\" \/>\n\t<meta property=\"og:image:width\" content=\"600\" \/>\n\t<meta property=\"og:image:height\" content=\"600\" \/>\n\t<meta property=\"og:image:type\" content=\"image\/png\" \/>\n<meta name=\"twitter:label1\" content=\"Dur\u00e9e de lecture estim\u00e9e\" \/>\n\t<meta name=\"twitter:data1\" content=\"1 minute\" \/>\n<script type=\"application\/ld+json\" class=\"yoast-schema-graph\">{\"@context\":\"https:\/\/schema.org\",\"@graph\":[{\"@type\":\"WebPage\",\"@id\":\"https:\/\/www.physipro.com\/fr\/produit\/courroie-stabilisatrice-aux-genoux\/\",\"url\":\"https:\/\/www.physipro.com\/fr\/produit\/courroie-stabilisatrice-aux-genoux\/\",\"name\":\"Courroie stabilisatrice aux genoux - Physipro inc.\",\"isPartOf\":{\"@id\":\"https:\/\/www.physipro.com\/#website\"},\"primaryImageOfPage\":{\"@id\":\"https:\/\/www.physipro.com\/fr\/produit\/courroie-stabilisatrice-aux-genoux\/#primaryimage\"},\"image\":{\"@id\":\"https:\/\/www.physipro.com\/fr\/produit\/courroie-stabilisatrice-aux-genoux\/#primaryimage\"},\"thumbnailUrl\":\"https:\/\/www.physipro.com\/wp-content\/uploads\/bg-courroie-stabilisatrice.png\",\"datePublished\":\"2021-05-31T07:25:26+00:00\",\"dateModified\":\"2022-03-16T19:03:59+00:00\",\"breadcrumb\":{\"@id\":\"https:\/\/www.physipro.com\/fr\/produit\/courroie-stabilisatrice-aux-genoux\/#breadcrumb\"},\"inLanguage\":\"fr-FR\",\"potentialAction\":[{\"@type\":\"ReadAction\",\"target\":[\"https:\/\/www.physipro.com\/fr\/produit\/courroie-stabilisatrice-aux-genoux\/\"]}]},{\"@type\":\"ImageObject\",\"inLanguage\":\"fr-FR\",\"@id\":\"https:\/\/www.physipro.com\/fr\/produit\/courroie-stabilisatrice-aux-genoux\/#primaryimage\",\"url\":\"https:\/\/www.physipro.com\/wp-content\/uploads\/bg-courroie-stabilisatrice.png\",\"contentUrl\":\"https:\/\/www.physipro.com\/wp-content\/uploads\/bg-courroie-stabilisatrice.png\",\"width\":600,\"height\":600},{\"@type\":\"BreadcrumbList\",\"@id\":\"https:\/\/www.physipro.com\/fr\/produit\/courroie-stabilisatrice-aux-genoux\/#breadcrumb\",\"itemListElement\":[{\"@type\":\"ListItem\",\"position\":1,\"name\":\"Accueil\",\"item\":\"https:\/\/www.physipro.com\/fr\/\"},{\"@type\":\"ListItem\",\"position\":2,\"name\":\"Boutique\",\"item\":\"https:\/\/www.physipro.com\/fr\/boutique\/\"},{\"@type\":\"ListItem\",\"position\":3,\"name\":\"Courroie stabilisatrice aux genoux\"}]},{\"@type\":\"WebSite\",\"@id\":\"https:\/\/www.physipro.com\/#website\",\"url\":\"https:\/\/www.physipro.com\/\",\"name\":\"Physipro inc.\",\"description\":\"Un site utilisant WordPress\",\"potentialAction\":[{\"@type\":\"SearchAction\",\"target\":{\"@type\":\"EntryPoint\",\"urlTemplate\":\"https:\/\/www.physipro.com\/?s={search_term_string}\"},\"query-input\":\"required name=search_term_string\"}],\"inLanguage\":\"fr-FR\"}]}<\/script>\n<!-- \/ Yoast SEO plugin. -->","yoast_head_json":{"title":"Courroie stabilisatrice aux genoux - Physipro inc.","robots":{"index":"index","follow":"follow","max-snippet":"max-snippet:-1","max-image-preview":"max-image-preview:large","max-video-preview":"max-video-preview:-1"},"canonical":"https:\/\/www.physipro.com\/fr\/produit\/courroie-stabilisatrice-aux-genoux\/","og_locale":"fr_FR","og_type":"article","og_title":"Courroie stabilisatrice aux genoux - Physipro inc.","og_description":"[vc_row full_width=&#8221;stretch_row_content&#8221; el_class=&#8221;btn-group-anchor&#8221;][vc_column][\/vc_column][\/vc_row][vc_row][vc_column width=&#8221;2\/3&#8243;][vc_gallery interval=&#8221;3&#8243; images=&#8221;32603&#8243; img_size=&#8221;full&#8221;][\/vc_column][vc_column width=&#8221;1\/3&#8243;][vc_column_text]La courroie stabilisatrice aux genoux pr\u00e9vient le glissement du bassin en stabilisant les genoux. Les ajustements de velcro permettent de bien positionner les courroies de nylon et r\u00e9duisent le glissement des cuisses et du bassin vers l\u2019avant, cela permet de maintenir une position...","og_url":"https:\/\/www.physipro.com\/fr\/produit\/courroie-stabilisatrice-aux-genoux\/","og_site_name":"Physipro inc.","article_modified_time":"2022-03-16T19:03:59+00:00","og_image":[{"width":600,"height":600,"url":"https:\/\/www.physipro.com\/wp-content\/uploads\/bg-courroie-stabilisatrice.png","type":"image\/png"}],"twitter_misc":{"Dur\u00e9e de lecture estim\u00e9e":"1 minute"},"schema":{"@context":"https:\/\/schema.org","@graph":[{"@type":"WebPage","@id":"https:\/\/www.physipro.com\/fr\/produit\/courroie-stabilisatrice-aux-genoux\/","url":"https:\/\/www.physipro.com\/fr\/produit\/courroie-stabilisatrice-aux-genoux\/","name":"Courroie stabilisatrice aux genoux - Physipro inc.","isPartOf":{"@id":"https:\/\/www.physipro.com\/#website"},"primaryImageOfPage":{"@id":"https:\/\/www.physipro.com\/fr\/produit\/courroie-stabilisatrice-aux-genoux\/#primaryimage"},"image":{"@id":"https:\/\/www.physipro.com\/fr\/produit\/courroie-stabilisatrice-aux-genoux\/#primaryimage"},"thumbnailUrl":"https:\/\/www.physipro.com\/wp-content\/uploads\/bg-courroie-stabilisatrice.png","datePublished":"2021-05-31T07:25:26+00:00","dateModified":"2022-03-16T19:03:59+00:00","breadcrumb":{"@id":"https:\/\/www.physipro.com\/fr\/produit\/courroie-stabilisatrice-aux-genoux\/#breadcrumb"},"inLanguage":"fr-FR","potentialAction":[{"@type":"ReadAction","target":["https:\/\/www.physipro.com\/fr\/produit\/courroie-stabilisatrice-aux-genoux\/"]}]},{"@type":"ImageObject","inLanguage":"fr-FR","@id":"https:\/\/www.physipro.com\/fr\/produit\/courroie-stabilisatrice-aux-genoux\/#primaryimage","url":"https:\/\/www.physipro.com\/wp-content\/uploads\/bg-courroie-stabilisatrice.png","contentUrl":"https:\/\/www.physipro.com\/wp-content\/uploads\/bg-courroie-stabilisatrice.png","width":600,"height":600},{"@type":"BreadcrumbList","@id":"https:\/\/www.physipro.com\/fr\/produit\/courroie-stabilisatrice-aux-genoux\/#breadcrumb","itemListElement":[{"@type":"ListItem","position":1,"name":"Accueil","item":"https:\/\/www.physipro.com\/fr\/"},{"@type":"ListItem","position":2,"name":"Boutique","item":"https:\/\/www.physipro.com\/fr\/boutique\/"},{"@type":"ListItem","position":3,"name":"Courroie stabilisatrice aux genoux"}]},{"@type":"WebSite","@id":"https:\/\/www.physipro.com\/#website","url":"https:\/\/www.physipro.com\/","name":"Physipro inc.","description":"Un site utilisant WordPress","potentialAction":[{"@type":"SearchAction","target":{"@type":"EntryPoint","urlTemplate":"https:\/\/www.physipro.com\/?s={search_term_string}"},"query-input":"required name=search_term_string"}],"inLanguage":"fr-FR"}]}},"_links":{"self":[{"href":"https:\/\/www.physipro.com\/fr\/wp-json\/wp\/v2\/product\/32602","targetHints":{"allow":["GET"]}}],"collection":[{"href":"https:\/\/www.physipro.com\/fr\/wp-json\/wp\/v2\/product"}],"about":[{"href":"https:\/\/www.physipro.com\/fr\/wp-json\/wp\/v2\/types\/product"}],"replies":[{"embeddable":true,"href":"https:\/\/www.physipro.com\/fr\/wp-json\/wp\/v2\/comments?post=32602"}],"wp:featuredmedia":[{"embeddable":true,"href":"https:\/\/www.physipro.com\/fr\/wp-json\/wp\/v2\/media\/32603"}],"wp:attachment":[{"href":"https:\/\/www.physipro.com\/fr\/wp-json\/wp\/v2\/media?parent=32602"}],"wp:term":[{"taxonomy":"product_cat","embeddable":true,"href":"https:\/\/www.physipro.com\/fr\/wp-json\/wp\/v2\/product_cat?post=32602"},{"taxonomy":"product_tag","embeddable":true,"href":"https:\/\/www.physipro.com\/fr\/wp-json\/wp\/v2\/product_tag?post=32602"}],"curies":[{"name":"wp","href":"https:\/\/api.w.org\/{rel}","templated":true}]}}