{"id":6179,"date":"2015-03-19T11:16:56","date_gmt":"2015-03-19T11:30:41","guid":{"rendered":"https:\/\/www.physipro.com\/?post_type=product&#038;p=6179"},"modified":"2026-03-10T15:05:58","modified_gmt":"2026-03-10T15:05:58","slug":"coussin-pression-zero-2","status":"publish","type":"product","link":"https:\/\/www.physipro.com\/fr\/produit\/coussin-pression-zero-2\/","title":{"rendered":"Coussin Pression Z\u00e9ro"},"content":{"rendered":"<div class=\"wpb-content-wrapper\"><p>[vc_row full_width=&#8221;stretch_row_content&#8221; el_class=&#8221;btn-group-anchor&#8221;][vc_column width=&#8221;1\/2&#8243;]<a href=\"#specifications\" class=\"btn btn-default\"> <span>Sp\u00e9cifications<\/span><\/a>[\/vc_column][vc_column width=&#8221;1\/2&#8243;]<a href=\"#video\" class=\"btn btn-default\"> <span>Documentations<\/span><\/a>[\/vc_column][\/vc_row][vc_row][vc_column width=&#8221;2\/3&#8243; css=&#8221;.vc_custom_1426700700204{padding-top: 100px !important;}&#8221;][vc_gallery interval=&#8221;3&#8243; images=&#8221;6161,6151&#8243; img_size=&#8221;full&#8221;][\/vc_column][vc_column width=&#8221;1\/3&#8243;][vc_column_text]<a href=\"https:\/\/www.physipro.com\/wp-content\/uploads\/2015\/03\/logoPZ.png\"><img loading=\"lazy\" decoding=\"async\" class=\"alignnone wp-image-6164\" src=\"https:\/\/www.physipro.com\/wp-content\/uploads\/2015\/03\/logoPZ-300x92.png\" alt=\"logoPZ\" width=\"241\" height=\"74\" srcset=\"https:\/\/www.physipro.com\/wp-content\/uploads\/2015\/03\/logoPZ-300x92.png 300w, https:\/\/www.physipro.com\/wp-content\/uploads\/2015\/03\/logoPZ-600x183.png 600w, https:\/\/www.physipro.com\/wp-content\/uploads\/2015\/03\/logoPZ-1024x313.png 1024w, https:\/\/www.physipro.com\/wp-content\/uploads\/2015\/03\/logoPZ.png 1202w\" sizes=\"auto, (max-width: 241px) 100vw, 241px\" \/><\/a><\/p>\n<p>Comme son nom l\u2019indique, le Pression Z\u00e9ro a \u00e9t\u00e9 d\u00e9velopp\u00e9 pour diminuer la pression sur les protub\u00e9rances osseuses en contr\u00f4lant la r\u00e9partition de la charge sur toute la surface du coussin.<\/p>\n<p>Les formes sp\u00e9cifiques du coussin, d\u00e9termin\u00e9es \u00e0 partir de donn\u00e9es recueillies par des capteurs de pression, permettent un blocage efficace du glissement du bassin vers l\u2019avant (bascule post\u00e9rieure) ainsi qu\u2019un bon maintien lat\u00e9ral favorisant un meilleur \u00e9quilibre de la posture.<\/p>\n<p><strong>Caract\u00e9ristiques\u00a0:<\/strong><\/p>\n<ul>\n<li>R\u00e9partition de la pression;<\/li>\n<li>\u00c9limination de la friction;<\/li>\n<li>Pr\u00e9vention des plaies;<\/li>\n<li>Absorption des chocs et vibrations;<\/li>\n<li>Stabilit\u00e9 et \u00e9quilibre.<\/li>\n<\/ul>\n<p>[\/vc_column_text][\/vc_column][\/vc_row][vc_row full_width=&#8221;stretch_row&#8221; id_attribute=&#8221;specifications&#8221; el_class=&#8221;section-specifications&#8221;][vc_column][vc_column_text]<\/p>\n<h2>Sp\u00e9cifications<\/h2>\n<p>[\/vc_column_text][vc_column_text el_class=&#8221;specification-table&#8221;]<\/p>\n<table>\n<tbody>\n<tr>\n<td><strong>Largeur Standard<\/strong><\/td>\n<td>38 \u00e0 51 cm<\/td>\n<\/tr>\n<tr>\n<td><strong>Profondeur Standard<\/strong><\/td>\n<td>38 \u00e0 51 cm<\/td>\n<\/tr>\n<tr>\n<td><strong>\u00c9paisseur<\/strong><\/td>\n<td>6,5 cm<\/td>\n<\/tr>\n<tr>\n<td><strong>Poids maximal<\/strong><\/td>\n<td>114 kg<\/td>\n<\/tr>\n<tr>\n<td><strong>Garantie<\/strong><\/td>\n<td>2 ans<\/td>\n<\/tr>\n<\/tbody>\n<\/table>\n<p>[\/vc_column_text][\/vc_column][\/vc_row][vc_row id_attribute=&#8221;video&#8221;][vc_column width=&#8221;2\/3&#8243;][vc_video link=&#8221;https:\/\/www.youtube.com\/watch?v=NuX8rrow0pQ&#8221;][\/vc_column][vc_column width=&#8221;1\/3&#8243; el_class=&#8221;btn-file-group&#8221;][vc_column_text]<\/p>\n<h2>Documentation<\/h2>\n<p>[\/vc_column_text]<a href=\"https:\/\/www.physipro.com\/wp-content\/uploads\/Manuel_Utilisation_Pression_Zero.pdf\" target=\"_blank\"class=\"btn btn-default btn-lg\"><i class=\"fa fa- fa-lg\"><\/i> <span>Manuel d'utilisation<\/span><\/a><a href=\"https:\/\/www.physipro.com\/wp-content\/uploads\/BDC-forfait-B-coussin-PZ-2.pdf\" target=\"_blank\"class=\"btn btn-default btn-lg\"><i class=\"fa fa- fa-lg\"><\/i> <span>Bon de commande Forfait B-Coussin PZ<\/span><\/a>[\/vc_column][\/vc_row]<\/p>\n<\/div>","protected":false},"excerpt":{"rendered":"<p>[vc_row full_width=&#8221;stretch_row_content&#8221; el_class=&#8221;btn-group-anchor&#8221;][vc_column width=&#8221;1\/2&#8243;][\/vc_column][vc_column width=&#8221;1\/2&#8243;][\/vc_column][\/vc_row][vc_row][vc_column width=&#8221;2\/3&#8243; css=&#8221;.vc_custom_1426700700204{padding-top: 100px !important;}&#8221;][vc_gallery interval=&#8221;3&#8243; images=&#8221;6161,6151&#8243; img_size=&#8221;full&#8221;][\/vc_column][vc_column width=&#8221;1\/3&#8243;][vc_column_text] Comme son nom l\u2019indique, le Pression Z\u00e9ro a \u00e9t\u00e9 d\u00e9velopp\u00e9 pour diminuer la pression sur les protub\u00e9rances osseuses en contr\u00f4lant la r\u00e9partition de la charge sur toute la surface du coussin. Les formes sp\u00e9cifiques du coussin, d\u00e9termin\u00e9es&#8230;<\/p>\n <p><a class=\"read-more btn btn-primary btn-lg\" href=\"https:\/\/www.physipro.com\/fr\/produit\/coussin-pression-zero-2\/\">Lire la suite<\/a><\/p>","protected":false},"featured_media":23016,"comment_status":"open","ping_status":"closed","template":"","meta":{"_acf_changed":false},"product_cat":[36,40],"product_tag":[],"class_list":{"0":"post-6179","1":"product","2":"type-product","3":"status-publish","4":"has-post-thumbnail","6":"product_cat-assises-et-positionnement-fr","7":"product_cat-coussins-fr","9":"first","10":"instock","11":"shipping-taxable","12":"product-type-simple"},"acf":[],"yoast_head":"<!-- This site is optimized with the Yoast SEO plugin v22.3 - https:\/\/yoast.com\/wordpress\/plugins\/seo\/ -->\n<title>Coussin Pression Z\u00e9ro - Physipro inc.<\/title>\n<meta name=\"robots\" content=\"index, follow, max-snippet:-1, max-image-preview:large, max-video-preview:-1\" \/>\n<link rel=\"canonical\" href=\"https:\/\/www.physipro.com\/fr\/produit\/coussin-pression-zero-2\/\" \/>\n<meta property=\"og:locale\" content=\"fr_FR\" \/>\n<meta property=\"og:type\" content=\"article\" \/>\n<meta property=\"og:title\" content=\"Coussin Pression Z\u00e9ro - Physipro inc.\" \/>\n<meta property=\"og:description\" content=\"[vc_row full_width=&#8221;stretch_row_content&#8221; el_class=&#8221;btn-group-anchor&#8221;][vc_column width=&#8221;1\/2&#8243;][\/vc_column][vc_column width=&#8221;1\/2&#8243;][\/vc_column][\/vc_row][vc_row][vc_column width=&#8221;2\/3&#8243; css=&#8221;.vc_custom_1426700700204{padding-top: 100px !important;}&#8221;][vc_gallery interval=&#8221;3&#8243; images=&#8221;6161,6151&#8243; img_size=&#8221;full&#8221;][\/vc_column][vc_column width=&#8221;1\/3&#8243;][vc_column_text] Comme son nom l\u2019indique, le Pression Z\u00e9ro a \u00e9t\u00e9 d\u00e9velopp\u00e9 pour diminuer la pression sur les protub\u00e9rances osseuses en contr\u00f4lant la r\u00e9partition de la charge sur toute la surface du coussin. Les formes sp\u00e9cifiques du coussin, d\u00e9termin\u00e9es...\" \/>\n<meta property=\"og:url\" content=\"https:\/\/www.physipro.com\/fr\/produit\/coussin-pression-zero-2\/\" \/>\n<meta property=\"og:site_name\" content=\"Physipro inc.\" \/>\n<meta property=\"article:modified_time\" content=\"2026-03-10T15:05:58+00:00\" \/>\n<meta property=\"og:image\" content=\"https:\/\/www.physipro.com\/wp-content\/uploads\/PRESSION-ZERO-600px.png\" \/>\n\t<meta property=\"og:image:width\" content=\"600\" \/>\n\t<meta property=\"og:image:height\" content=\"600\" \/>\n\t<meta property=\"og:image:type\" content=\"image\/png\" \/>\n<meta name=\"twitter:label1\" content=\"Dur\u00e9e de lecture estim\u00e9e\" \/>\n\t<meta name=\"twitter:data1\" content=\"1 minute\" \/>\n<script type=\"application\/ld+json\" class=\"yoast-schema-graph\">{\"@context\":\"https:\/\/schema.org\",\"@graph\":[{\"@type\":\"WebPage\",\"@id\":\"https:\/\/www.physipro.com\/fr\/produit\/coussin-pression-zero-2\/\",\"url\":\"https:\/\/www.physipro.com\/fr\/produit\/coussin-pression-zero-2\/\",\"name\":\"Coussin Pression Z\u00e9ro - Physipro inc.\",\"isPartOf\":{\"@id\":\"https:\/\/www.physipro.com\/#website\"},\"primaryImageOfPage\":{\"@id\":\"https:\/\/www.physipro.com\/fr\/produit\/coussin-pression-zero-2\/#primaryimage\"},\"image\":{\"@id\":\"https:\/\/www.physipro.com\/fr\/produit\/coussin-pression-zero-2\/#primaryimage\"},\"thumbnailUrl\":\"https:\/\/www.physipro.com\/wp-content\/uploads\/PRESSION-ZERO-600px.png\",\"datePublished\":\"2015-03-19T11:30:41+00:00\",\"dateModified\":\"2026-03-10T15:05:58+00:00\",\"breadcrumb\":{\"@id\":\"https:\/\/www.physipro.com\/fr\/produit\/coussin-pression-zero-2\/#breadcrumb\"},\"inLanguage\":\"fr-FR\",\"potentialAction\":[{\"@type\":\"ReadAction\",\"target\":[\"https:\/\/www.physipro.com\/fr\/produit\/coussin-pression-zero-2\/\"]}]},{\"@type\":\"ImageObject\",\"inLanguage\":\"fr-FR\",\"@id\":\"https:\/\/www.physipro.com\/fr\/produit\/coussin-pression-zero-2\/#primaryimage\",\"url\":\"https:\/\/www.physipro.com\/wp-content\/uploads\/PRESSION-ZERO-600px.png\",\"contentUrl\":\"https:\/\/www.physipro.com\/wp-content\/uploads\/PRESSION-ZERO-600px.png\",\"width\":600,\"height\":600},{\"@type\":\"BreadcrumbList\",\"@id\":\"https:\/\/www.physipro.com\/fr\/produit\/coussin-pression-zero-2\/#breadcrumb\",\"itemListElement\":[{\"@type\":\"ListItem\",\"position\":1,\"name\":\"Accueil\",\"item\":\"https:\/\/www.physipro.com\/fr\/\"},{\"@type\":\"ListItem\",\"position\":2,\"name\":\"Boutique\",\"item\":\"https:\/\/www.physipro.com\/fr\/boutique\/\"},{\"@type\":\"ListItem\",\"position\":3,\"name\":\"Coussin Pression Z\u00e9ro\"}]},{\"@type\":\"WebSite\",\"@id\":\"https:\/\/www.physipro.com\/#website\",\"url\":\"https:\/\/www.physipro.com\/\",\"name\":\"Physipro inc.\",\"description\":\"Un site utilisant WordPress\",\"potentialAction\":[{\"@type\":\"SearchAction\",\"target\":{\"@type\":\"EntryPoint\",\"urlTemplate\":\"https:\/\/www.physipro.com\/?s={search_term_string}\"},\"query-input\":\"required name=search_term_string\"}],\"inLanguage\":\"fr-FR\"}]}<\/script>\n<!-- \/ Yoast SEO plugin. -->","yoast_head_json":{"title":"Coussin Pression Z\u00e9ro - Physipro inc.","robots":{"index":"index","follow":"follow","max-snippet":"max-snippet:-1","max-image-preview":"max-image-preview:large","max-video-preview":"max-video-preview:-1"},"canonical":"https:\/\/www.physipro.com\/fr\/produit\/coussin-pression-zero-2\/","og_locale":"fr_FR","og_type":"article","og_title":"Coussin Pression Z\u00e9ro - Physipro inc.","og_description":"[vc_row full_width=&#8221;stretch_row_content&#8221; el_class=&#8221;btn-group-anchor&#8221;][vc_column width=&#8221;1\/2&#8243;][\/vc_column][vc_column width=&#8221;1\/2&#8243;][\/vc_column][\/vc_row][vc_row][vc_column width=&#8221;2\/3&#8243; css=&#8221;.vc_custom_1426700700204{padding-top: 100px !important;}&#8221;][vc_gallery interval=&#8221;3&#8243; images=&#8221;6161,6151&#8243; img_size=&#8221;full&#8221;][\/vc_column][vc_column width=&#8221;1\/3&#8243;][vc_column_text] Comme son nom l\u2019indique, le Pression Z\u00e9ro a \u00e9t\u00e9 d\u00e9velopp\u00e9 pour diminuer la pression sur les protub\u00e9rances osseuses en contr\u00f4lant la r\u00e9partition de la charge sur toute la surface du coussin. Les formes sp\u00e9cifiques du coussin, d\u00e9termin\u00e9es...","og_url":"https:\/\/www.physipro.com\/fr\/produit\/coussin-pression-zero-2\/","og_site_name":"Physipro inc.","article_modified_time":"2026-03-10T15:05:58+00:00","og_image":[{"width":600,"height":600,"url":"https:\/\/www.physipro.com\/wp-content\/uploads\/PRESSION-ZERO-600px.png","type":"image\/png"}],"twitter_misc":{"Dur\u00e9e de lecture estim\u00e9e":"1 minute"},"schema":{"@context":"https:\/\/schema.org","@graph":[{"@type":"WebPage","@id":"https:\/\/www.physipro.com\/fr\/produit\/coussin-pression-zero-2\/","url":"https:\/\/www.physipro.com\/fr\/produit\/coussin-pression-zero-2\/","name":"Coussin Pression Z\u00e9ro - Physipro inc.","isPartOf":{"@id":"https:\/\/www.physipro.com\/#website"},"primaryImageOfPage":{"@id":"https:\/\/www.physipro.com\/fr\/produit\/coussin-pression-zero-2\/#primaryimage"},"image":{"@id":"https:\/\/www.physipro.com\/fr\/produit\/coussin-pression-zero-2\/#primaryimage"},"thumbnailUrl":"https:\/\/www.physipro.com\/wp-content\/uploads\/PRESSION-ZERO-600px.png","datePublished":"2015-03-19T11:30:41+00:00","dateModified":"2026-03-10T15:05:58+00:00","breadcrumb":{"@id":"https:\/\/www.physipro.com\/fr\/produit\/coussin-pression-zero-2\/#breadcrumb"},"inLanguage":"fr-FR","potentialAction":[{"@type":"ReadAction","target":["https:\/\/www.physipro.com\/fr\/produit\/coussin-pression-zero-2\/"]}]},{"@type":"ImageObject","inLanguage":"fr-FR","@id":"https:\/\/www.physipro.com\/fr\/produit\/coussin-pression-zero-2\/#primaryimage","url":"https:\/\/www.physipro.com\/wp-content\/uploads\/PRESSION-ZERO-600px.png","contentUrl":"https:\/\/www.physipro.com\/wp-content\/uploads\/PRESSION-ZERO-600px.png","width":600,"height":600},{"@type":"BreadcrumbList","@id":"https:\/\/www.physipro.com\/fr\/produit\/coussin-pression-zero-2\/#breadcrumb","itemListElement":[{"@type":"ListItem","position":1,"name":"Accueil","item":"https:\/\/www.physipro.com\/fr\/"},{"@type":"ListItem","position":2,"name":"Boutique","item":"https:\/\/www.physipro.com\/fr\/boutique\/"},{"@type":"ListItem","position":3,"name":"Coussin Pression Z\u00e9ro"}]},{"@type":"WebSite","@id":"https:\/\/www.physipro.com\/#website","url":"https:\/\/www.physipro.com\/","name":"Physipro inc.","description":"Un site utilisant WordPress","potentialAction":[{"@type":"SearchAction","target":{"@type":"EntryPoint","urlTemplate":"https:\/\/www.physipro.com\/?s={search_term_string}"},"query-input":"required name=search_term_string"}],"inLanguage":"fr-FR"}]}},"_links":{"self":[{"href":"https:\/\/www.physipro.com\/fr\/wp-json\/wp\/v2\/product\/6179","targetHints":{"allow":["GET"]}}],"collection":[{"href":"https:\/\/www.physipro.com\/fr\/wp-json\/wp\/v2\/product"}],"about":[{"href":"https:\/\/www.physipro.com\/fr\/wp-json\/wp\/v2\/types\/product"}],"replies":[{"embeddable":true,"href":"https:\/\/www.physipro.com\/fr\/wp-json\/wp\/v2\/comments?post=6179"}],"wp:featuredmedia":[{"embeddable":true,"href":"https:\/\/www.physipro.com\/fr\/wp-json\/wp\/v2\/media\/23016"}],"wp:attachment":[{"href":"https:\/\/www.physipro.com\/fr\/wp-json\/wp\/v2\/media?parent=6179"}],"wp:term":[{"taxonomy":"product_cat","embeddable":true,"href":"https:\/\/www.physipro.com\/fr\/wp-json\/wp\/v2\/product_cat?post=6179"},{"taxonomy":"product_tag","embeddable":true,"href":"https:\/\/www.physipro.com\/fr\/wp-json\/wp\/v2\/product_tag?post=6179"}],"curies":[{"name":"wp","href":"https:\/\/api.w.org\/{rel}","templated":true}]}}