{"id":6811,"date":"2015-03-19T19:35:09","date_gmt":"2015-03-19T19:36:47","guid":{"rendered":"https:\/\/www.physipro.com\/?post_type=product&#038;p=6811"},"modified":"2025-01-23T15:42:36","modified_gmt":"2025-01-23T15:42:36","slug":"siege-rigide-2","status":"publish","type":"product","link":"https:\/\/www.physipro.com\/fr\/produit\/siege-rigide-2\/","title":{"rendered":"Si\u00e8ge rigide"},"content":{"rendered":"<div class=\"wpb-content-wrapper\"><p>[vc_row full_width=&#8221;stretch_row_content&#8221; el_class=&#8221;btn-group-anchor&#8221;][vc_column]<a href=\"#video\" class=\"btn btn-default\"> <span>Documentations<\/span><\/a>[\/vc_column][\/vc_row][vc_row][vc_column width=&#8221;2\/3&#8243;][vc_gallery interval=&#8221;3&#8243; images=&#8221;6788,6793&#8243; img_size=&#8221;full&#8221;][\/vc_column][vc_column width=&#8221;1\/3&#8243;][vc_column_text]Le si\u00e8ge rigide est utilis\u00e9 pour corriger une obliquit\u00e9 du bassin en favorisant sa stabilit\u00e9 et en permettant un meilleur contr\u00f4le des membres inf\u00e9rieurs.<\/p>\n<p>Il est offert en diff\u00e9rentes formes et formats selon la pathologie et les mesures anthropom\u00e9triques de l\u2019utilisateur. Le choix de sa composition est d\u00e9termin\u00e9 selon le poids \u00e0 supporter.<\/p>\n<p>Le syst\u00e8me d\u2019ancrage \u00e9volu\u00e9 permet divers r\u00e9glages, notamment pour obtenir la hauteur sol-si\u00e8ge et l\u2019angle de bascule d\u00e9sir\u00e9s. De plus, des rainures lat\u00e9rales permettent un ajustement en profondeur.<\/p>\n<p>Fix\u00e9 par des crochets d\u2019ancrages facilement ajustables, le si\u00e8ge rigide permet de garder un environnement fonctionnel et une posture contr\u00f4l\u00e9e. Lorsque les sp\u00e9cifications du fauteuil le permettent, il peut s\u2019installer sur les longerons d\u2019interface.<\/p>\n<p><strong>Caract\u00e9ristiques\u00a0:<\/strong><\/p>\n<ul>\n<li>Correction de l\u2019obliquit\u00e9 du bassin;<\/li>\n<li>Stabilit\u00e9 et contr\u00f4le des membres inf\u00e9rieurs;<\/li>\n<li>Ajustement en profondeur.<\/li>\n<\/ul>\n<p>[\/vc_column_text][\/vc_column][\/vc_row][vc_row id_attribute=&#8221;video&#8221; el_class=&#8221;btn-file-group&#8221;][vc_column][vc_column_text]<\/p>\n<h2>Documentation<\/h2>\n<p>[\/vc_column_text]<a href=\"https:\/\/www.physipro.com\/wp-content\/uploads\/2015\/04\/BDC-Plaque-dassise-Siege-rigide.pdf\" target=\"_blank\"class=\"btn btn-default btn-lg\"><i class=\"fa fa- fa-lg\"><\/i> <span>Manuel d'utilisation<\/span><\/a><a href=\"https:\/\/www.physipro.com\/wp-content\/uploads\/2015\/04\/BDC-Plaque-dassise-Siege-rigide.pdf\" target=\"_blank\"class=\"btn btn-default btn-lg\"><i class=\"fa fa-file-pdf-o fa-lg\"><\/i> <span>Bon de commande<\/span><\/a>[\/vc_column][\/vc_row]<\/p>\n<\/div>","protected":false},"excerpt":{"rendered":"<p>[vc_row full_width=&#8221;stretch_row_content&#8221; el_class=&#8221;btn-group-anchor&#8221;][vc_column][\/vc_column][\/vc_row][vc_row][vc_column width=&#8221;2\/3&#8243;][vc_gallery interval=&#8221;3&#8243; images=&#8221;6788,6793&#8243; img_size=&#8221;full&#8221;][\/vc_column][vc_column width=&#8221;1\/3&#8243;][vc_column_text]Le si\u00e8ge rigide est utilis\u00e9 pour corriger une obliquit\u00e9 du bassin en favorisant sa stabilit\u00e9 et en permettant un meilleur contr\u00f4le des membres inf\u00e9rieurs. Il est offert en diff\u00e9rentes formes et formats selon la pathologie et les mesures anthropom\u00e9triques de l\u2019utilisateur. Le choix&#8230;<\/p>\n <p><a class=\"read-more btn btn-primary btn-lg\" href=\"https:\/\/www.physipro.com\/fr\/produit\/siege-rigide-2\/\">Lire la suite<\/a><\/p>","protected":false},"featured_media":22698,"comment_status":"open","ping_status":"closed","template":"","meta":{"_acf_changed":false},"product_cat":[36,40],"product_tag":[],"class_list":{"0":"post-6811","1":"product","2":"type-product","3":"status-publish","4":"has-post-thumbnail","6":"product_cat-assises-et-positionnement-fr","7":"product_cat-coussins-fr","9":"first","10":"instock","11":"shipping-taxable","12":"product-type-simple"},"acf":[],"yoast_head":"<!-- This site is optimized with the Yoast SEO plugin v22.3 - https:\/\/yoast.com\/wordpress\/plugins\/seo\/ -->\n<title>Si\u00e8ge rigide - Physipro inc.<\/title>\n<meta name=\"robots\" content=\"index, follow, max-snippet:-1, max-image-preview:large, max-video-preview:-1\" \/>\n<link rel=\"canonical\" href=\"https:\/\/www.physipro.com\/fr\/produit\/siege-rigide-2\/\" \/>\n<meta property=\"og:locale\" content=\"fr_FR\" \/>\n<meta property=\"og:type\" content=\"article\" \/>\n<meta property=\"og:title\" content=\"Si\u00e8ge rigide - Physipro inc.\" \/>\n<meta property=\"og:description\" content=\"[vc_row full_width=&#8221;stretch_row_content&#8221; el_class=&#8221;btn-group-anchor&#8221;][vc_column][\/vc_column][\/vc_row][vc_row][vc_column width=&#8221;2\/3&#8243;][vc_gallery interval=&#8221;3&#8243; images=&#8221;6788,6793&#8243; img_size=&#8221;full&#8221;][\/vc_column][vc_column width=&#8221;1\/3&#8243;][vc_column_text]Le si\u00e8ge rigide est utilis\u00e9 pour corriger une obliquit\u00e9 du bassin en favorisant sa stabilit\u00e9 et en permettant un meilleur contr\u00f4le des membres inf\u00e9rieurs. Il est offert en diff\u00e9rentes formes et formats selon la pathologie et les mesures anthropom\u00e9triques de l\u2019utilisateur. Le choix...\" \/>\n<meta property=\"og:url\" content=\"https:\/\/www.physipro.com\/fr\/produit\/siege-rigide-2\/\" \/>\n<meta property=\"og:site_name\" content=\"Physipro inc.\" \/>\n<meta property=\"article:modified_time\" content=\"2025-01-23T15:42:36+00:00\" \/>\n<meta property=\"og:image\" content=\"https:\/\/www.physipro.com\/wp-content\/uploads\/siege_rigide_600x600.png\" \/>\n\t<meta property=\"og:image:width\" content=\"511\" \/>\n\t<meta property=\"og:image:height\" content=\"511\" \/>\n\t<meta property=\"og:image:type\" content=\"image\/png\" \/>\n<meta name=\"twitter:label1\" content=\"Dur\u00e9e de lecture estim\u00e9e\" \/>\n\t<meta name=\"twitter:data1\" content=\"1 minute\" \/>\n<script type=\"application\/ld+json\" class=\"yoast-schema-graph\">{\"@context\":\"https:\/\/schema.org\",\"@graph\":[{\"@type\":\"WebPage\",\"@id\":\"https:\/\/www.physipro.com\/fr\/produit\/siege-rigide-2\/\",\"url\":\"https:\/\/www.physipro.com\/fr\/produit\/siege-rigide-2\/\",\"name\":\"Si\u00e8ge rigide - Physipro inc.\",\"isPartOf\":{\"@id\":\"https:\/\/www.physipro.com\/#website\"},\"primaryImageOfPage\":{\"@id\":\"https:\/\/www.physipro.com\/fr\/produit\/siege-rigide-2\/#primaryimage\"},\"image\":{\"@id\":\"https:\/\/www.physipro.com\/fr\/produit\/siege-rigide-2\/#primaryimage\"},\"thumbnailUrl\":\"https:\/\/www.physipro.com\/wp-content\/uploads\/siege_rigide_600x600.png\",\"datePublished\":\"2015-03-19T19:36:47+00:00\",\"dateModified\":\"2025-01-23T15:42:36+00:00\",\"breadcrumb\":{\"@id\":\"https:\/\/www.physipro.com\/fr\/produit\/siege-rigide-2\/#breadcrumb\"},\"inLanguage\":\"fr-FR\",\"potentialAction\":[{\"@type\":\"ReadAction\",\"target\":[\"https:\/\/www.physipro.com\/fr\/produit\/siege-rigide-2\/\"]}]},{\"@type\":\"ImageObject\",\"inLanguage\":\"fr-FR\",\"@id\":\"https:\/\/www.physipro.com\/fr\/produit\/siege-rigide-2\/#primaryimage\",\"url\":\"https:\/\/www.physipro.com\/wp-content\/uploads\/siege_rigide_600x600.png\",\"contentUrl\":\"https:\/\/www.physipro.com\/wp-content\/uploads\/siege_rigide_600x600.png\",\"width\":511,\"height\":511},{\"@type\":\"BreadcrumbList\",\"@id\":\"https:\/\/www.physipro.com\/fr\/produit\/siege-rigide-2\/#breadcrumb\",\"itemListElement\":[{\"@type\":\"ListItem\",\"position\":1,\"name\":\"Accueil\",\"item\":\"https:\/\/www.physipro.com\/fr\/\"},{\"@type\":\"ListItem\",\"position\":2,\"name\":\"Boutique\",\"item\":\"https:\/\/www.physipro.com\/fr\/boutique\/\"},{\"@type\":\"ListItem\",\"position\":3,\"name\":\"Si\u00e8ge rigide\"}]},{\"@type\":\"WebSite\",\"@id\":\"https:\/\/www.physipro.com\/#website\",\"url\":\"https:\/\/www.physipro.com\/\",\"name\":\"Physipro inc.\",\"description\":\"Un site utilisant WordPress\",\"potentialAction\":[{\"@type\":\"SearchAction\",\"target\":{\"@type\":\"EntryPoint\",\"urlTemplate\":\"https:\/\/www.physipro.com\/?s={search_term_string}\"},\"query-input\":\"required name=search_term_string\"}],\"inLanguage\":\"fr-FR\"}]}<\/script>\n<!-- \/ Yoast SEO plugin. -->","yoast_head_json":{"title":"Si\u00e8ge rigide - Physipro inc.","robots":{"index":"index","follow":"follow","max-snippet":"max-snippet:-1","max-image-preview":"max-image-preview:large","max-video-preview":"max-video-preview:-1"},"canonical":"https:\/\/www.physipro.com\/fr\/produit\/siege-rigide-2\/","og_locale":"fr_FR","og_type":"article","og_title":"Si\u00e8ge rigide - Physipro inc.","og_description":"[vc_row full_width=&#8221;stretch_row_content&#8221; el_class=&#8221;btn-group-anchor&#8221;][vc_column][\/vc_column][\/vc_row][vc_row][vc_column width=&#8221;2\/3&#8243;][vc_gallery interval=&#8221;3&#8243; images=&#8221;6788,6793&#8243; img_size=&#8221;full&#8221;][\/vc_column][vc_column width=&#8221;1\/3&#8243;][vc_column_text]Le si\u00e8ge rigide est utilis\u00e9 pour corriger une obliquit\u00e9 du bassin en favorisant sa stabilit\u00e9 et en permettant un meilleur contr\u00f4le des membres inf\u00e9rieurs. Il est offert en diff\u00e9rentes formes et formats selon la pathologie et les mesures anthropom\u00e9triques de l\u2019utilisateur. Le choix...","og_url":"https:\/\/www.physipro.com\/fr\/produit\/siege-rigide-2\/","og_site_name":"Physipro inc.","article_modified_time":"2025-01-23T15:42:36+00:00","og_image":[{"width":511,"height":511,"url":"https:\/\/www.physipro.com\/wp-content\/uploads\/siege_rigide_600x600.png","type":"image\/png"}],"twitter_misc":{"Dur\u00e9e de lecture estim\u00e9e":"1 minute"},"schema":{"@context":"https:\/\/schema.org","@graph":[{"@type":"WebPage","@id":"https:\/\/www.physipro.com\/fr\/produit\/siege-rigide-2\/","url":"https:\/\/www.physipro.com\/fr\/produit\/siege-rigide-2\/","name":"Si\u00e8ge rigide - Physipro inc.","isPartOf":{"@id":"https:\/\/www.physipro.com\/#website"},"primaryImageOfPage":{"@id":"https:\/\/www.physipro.com\/fr\/produit\/siege-rigide-2\/#primaryimage"},"image":{"@id":"https:\/\/www.physipro.com\/fr\/produit\/siege-rigide-2\/#primaryimage"},"thumbnailUrl":"https:\/\/www.physipro.com\/wp-content\/uploads\/siege_rigide_600x600.png","datePublished":"2015-03-19T19:36:47+00:00","dateModified":"2025-01-23T15:42:36+00:00","breadcrumb":{"@id":"https:\/\/www.physipro.com\/fr\/produit\/siege-rigide-2\/#breadcrumb"},"inLanguage":"fr-FR","potentialAction":[{"@type":"ReadAction","target":["https:\/\/www.physipro.com\/fr\/produit\/siege-rigide-2\/"]}]},{"@type":"ImageObject","inLanguage":"fr-FR","@id":"https:\/\/www.physipro.com\/fr\/produit\/siege-rigide-2\/#primaryimage","url":"https:\/\/www.physipro.com\/wp-content\/uploads\/siege_rigide_600x600.png","contentUrl":"https:\/\/www.physipro.com\/wp-content\/uploads\/siege_rigide_600x600.png","width":511,"height":511},{"@type":"BreadcrumbList","@id":"https:\/\/www.physipro.com\/fr\/produit\/siege-rigide-2\/#breadcrumb","itemListElement":[{"@type":"ListItem","position":1,"name":"Accueil","item":"https:\/\/www.physipro.com\/fr\/"},{"@type":"ListItem","position":2,"name":"Boutique","item":"https:\/\/www.physipro.com\/fr\/boutique\/"},{"@type":"ListItem","position":3,"name":"Si\u00e8ge rigide"}]},{"@type":"WebSite","@id":"https:\/\/www.physipro.com\/#website","url":"https:\/\/www.physipro.com\/","name":"Physipro inc.","description":"Un site utilisant WordPress","potentialAction":[{"@type":"SearchAction","target":{"@type":"EntryPoint","urlTemplate":"https:\/\/www.physipro.com\/?s={search_term_string}"},"query-input":"required name=search_term_string"}],"inLanguage":"fr-FR"}]}},"_links":{"self":[{"href":"https:\/\/www.physipro.com\/fr\/wp-json\/wp\/v2\/product\/6811","targetHints":{"allow":["GET"]}}],"collection":[{"href":"https:\/\/www.physipro.com\/fr\/wp-json\/wp\/v2\/product"}],"about":[{"href":"https:\/\/www.physipro.com\/fr\/wp-json\/wp\/v2\/types\/product"}],"replies":[{"embeddable":true,"href":"https:\/\/www.physipro.com\/fr\/wp-json\/wp\/v2\/comments?post=6811"}],"wp:featuredmedia":[{"embeddable":true,"href":"https:\/\/www.physipro.com\/fr\/wp-json\/wp\/v2\/media\/22698"}],"wp:attachment":[{"href":"https:\/\/www.physipro.com\/fr\/wp-json\/wp\/v2\/media?parent=6811"}],"wp:term":[{"taxonomy":"product_cat","embeddable":true,"href":"https:\/\/www.physipro.com\/fr\/wp-json\/wp\/v2\/product_cat?post=6811"},{"taxonomy":"product_tag","embeddable":true,"href":"https:\/\/www.physipro.com\/fr\/wp-json\/wp\/v2\/product_tag?post=6811"}],"curies":[{"name":"wp","href":"https:\/\/api.w.org\/{rel}","templated":true}]}}