{"id":8703,"date":"2015-03-25T15:06:39","date_gmt":"2015-03-25T15:22:10","guid":{"rendered":"https:\/\/www.physipro.com\/?post_type=product&#038;p=8703"},"modified":"2022-03-14T20:12:32","modified_gmt":"2022-03-14T20:12:32","slug":"simulateur","status":"publish","type":"product","link":"https:\/\/www.physipro.com\/fr\/produit\/simulateur\/","title":{"rendered":"Simulateur"},"content":{"rendered":"<div class=\"wpb-content-wrapper\"><p>[vc_row full_width=&#8221;stretch_row_content&#8221; el_class=&#8221;btn-group-anchor&#8221; css=&#8221;.vc_custom_1427294049337{padding-top: 0px !important;}&#8221;][vc_column width=&#8221;1\/3&#8243;]<a href=\"#features\" class=\"btn btn-default\"> <span>Caract\u00e9ristiques<\/span><\/a>[\/vc_column][vc_column width=&#8221;1\/3&#8243;]<a href=\"#specifications\" class=\"btn btn-default\"> <span>Sp\u00e9cifications<\/span><\/a>[\/vc_column][vc_column width=&#8221;1\/3&#8243;]<a href=\"#video\" class=\"btn btn-default\"> <span>Documentations<\/span><\/a>[\/vc_column][\/vc_row][vc_row][vc_column width=&#8221;2\/3&#8243;][vc_gallery interval=&#8221;3&#8243; images=&#8221;8592,8602,8607,8612,8617,8597&#8243; img_size=&#8221;full&#8221;][\/vc_column][vc_column width=&#8221;1\/3&#8243;][vc_column_text]<a href=\"https:\/\/www.physipro.com\/wp-content\/uploads\/2015\/02\/logo_simulateur_fr.png\"><img loading=\"lazy\" decoding=\"async\" class=\"alignnone size-medium wp-image-8620\" src=\"https:\/\/www.physipro.com\/wp-content\/uploads\/2015\/02\/logo_simulateur_fr-300x37.png\" alt=\"logo_simulateur_fr\" width=\"300\" height=\"37\" srcset=\"https:\/\/www.physipro.com\/wp-content\/uploads\/2015\/02\/logo_simulateur_fr-300x37.png 300w, https:\/\/www.physipro.com\/wp-content\/uploads\/2015\/02\/logo_simulateur_fr-600x74.png 600w, https:\/\/www.physipro.com\/wp-content\/uploads\/2015\/02\/logo_simulateur_fr-1024x127.png 1024w\" sizes=\"auto, (max-width: 300px) 100vw, 300px\" \/><\/a><\/p>\n<p>Le Simulateur d\u2019\u00e9valuation posturale, qui a \u00e9t\u00e9 mis au point il y a plus de 20 ans, permet de simuler un \u00e9ventail de postures menant \u00e0 l\u2019attribution d\u2019une aide technique correctrice, confortable et fonctionnelle.<\/p>\n<p>Notre \u00e9quipe de techniciens peut, par la suite, r\u00e9aliser des aides techniques \u00e0 la posture et \u00e0 la mobilit\u00e9 \u00e0 partir de donn\u00e9es et crit\u00e8res tr\u00e8s pr\u00e9cis.<\/p>\n<p>Il permet l\u2019installation de trois types de dossiers\u00a0:<\/p>\n<p>1) \u00e0 tension ajustable (enfants et adultes) pour obtenir le profil du relief dorsal;<\/p>\n<p>2) rigide perfor\u00e9 pour les moulages;<\/p>\n<p>3) ou rigide quadrill\u00e9 pour d\u00e9finir avec exactitude l\u2019emplacement des appuis-thoraciques.[\/vc_column_text]<a href=\"https:\/\/www.physipro.com\/wp-content\/uploads\/2015\/02\/Brochure_Simulateur.pdf\" target=\"_blank\"class=\"btn btn-primary\"> <span>T\u00e9l\u00e9charger la brochure<\/span><\/a>[\/vc_column][\/vc_row][vc_row full_width=&#8221;stretch_row_content&#8221; css=&#8221;.vc_custom_1427294312358{padding-right: 100px !important;background-color: #f3f3f5 !important;}&#8221; el_class=&#8221;section-full&#8221; id_attribute=&#8221;features&#8221;][vc_column width=&#8221;1\/4&#8243; css=&#8221;.vc_custom_1427294599660{margin-left: 0px !important;border-left-width: 0px !important;padding-left: 0px !important;}&#8221;][vc_single_image image=&#8221;8673&#8243; img_size=&#8221;full&#8221;][\/vc_column][vc_column width=&#8221;1\/4&#8243;][vc_column_text css=&#8221;.vc_custom_1427296324376{padding-top: 100px !important;}&#8221;]<\/p>\n<h2>Syst\u00e8me de rep\u00e8re de mesure<\/h2>\n<p><span style=\"font-size: 14pt;\">Un ing\u00e9nieux syst\u00e8me de rep\u00e8res de mesure permet de\u00a0prendre rapidement et efficacement la largeur des \u00e9paules\u00a0et du thorax d\u2019un individu. Il permet aussi de d\u00e9terminer\u00a0l\u2019emplacement des appuis-thoraciques.<\/span>[\/vc_column_text][\/vc_column][vc_column width=&#8221;1\/4&#8243;][vc_single_image image=&#8221;8642&#8243; img_size=&#8221;full&#8221;][\/vc_column][vc_column width=&#8221;1\/4&#8243;][vc_column_text css=&#8221;.vc_custom_1427296670505{padding-top: 100px !important;}&#8221;]<\/p>\n<h2>Dossier avec toile \u00e0 tension r\u00e9glable<\/h2>\n<p><span style=\"font-size: 14pt;\">Le dossier Premium \u00e0 tension ajustable a \u00e9t\u00e9 cr\u00e9\u00e9 pour assurer un confort et un ajustement pour les patients atteints d\u2019une d\u00e9formation rachidienne, telle qu\u2019une cyphose. Les courroies bilat\u00e9rales de 2,5 cm\u00a0s\u2019ajustent individuellement et peuvent \u00eatre serr\u00e9es ou desserr\u00e9es au besoin. Ceci permet un ajustement continu du dossier pour offrir la position la plus appropri\u00e9e tout au long d\u2019une maladie d\u00e9g\u00e9n\u00e9rative ou lorsque des anomalies posturales s\u2019aggravent.<\/span>[\/vc_column_text][\/vc_column][\/vc_row][vc_row full_width=&#8221;stretch_row_content&#8221; el_class=&#8221;section-sticky row-middle&#8221; css=&#8221;.vc_custom_1427294363759{padding-left: 100px !important;}&#8221;][vc_column width=&#8221;1\/2&#8243;][vc_single_image image=&#8221;8682&#8243; img_size=&#8221;full&#8221; alignment=&#8221;center&#8221;][\/vc_column][vc_column width=&#8221;1\/2&#8243; css=&#8221;.vc_custom_1427294729850{padding-left: 50px !important;}&#8221;][vc_column_text]<\/p>\n<h2>Bascule et Inclinaison<\/h2>\n<p><span style=\"font-size: 14pt;\">L\u2019angle de bascule est actionn\u00e9 par les poign\u00e9es situ\u00e9es sur<br \/>\nles tubes qui supportent l\u2019appui-t\u00eate. Le goniom\u00e8tre situ\u00e9<br \/>\nsur la barre stabilisatrice permet une lecture pr\u00e9cise de<br \/>\nl\u2019angle de bascule.<\/span><\/p>\n<p><span style=\"font-size: 14pt;\">\u03b8 Max : 30\u00ba positif (vers l\u2019arri\u00e8re)<\/span><br \/>\n<span style=\"font-size: 14pt;\">\u03b8 Min : 10\u00ba negatif (vers l\u2019avant)<\/span>[\/vc_column_text][\/vc_column][\/vc_row][vc_row full_width=&#8221;stretch_row&#8221; css=&#8221;.vc_custom_1428431909063{background-color: #f3f3f5 !important;}&#8221; el_class=&#8221;section-full&#8221; id_attribute=&#8221;features&#8221;][vc_column width=&#8221;1\/3&#8243;][vc_column_text]<\/p>\n<h2>Foam-In-Place Seating (FIPS)<\/h2>\n<p><span style=\"font-size: 14pt;\">La m\u00e9thode Foam-In-Place Seating (FIPS) est une technologie de moulage de si\u00e8ge et dossier pour les clients ayant des probl\u00e8mes complexes de positionnement tel que des malformations ou des probl\u00e8mes de tonus. Le Simulateur permet \u00e9galement l\u2019utilisation d\u2019un syst\u00e8me de sac de moulage sous vide. Les ouvertures dans le dossier rigide facilitent l\u2019acc\u00e8s afin de bien r\u00e9ussir la prise d\u2019empreinte du client.<\/span>[\/vc_column_text][\/vc_column][vc_column width=&#8221;1\/3&#8243;][vc_single_image image=&#8221;8647&#8243; img_size=&#8221;full&#8221;][\/vc_column][vc_column width=&#8221;1\/3&#8243;][vc_single_image image=&#8221;8652&#8243; img_size=&#8221;full&#8221;][\/vc_column][\/vc_row][vc_row full_width=&#8221;stretch_row_content&#8221; el_class=&#8221;section-sticky row-middle&#8221; css=&#8221;.vc_custom_1427294788666{margin-top: 0px !important;margin-bottom: 0px !important;border-top-width: 0px !important;border-bottom-width: 0px !important;padding-top: 0px !important;padding-right: 100px !important;padding-bottom: 0px !important;}&#8221;][vc_column width=&#8221;1\/2&#8243; css=&#8221;.vc_custom_1427294770418{margin-top: 0px !important;margin-bottom: 0px !important;border-top-width: 0px !important;border-bottom-width: 0px !important;padding-top: 0px !important;padding-bottom: 0px !important;padding-left: 0px !important;}&#8221;][vc_single_image image=&#8221;8689&#8243; img_size=&#8221;full&#8221; alignment=&#8221;center&#8221; css=&#8221;.vc_custom_1427295254462{margin-top: 0px !important;margin-bottom: 0px !important;border-top-width: 0px !important;border-bottom-width: 0px !important;padding-top: 0px !important;padding-bottom: 0px !important;}&#8221;][\/vc_column][vc_column width=&#8221;1\/2&#8243; css=&#8221;.vc_custom_1427294943627{margin-top: 0px !important;border-top-width: 0px !important;padding-top: 0px !important;padding-left: 50px !important;}&#8221;][vc_column_text]<\/p>\n<h2>Biseau crural<\/h2>\n<p><span style=\"font-size: 14pt;\">Ce syst\u00e8me permet d\u2019\u00e9lever les genoux d\u2019une personne,<br \/>\noffrant ainsi une inclinaison du bassin. \u00c0 partir de\u00a00 \u00e0 6 cm.\u00a0<\/span>[\/vc_column_text][\/vc_column][\/vc_row][vc_row full_width=&#8221;stretch_row&#8221; id_attribute=&#8221;specifications&#8221; el_class=&#8221;section-specifications&#8221;][vc_column][vc_column_text]<\/p>\n<h2>Sp\u00e9cifications<\/h2>\n<p>[\/vc_column_text][vc_column_text el_class=&#8221;specification-table&#8221;]<\/p>\n<table>\n<tbody>\n<tr>\n<td><strong>Bascule si\u00e8ge-dossier<\/strong><\/td>\n<td>10\u00b0 \u00e0 30\u00b0<\/td>\n<\/tr>\n<tr>\n<td><strong>Inclinaison du dossier<\/strong><\/td>\n<td>85\u00b0 \u00e0 150\u00b0<\/td>\n<\/tr>\n<tr>\n<td><strong>Profondeur d\u2019assise<\/strong><\/td>\n<td>35 \u00e0 63 cm<\/td>\n<\/tr>\n<tr>\n<td><strong>Biseau crural<\/strong><\/td>\n<td>0 \u00e0 6 cm<\/td>\n<\/tr>\n<tr>\n<td><strong>Appuis-pelviens<\/strong><\/td>\n<td>18 \u00e0 53 cm<\/td>\n<\/tr>\n<tr>\n<td><strong>Appuis-thoraciques<\/strong><\/td>\n<td>lat\u00e9ral 22 \u00e0 50 cm<br \/>\nhauteur 28 \u00e0 45 cm<\/td>\n<\/tr>\n<tr>\n<td><strong>Support d\u2019appui-t\u00eate<\/strong><\/td>\n<td>hauteur 20 cm de course<br \/>\nlat\u00e9ral 15 cm de course soit 7 cm \u00e0 gauche et \u00e0 droite<br \/>\nprofondeur 10 \u00e0 12.50 cm<\/td>\n<\/tr>\n<tr>\n<td><strong>Appuis-bras<\/strong><\/td>\n<td>hauteur 0 \u00e0 40 cm<br \/>\nlargeur 20 \u00e0 53 cm<br \/>\nprofondeur 25 cm de course<\/td>\n<\/tr>\n<tr>\n<td><strong>Appui-pieds<\/strong><\/td>\n<td>Hauteur 33 \u00e0 53 cm<br \/>\nlargeur 30 \u00e0 53 cm<br \/>\nangle 60\u00b0, 70\u00b0 et 90\u00b0<\/td>\n<\/tr>\n<tr>\n<td><strong>Poids max. de l\u2019utilisateur<\/strong><\/td>\n<td>205 kg<\/td>\n<\/tr>\n<\/tbody>\n<\/table>\n<p>[\/vc_column_text][\/vc_column][\/vc_row][vc_row id_attribute=&#8221;video&#8221;][vc_column width=&#8221;2\/3&#8243;][vc_video link=&#8221;https:\/\/www.youtube.com\/watch?v=IU18UCogp-8&#8243;][vc_video link=&#8221;https:\/\/www.youtube.com\/watch?v=9MSwPZYTQho&#8221;][\/vc_column][vc_column width=&#8221;1\/3&#8243; el_class=&#8221;btn-file-group&#8221;][vc_column_text]<\/p>\n<h2>Documentations<\/h2>\n<p>[\/vc_column_text]<a href=\"https:\/\/www.physipro.com\/wp-content\/uploads\/2015\/02\/Brochure_Simulateur.pdf\" target=\"_blank\"class=\"btn btn-default btn-lg\"><i class=\"fa fa-file-pdf-o fa-lg\"><\/i> <span>Brochure<\/span><\/a><a href=\"https:\/\/www.physipro.com\/wp-content\/uploads\/Manuel_Utilisation_Simulateur_2023.pdf\" target=\"_blank\"class=\"btn btn-default btn-lg\"><i class=\"fa fa- fa-lg\"><\/i> <span>Manuel d'utilisation<\/span><\/a><a href=\"https:\/\/www.physipro.com\/wp-content\/uploads\/2015\/04\/BDC-Simulateur.pdf\" class=\"btn btn-default btn-lg\"><i class=\"fa fa- fa-lg\"><\/i> <span>Bon de commande<\/span><\/a>[\/vc_column][\/vc_row]<\/p>\n<\/div>","protected":false},"excerpt":{"rendered":"<p>[vc_row full_width=&#8221;stretch_row_content&#8221; el_class=&#8221;btn-group-anchor&#8221; css=&#8221;.vc_custom_1427294049337{padding-top: 0px !important;}&#8221;][vc_column width=&#8221;1\/3&#8243;][\/vc_column][vc_column width=&#8221;1\/3&#8243;][\/vc_column][vc_column width=&#8221;1\/3&#8243;][\/vc_column][\/vc_row][vc_row][vc_column width=&#8221;2\/3&#8243;][vc_gallery interval=&#8221;3&#8243; images=&#8221;8592,8602,8607,8612,8617,8597&#8243; img_size=&#8221;full&#8221;][\/vc_column][vc_column width=&#8221;1\/3&#8243;][vc_column_text] Le Simulateur d\u2019\u00e9valuation posturale, qui a \u00e9t\u00e9 mis au point il y a plus de 20 ans, permet de simuler un \u00e9ventail de postures menant \u00e0 l\u2019attribution d\u2019une aide technique correctrice, confortable et fonctionnelle. Notre \u00e9quipe&#8230;<\/p>\n <p><a class=\"read-more btn btn-primary btn-lg\" href=\"https:\/\/www.physipro.com\/fr\/produit\/simulateur\/\">Lire la suite<\/a><\/p>","protected":false},"featured_media":8602,"comment_status":"open","ping_status":"closed","template":"","meta":{"_acf_changed":false},"product_cat":[83],"product_tag":[],"class_list":{"0":"post-8703","1":"product","2":"type-product","3":"status-publish","4":"has-post-thumbnail","6":"product_cat-mobilite-fr-fr","8":"first","9":"instock","10":"shipping-taxable","11":"product-type-simple"},"acf":[],"yoast_head":"<!-- This site is optimized with the Yoast SEO plugin v22.3 - https:\/\/yoast.com\/wordpress\/plugins\/seo\/ -->\n<title>Simulateur - Physipro inc.<\/title>\n<meta name=\"robots\" content=\"index, follow, max-snippet:-1, max-image-preview:large, max-video-preview:-1\" \/>\n<link rel=\"canonical\" href=\"https:\/\/www.physipro.com\/fr\/produit\/simulateur\/\" \/>\n<meta property=\"og:locale\" content=\"fr_FR\" \/>\n<meta property=\"og:type\" content=\"article\" \/>\n<meta property=\"og:title\" content=\"Simulateur - Physipro inc.\" \/>\n<meta property=\"og:description\" content=\"[vc_row full_width=&#8221;stretch_row_content&#8221; el_class=&#8221;btn-group-anchor&#8221; css=&#8221;.vc_custom_1427294049337{padding-top: 0px !important;}&#8221;][vc_column width=&#8221;1\/3&#8243;][\/vc_column][vc_column width=&#8221;1\/3&#8243;][\/vc_column][vc_column width=&#8221;1\/3&#8243;][\/vc_column][\/vc_row][vc_row][vc_column width=&#8221;2\/3&#8243;][vc_gallery interval=&#8221;3&#8243; images=&#8221;8592,8602,8607,8612,8617,8597&#8243; img_size=&#8221;full&#8221;][\/vc_column][vc_column width=&#8221;1\/3&#8243;][vc_column_text] Le Simulateur d\u2019\u00e9valuation posturale, qui a \u00e9t\u00e9 mis au point il y a plus de 20 ans, permet de simuler un \u00e9ventail de postures menant \u00e0 l\u2019attribution d\u2019une aide technique correctrice, confortable et fonctionnelle. Notre \u00e9quipe...\" \/>\n<meta property=\"og:url\" content=\"https:\/\/www.physipro.com\/fr\/produit\/simulateur\/\" \/>\n<meta property=\"og:site_name\" content=\"Physipro inc.\" \/>\n<meta property=\"article:modified_time\" content=\"2022-03-14T20:12:32+00:00\" \/>\n<meta property=\"og:image\" content=\"https:\/\/www.physipro.com\/wp-content\/uploads\/2015\/02\/SIMULATEUR-861.png\" \/>\n\t<meta property=\"og:image:width\" content=\"600\" \/>\n\t<meta property=\"og:image:height\" content=\"699\" \/>\n\t<meta property=\"og:image:type\" content=\"image\/png\" \/>\n<meta name=\"twitter:label1\" content=\"Dur\u00e9e de lecture estim\u00e9e\" \/>\n\t<meta name=\"twitter:data1\" content=\"3 minutes\" \/>\n<script type=\"application\/ld+json\" class=\"yoast-schema-graph\">{\"@context\":\"https:\/\/schema.org\",\"@graph\":[{\"@type\":\"WebPage\",\"@id\":\"https:\/\/www.physipro.com\/fr\/produit\/simulateur\/\",\"url\":\"https:\/\/www.physipro.com\/fr\/produit\/simulateur\/\",\"name\":\"Simulateur - Physipro inc.\",\"isPartOf\":{\"@id\":\"https:\/\/www.physipro.com\/#website\"},\"primaryImageOfPage\":{\"@id\":\"https:\/\/www.physipro.com\/fr\/produit\/simulateur\/#primaryimage\"},\"image\":{\"@id\":\"https:\/\/www.physipro.com\/fr\/produit\/simulateur\/#primaryimage\"},\"thumbnailUrl\":\"https:\/\/www.physipro.com\/wp-content\/uploads\/2015\/02\/SIMULATEUR-861.png\",\"datePublished\":\"2015-03-25T15:22:10+00:00\",\"dateModified\":\"2022-03-14T20:12:32+00:00\",\"breadcrumb\":{\"@id\":\"https:\/\/www.physipro.com\/fr\/produit\/simulateur\/#breadcrumb\"},\"inLanguage\":\"fr-FR\",\"potentialAction\":[{\"@type\":\"ReadAction\",\"target\":[\"https:\/\/www.physipro.com\/fr\/produit\/simulateur\/\"]}]},{\"@type\":\"ImageObject\",\"inLanguage\":\"fr-FR\",\"@id\":\"https:\/\/www.physipro.com\/fr\/produit\/simulateur\/#primaryimage\",\"url\":\"https:\/\/www.physipro.com\/wp-content\/uploads\/2015\/02\/SIMULATEUR-861.png\",\"contentUrl\":\"https:\/\/www.physipro.com\/wp-content\/uploads\/2015\/02\/SIMULATEUR-861.png\",\"width\":600,\"height\":699},{\"@type\":\"BreadcrumbList\",\"@id\":\"https:\/\/www.physipro.com\/fr\/produit\/simulateur\/#breadcrumb\",\"itemListElement\":[{\"@type\":\"ListItem\",\"position\":1,\"name\":\"Accueil\",\"item\":\"https:\/\/www.physipro.com\/fr\/\"},{\"@type\":\"ListItem\",\"position\":2,\"name\":\"Boutique\",\"item\":\"https:\/\/www.physipro.com\/fr\/boutique\/\"},{\"@type\":\"ListItem\",\"position\":3,\"name\":\"Simulateur\"}]},{\"@type\":\"WebSite\",\"@id\":\"https:\/\/www.physipro.com\/#website\",\"url\":\"https:\/\/www.physipro.com\/\",\"name\":\"Physipro inc.\",\"description\":\"Un site utilisant WordPress\",\"potentialAction\":[{\"@type\":\"SearchAction\",\"target\":{\"@type\":\"EntryPoint\",\"urlTemplate\":\"https:\/\/www.physipro.com\/?s={search_term_string}\"},\"query-input\":\"required name=search_term_string\"}],\"inLanguage\":\"fr-FR\"}]}<\/script>\n<!-- \/ Yoast SEO plugin. -->","yoast_head_json":{"title":"Simulateur - Physipro inc.","robots":{"index":"index","follow":"follow","max-snippet":"max-snippet:-1","max-image-preview":"max-image-preview:large","max-video-preview":"max-video-preview:-1"},"canonical":"https:\/\/www.physipro.com\/fr\/produit\/simulateur\/","og_locale":"fr_FR","og_type":"article","og_title":"Simulateur - Physipro inc.","og_description":"[vc_row full_width=&#8221;stretch_row_content&#8221; el_class=&#8221;btn-group-anchor&#8221; css=&#8221;.vc_custom_1427294049337{padding-top: 0px !important;}&#8221;][vc_column width=&#8221;1\/3&#8243;][\/vc_column][vc_column width=&#8221;1\/3&#8243;][\/vc_column][vc_column width=&#8221;1\/3&#8243;][\/vc_column][\/vc_row][vc_row][vc_column width=&#8221;2\/3&#8243;][vc_gallery interval=&#8221;3&#8243; images=&#8221;8592,8602,8607,8612,8617,8597&#8243; img_size=&#8221;full&#8221;][\/vc_column][vc_column width=&#8221;1\/3&#8243;][vc_column_text] Le Simulateur d\u2019\u00e9valuation posturale, qui a \u00e9t\u00e9 mis au point il y a plus de 20 ans, permet de simuler un \u00e9ventail de postures menant \u00e0 l\u2019attribution d\u2019une aide technique correctrice, confortable et fonctionnelle. Notre \u00e9quipe...","og_url":"https:\/\/www.physipro.com\/fr\/produit\/simulateur\/","og_site_name":"Physipro inc.","article_modified_time":"2022-03-14T20:12:32+00:00","og_image":[{"width":600,"height":699,"url":"https:\/\/www.physipro.com\/wp-content\/uploads\/2015\/02\/SIMULATEUR-861.png","type":"image\/png"}],"twitter_misc":{"Dur\u00e9e de lecture estim\u00e9e":"3 minutes"},"schema":{"@context":"https:\/\/schema.org","@graph":[{"@type":"WebPage","@id":"https:\/\/www.physipro.com\/fr\/produit\/simulateur\/","url":"https:\/\/www.physipro.com\/fr\/produit\/simulateur\/","name":"Simulateur - Physipro inc.","isPartOf":{"@id":"https:\/\/www.physipro.com\/#website"},"primaryImageOfPage":{"@id":"https:\/\/www.physipro.com\/fr\/produit\/simulateur\/#primaryimage"},"image":{"@id":"https:\/\/www.physipro.com\/fr\/produit\/simulateur\/#primaryimage"},"thumbnailUrl":"https:\/\/www.physipro.com\/wp-content\/uploads\/2015\/02\/SIMULATEUR-861.png","datePublished":"2015-03-25T15:22:10+00:00","dateModified":"2022-03-14T20:12:32+00:00","breadcrumb":{"@id":"https:\/\/www.physipro.com\/fr\/produit\/simulateur\/#breadcrumb"},"inLanguage":"fr-FR","potentialAction":[{"@type":"ReadAction","target":["https:\/\/www.physipro.com\/fr\/produit\/simulateur\/"]}]},{"@type":"ImageObject","inLanguage":"fr-FR","@id":"https:\/\/www.physipro.com\/fr\/produit\/simulateur\/#primaryimage","url":"https:\/\/www.physipro.com\/wp-content\/uploads\/2015\/02\/SIMULATEUR-861.png","contentUrl":"https:\/\/www.physipro.com\/wp-content\/uploads\/2015\/02\/SIMULATEUR-861.png","width":600,"height":699},{"@type":"BreadcrumbList","@id":"https:\/\/www.physipro.com\/fr\/produit\/simulateur\/#breadcrumb","itemListElement":[{"@type":"ListItem","position":1,"name":"Accueil","item":"https:\/\/www.physipro.com\/fr\/"},{"@type":"ListItem","position":2,"name":"Boutique","item":"https:\/\/www.physipro.com\/fr\/boutique\/"},{"@type":"ListItem","position":3,"name":"Simulateur"}]},{"@type":"WebSite","@id":"https:\/\/www.physipro.com\/#website","url":"https:\/\/www.physipro.com\/","name":"Physipro inc.","description":"Un site utilisant WordPress","potentialAction":[{"@type":"SearchAction","target":{"@type":"EntryPoint","urlTemplate":"https:\/\/www.physipro.com\/?s={search_term_string}"},"query-input":"required name=search_term_string"}],"inLanguage":"fr-FR"}]}},"_links":{"self":[{"href":"https:\/\/www.physipro.com\/fr\/wp-json\/wp\/v2\/product\/8703","targetHints":{"allow":["GET"]}}],"collection":[{"href":"https:\/\/www.physipro.com\/fr\/wp-json\/wp\/v2\/product"}],"about":[{"href":"https:\/\/www.physipro.com\/fr\/wp-json\/wp\/v2\/types\/product"}],"replies":[{"embeddable":true,"href":"https:\/\/www.physipro.com\/fr\/wp-json\/wp\/v2\/comments?post=8703"}],"wp:featuredmedia":[{"embeddable":true,"href":"https:\/\/www.physipro.com\/fr\/wp-json\/wp\/v2\/media\/8602"}],"wp:attachment":[{"href":"https:\/\/www.physipro.com\/fr\/wp-json\/wp\/v2\/media?parent=8703"}],"wp:term":[{"taxonomy":"product_cat","embeddable":true,"href":"https:\/\/www.physipro.com\/fr\/wp-json\/wp\/v2\/product_cat?post=8703"},{"taxonomy":"product_tag","embeddable":true,"href":"https:\/\/www.physipro.com\/fr\/wp-json\/wp\/v2\/product_tag?post=8703"}],"curies":[{"name":"wp","href":"https:\/\/api.w.org\/{rel}","templated":true}]}}