{"id":8725,"date":"2015-03-25T16:17:54","date_gmt":"2015-03-25T16:17:54","guid":{"rendered":"https:\/\/www.physipro.com\/product\/regle-coulissante-2\/"},"modified":"2015-04-08T16:45:14","modified_gmt":"2015-04-08T16:45:14","slug":"regle-coulissante","status":"publish","type":"product","link":"https:\/\/www.physipro.com\/fr\/produit\/regle-coulissante\/","title":{"rendered":"R\u00e8gle coulissante"},"content":{"rendered":"<div class=\"wpb-content-wrapper\"><p>[vc_row css=&#8221;.vc_custom_1428432650319{padding-top: 100px !important;}&#8221;][vc_column width=&#8221;1\/2&#8243; animation=&#8221;none&#8221;][vc_gallery type=&#8221;flexslider_fade&#8221; interval=&#8221;3&#8243; images=&#8221;8382&#8243; onclick=&#8221;link_image&#8221; custom_links_target=&#8221;_self&#8221; img_size=&#8221;full&#8221;][\/vc_column][vc_column width=&#8221;1\/2&#8243; animation=&#8221;none&#8221;][vc_column_text]<\/p>\n<h2>R\u00e8gle coulissante<\/h2>\n<p>[\/vc_column_text][vc_column_text]Efficace et pr\u00e9cise, cette r\u00e8gle coulissante d\u2019une qualit\u00e9 sup\u00e9rieure est un incontournable pour les prises de donn\u00e9es anthropom\u00e9triques.[\/vc_column_text]<a href=\"https:\/\/www.physipro.com\/wp-content\/uploads\/2015\/04\/BDC-2026-Autres-elements-devaluation-clic.pdf\" target=\"_blank\"class=\"btn btn-primary\"> <span>T\u00e9l\u00e9charger le bon de commande<\/span><\/a>[vc_column_text]<\/p>\n<p>&nbsp;<\/p>\n<p>&nbsp;<\/p>\n<p>&nbsp;<\/p>\n<p>&nbsp;<\/p>\n<p>&nbsp;<\/p>\n<p>&nbsp;<\/p>\n<p>[\/vc_column_text][\/vc_column][\/vc_row][vc_row full_width=&#8221;stretch_row&#8221; css=&#8221;.vc_custom_1427300443757{padding-top: 0px !important;background-color: #eff0f1 !important;}&#8221; el_class=&#8221;section-default section-last&#8221;][vc_column width=&#8221;1\/1&#8243;][vc_column_text el_class=&#8221;physipro-title&#8221;]<\/p>\n<h2>Les produits Physipro<\/h2>\n<p>[\/vc_column_text][vc_column_text]<div class=\"woocommerce columns-4\"><ul class=\"products columns-4\">\n<li class=\"physipro-category-item product-category product first\">\r\n\r\n\t<a aria-label=\"Visit product category Assises et dossiers\" href=\"https:\/\/www.physipro.com\/fr\/categorie-produit\/assises-et-positionnement-fr\/\">\r\n\t<a href=\"https:\/\/www.physipro.com\/fr\/categorie-produit\/assises-et-positionnement-fr\/\">\r\n\r\n\t\t<div class=\"physipro-category-item--inner\">\r\n\r\n\t\t\t<div class=\"product-category-item--thumb\">\r\n\t\t\t\t<img decoding=\"async\" src=\"https:\/\/www.physipro.com\/wp-content\/uploads\/2017\/01\/menuFrance-1.png\" alt=\"Assises et dossiers\" width=\"300\" height=\"\" srcset=\"https:\/\/www.physipro.com\/wp-content\/uploads\/2017\/01\/menuFrance-1.png 300w, https:\/\/www.physipro.com\/wp-content\/uploads\/2017\/01\/menuFrance-1-100x100.png 100w, https:\/\/www.physipro.com\/wp-content\/uploads\/2017\/01\/menuFrance-1-150x150.png 150w\" sizes=\"(max-width: 300px) 100vw, 300px\" \/>\t\t\t<\/div>\r\n\r\n\t\t\t<h3>\r\n\t\t\t\tAssises et dossiers\t\t\t<\/h3>\r\n\r\n\t\t\t\t\t<\/div>\r\n\r\n\t\t<div class=\"physipro-category-item--hover\">\r\n\t\t\t<div class=\"item-hover-content\">\r\n\t\t\t\tNos produits\t\t\t\t<div class=\"item-hover-title\">Assises et dossiers<\/div>\r\n\t\t\t<\/div>\r\n\r\n\t\t\t<div class=\"item-hover-more\"><i class=\"fa fa-plus\"><\/i><\/div>\r\n\t\t<\/div>\r\n\r\n\t<\/a>\r\n\r\n\t<\/a>\r\n<\/li>\r\n<li class=\"physipro-category-item product-category product\">\r\n\r\n\t<a aria-label=\"Visit product category \u00c9l\u00e9ments et syst\u00e8mes stabilisateurs\" href=\"https:\/\/www.physipro.com\/fr\/categorie-produit\/positionnement-et-systemes-stabilisateurs-fr\/\">\r\n\t<a href=\"https:\/\/www.physipro.com\/fr\/categorie-produit\/positionnement-et-systemes-stabilisateurs-fr\/\">\r\n\r\n\t\t<div class=\"physipro-category-item--inner\">\r\n\r\n\t\t\t<div class=\"product-category-item--thumb\">\r\n\t\t\t\t<img decoding=\"async\" src=\"https:\/\/www.physipro.com\/wp-content\/uploads\/2015\/03\/categorie_stabilisateur-300x300.png\" alt=\"\u00c9l\u00e9ments et syst\u00e8mes stabilisateurs\" width=\"300\" height=\"\" srcset=\"https:\/\/www.physipro.com\/wp-content\/uploads\/2015\/03\/categorie_stabilisateur-300x300.png 300w, https:\/\/www.physipro.com\/wp-content\/uploads\/2015\/03\/categorie_stabilisateur-100x100.png 100w, https:\/\/www.physipro.com\/wp-content\/uploads\/2015\/03\/categorie_stabilisateur.png 600w, https:\/\/www.physipro.com\/wp-content\/uploads\/2015\/03\/categorie_stabilisateur-150x150.png 150w\" sizes=\"(max-width: 300px) 100vw, 300px\" \/>\t\t\t<\/div>\r\n\r\n\t\t\t<h3>\r\n\t\t\t\t\u00c9l\u00e9ments et syst\u00e8mes stabilisateurs\t\t\t<\/h3>\r\n\r\n\t\t\t\t\t<\/div>\r\n\r\n\t\t<div class=\"physipro-category-item--hover\">\r\n\t\t\t<div class=\"item-hover-content\">\r\n\t\t\t\tNos produits\t\t\t\t<div class=\"item-hover-title\">\u00c9l\u00e9ments et syst\u00e8mes stabilisateurs<\/div>\r\n\t\t\t<\/div>\r\n\r\n\t\t\t<div class=\"item-hover-more\"><i class=\"fa fa-plus\"><\/i><\/div>\r\n\t\t<\/div>\r\n\r\n\t<\/a>\r\n\r\n\t<\/a>\r\n<\/li>\r\n<li class=\"physipro-category-item product-category product\">\r\n\r\n\t<a aria-label=\"Visit product category Mobilit\u00e9\" href=\"https:\/\/www.physipro.com\/fr\/categorie-produit\/mobilite-fr-fr\/\">\r\n\t<a href=\"https:\/\/www.physipro.com\/fr\/categorie-produit\/mobilite-fr-fr\/\">\r\n\r\n\t\t<div class=\"physipro-category-item--inner\">\r\n\r\n\t\t\t<div class=\"product-category-item--thumb\">\r\n\t\t\t\t<img decoding=\"async\" src=\"https:\/\/www.physipro.com\/wp-content\/uploads\/NEOX_600x600-300x300.png\" alt=\"Mobilit\u00e9\" width=\"300\" height=\"\" srcset=\"https:\/\/www.physipro.com\/wp-content\/uploads\/NEOX_600x600-300x300.png 300w, https:\/\/www.physipro.com\/wp-content\/uploads\/NEOX_600x600-150x150.png 150w, https:\/\/www.physipro.com\/wp-content\/uploads\/NEOX_600x600.png 600w, https:\/\/www.physipro.com\/wp-content\/uploads\/NEOX_600x600-100x100.png 100w\" sizes=\"(max-width: 300px) 100vw, 300px\" \/>\t\t\t<\/div>\r\n\r\n\t\t\t<h3>\r\n\t\t\t\tMobilit\u00e9\t\t\t<\/h3>\r\n\r\n\t\t\t\t\t<\/div>\r\n\r\n\t\t<div class=\"physipro-category-item--hover\">\r\n\t\t\t<div class=\"item-hover-content\">\r\n\t\t\t\tNos produits\t\t\t\t<div class=\"item-hover-title\">Mobilit\u00e9<\/div>\r\n\t\t\t<\/div>\r\n\r\n\t\t\t<div class=\"item-hover-more\"><i class=\"fa fa-plus\"><\/i><\/div>\r\n\t\t<\/div>\r\n\r\n\t<\/a>\r\n\r\n\t<\/a>\r\n<\/li>\r\n<li class=\"physipro-category-item product-category product last\">\r\n\r\n\t<a aria-label=\"Visit product category Prot\u00e8ge Rayons\" href=\"https:\/\/www.physipro.com\/fr\/categorie-produit\/protege-rayons-fr\/\">\r\n\t<a href=\"https:\/\/www.physipro.com\/fr\/categorie-produit\/protege-rayons-fr\/\">\r\n\r\n\t\t<div class=\"physipro-category-item--inner\">\r\n\r\n\t\t\t<div class=\"product-category-item--thumb\">\r\n\t\t\t\t<img decoding=\"async\" src=\"https:\/\/www.physipro.com\/wp-content\/uploads\/2015\/03\/enfant1-300x300.png\" alt=\"Prot\u00e8ge Rayons\" width=\"300\" height=\"\" srcset=\"https:\/\/www.physipro.com\/wp-content\/uploads\/2015\/03\/enfant1-300x300.png 300w, https:\/\/www.physipro.com\/wp-content\/uploads\/2015\/03\/enfant1-100x100.png 100w, https:\/\/www.physipro.com\/wp-content\/uploads\/2015\/03\/enfant1.png 600w, https:\/\/www.physipro.com\/wp-content\/uploads\/2015\/03\/enfant1-150x150.png 150w\" sizes=\"(max-width: 300px) 100vw, 300px\" \/>\t\t\t<\/div>\r\n\r\n\t\t\t<h3>\r\n\t\t\t\tProt\u00e8ge Rayons\t\t\t<\/h3>\r\n\r\n\t\t\t\t\t<\/div>\r\n\r\n\t\t<div class=\"physipro-category-item--hover\">\r\n\t\t\t<div class=\"item-hover-content\">\r\n\t\t\t\tNos produits\t\t\t\t<div class=\"item-hover-title\">Prot\u00e8ge Rayons<\/div>\r\n\t\t\t<\/div>\r\n\r\n\t\t\t<div class=\"item-hover-more\"><i class=\"fa fa-plus\"><\/i><\/div>\r\n\t\t<\/div>\r\n\r\n\t<\/a>\r\n\r\n\t<\/a>\r\n<\/li>\r\n<li class=\"physipro-category-item product-category product first\">\r\n\r\n\t<a aria-label=\"Visit product category Uncategorized @en-ca\" href=\"https:\/\/www.physipro.com\/fr\/product-category\/uncategorized-en-ca\/\">\r\n\t<a href=\"https:\/\/www.physipro.com\/fr\/product-category\/uncategorized-en-ca\/\">\r\n\r\n\t\t<div class=\"physipro-category-item--inner\">\r\n\r\n\t\t\t<div class=\"product-category-item--thumb\">\r\n\t\t\t\t<img decoding=\"async\" src=\"https:\/\/www.physipro.com\/wp-content\/uploads\/woocommerce-placeholder-300x300.png\" alt=\"Uncategorized @en-ca\" width=\"300\" height=\"\" \/>\t\t\t<\/div>\r\n\r\n\t\t\t<h3>\r\n\t\t\t\tUncategorized @en-ca\t\t\t<\/h3>\r\n\r\n\t\t\t\t\t<\/div>\r\n\r\n\t\t<div class=\"physipro-category-item--hover\">\r\n\t\t\t<div class=\"item-hover-content\">\r\n\t\t\t\tNos produits\t\t\t\t<div class=\"item-hover-title\">Uncategorized @en-ca<\/div>\r\n\t\t\t<\/div>\r\n\r\n\t\t\t<div class=\"item-hover-more\"><i class=\"fa fa-plus\"><\/i><\/div>\r\n\t\t<\/div>\r\n\r\n\t<\/a>\r\n\r\n\t<\/a>\r\n<\/li>\r\n<li class=\"physipro-category-item product-category product\">\r\n\r\n\t<a aria-label=\"Visit product category Vie quotidienne\" href=\"https:\/\/www.physipro.com\/fr\/categorie-produit\/vie-quotidienne-fr\/\">\r\n\t<a href=\"https:\/\/www.physipro.com\/fr\/categorie-produit\/vie-quotidienne-fr\/\">\r\n\r\n\t\t<div class=\"physipro-category-item--inner\">\r\n\r\n\t\t\t<div class=\"product-category-item--thumb\">\r\n\t\t\t\t<img decoding=\"async\" src=\"https:\/\/www.physipro.com\/wp-content\/uploads\/appuis-thoracique_lit_500x500-300x300.png\" alt=\"Vie quotidienne\" width=\"300\" height=\"\" srcset=\"https:\/\/www.physipro.com\/wp-content\/uploads\/appuis-thoracique_lit_500x500-300x300.png 300w, https:\/\/www.physipro.com\/wp-content\/uploads\/appuis-thoracique_lit_500x500-150x150.png 150w, https:\/\/www.physipro.com\/wp-content\/uploads\/appuis-thoracique_lit_500x500-100x100.png 100w, https:\/\/www.physipro.com\/wp-content\/uploads\/appuis-thoracique_lit_500x500.png 500w\" sizes=\"(max-width: 300px) 100vw, 300px\" \/>\t\t\t<\/div>\r\n\r\n\t\t\t<h3>\r\n\t\t\t\tVie quotidienne\t\t\t<\/h3>\r\n\r\n\t\t\t\t\t<\/div>\r\n\r\n\t\t<div class=\"physipro-category-item--hover\">\r\n\t\t\t<div class=\"item-hover-content\">\r\n\t\t\t\tNos produits\t\t\t\t<div class=\"item-hover-title\">Vie quotidienne<\/div>\r\n\t\t\t<\/div>\r\n\r\n\t\t\t<div class=\"item-hover-more\"><i class=\"fa fa-plus\"><\/i><\/div>\r\n\t\t<\/div>\r\n\r\n\t<\/a>\r\n\r\n\t<\/a>\r\n<\/li>\r\n<\/ul>\n<\/div>[\/vc_column_text][\/vc_column][\/vc_row][vc_row el_class=&#8221;section-default&#8221;][vc_column width=&#8221;1\/1&#8243; animation=&#8221;none&#8221;][vc_column_text el_class=&#8221;physipro-title&#8221;]<\/p>\n<h2>Suivez-nous et partagez<br \/>\nvos commentaires!<\/h2>\n<p>[\/vc_column_text][vc_row_inner el_class=&#8221;row-inner-half&#8221;][vc_column_inner width=&#8221;1\/2&#8243;][vc_column_text]<ul class=\"social row social-columns social-lg\"><li class=\"col-sm-3\"><a href=\"https:\/\/www.facebook.com\/pages\/Physipro\/168767679846077?fref=ts\"><i class=\"fa fa-facebook-square\"><\/i><\/a><\/li><li class=\"col-sm-3\"><a href=\"https:\/\/twitter.com\/Physipro\"><i class=\"fa fa-twitter\"><\/i><\/a><\/li><li class=\"col-sm-3\"><a href=\"https:\/\/www.linkedin.com\/company\/physipro\"><i class=\"fa fa-linkedin\"><\/i><\/a><\/li><\/ul>[\/vc_column_text][\/vc_column_inner][vc_column_inner width=&#8221;1\/2&#8243;][vc_column_text el_class=&#8221;newsletter-large&#8221;]<\/p>\n<h3>Abonnez-vous \u00e0 notre infolettre<\/h3>\n<p>\r\n\t<form action=\"http:\/\/physipro.us2.list-manage.com\/subscribe\/post?u=fc52d119360d030a0401490ff&id=15123933eb\" method=\"post\" class=\"form-inline form-newsletter\" target=\"_blank\" role=\"form\">\r\n\t  <div class=\"form-group\">\r\n\t    <label class=\"sr-only\" for=\"mce-EMAIL\">Votre courriel <\/label>\r\n\t    <input type=\"email\" class=\"form-control input-lg input-newsletter\" name=\"EMAIL\" id=\"mce-EMAIL\" placeholder=\"Votre courriel\">\r\n\t  <\/div>\r\n\t  <div class=\"form-group\">\r\n\t  \t<button type=\"submit\" class=\"btn btn-lg btn-primary btn-newsletter\">S'abonner<\/button>\r\n\t  <\/div>\r\n\t<\/form>\r\n\r\n\t[\/vc_column_text][\/vc_column_inner][\/vc_row_inner][\/vc_column][\/vc_row][vc_row][vc_column][vc_column_text]<\/p>\n<p>&nbsp;<\/p>\n<p>&nbsp;<\/p>\n<p>[\/vc_column_text][\/vc_column][\/vc_row]<\/p>\n<\/div>","protected":false},"excerpt":{"rendered":"<p>[vc_row css=&#8221;.vc_custom_1428432650319{padding-top: 100px !important;}&#8221;][vc_column width=&#8221;1\/2&#8243; animation=&#8221;none&#8221;][vc_gallery type=&#8221;flexslider_fade&#8221; interval=&#8221;3&#8243; images=&#8221;8382&#8243; onclick=&#8221;link_image&#8221; custom_links_target=&#8221;_self&#8221; img_size=&#8221;full&#8221;][\/vc_column][vc_column width=&#8221;1\/2&#8243; animation=&#8221;none&#8221;][vc_column_text] R\u00e8gle coulissante [\/vc_column_text][vc_column_text]Efficace et pr\u00e9cise, cette r\u00e8gle coulissante d\u2019une qualit\u00e9 sup\u00e9rieure est un incontournable pour les prises de donn\u00e9es anthropom\u00e9triques.[\/vc_column_text][vc_column_text] &nbsp; &nbsp; &nbsp; &nbsp; &nbsp; &nbsp; [\/vc_column_text][\/vc_column][\/vc_row][vc_row full_width=&#8221;stretch_row&#8221; css=&#8221;.vc_custom_1427300443757{padding-top: 0px !important;background-color: #eff0f1 !important;}&#8221; el_class=&#8221;section-default section-last&#8221;][vc_column width=&#8221;1\/1&#8243;][vc_column_text&#8230;<\/p>\n <p><a class=\"read-more btn btn-primary btn-lg\" href=\"https:\/\/www.physipro.com\/fr\/produit\/regle-coulissante\/\">Lire la suite<\/a><\/p>","protected":false},"featured_media":8384,"comment_status":"open","ping_status":"closed","template":"","meta":{"_acf_changed":false},"product_cat":[544],"product_tag":[],"class_list":{"0":"post-8725","1":"product","2":"type-product","3":"status-publish","4":"has-post-thumbnail","6":"product_cat-non-classe","8":"first","9":"instock","10":"shipping-taxable","11":"product-type-simple"},"acf":[],"yoast_head":"<!-- This site is optimized with the Yoast SEO plugin v22.3 - https:\/\/yoast.com\/wordpress\/plugins\/seo\/ -->\n<title>R\u00e8gle coulissante - Physipro inc.<\/title>\n<meta name=\"robots\" content=\"index, follow, max-snippet:-1, max-image-preview:large, max-video-preview:-1\" \/>\n<link rel=\"canonical\" href=\"https:\/\/www.physipro.com\/fr\/product\/regle-coulissante\/\" \/>\n<meta property=\"og:locale\" content=\"fr_FR\" \/>\n<meta property=\"og:type\" content=\"article\" \/>\n<meta property=\"og:title\" content=\"R\u00e8gle coulissante - Physipro inc.\" \/>\n<meta property=\"og:description\" content=\"[vc_row css=&#8221;.vc_custom_1428432650319{padding-top: 100px !important;}&#8221;][vc_column width=&#8221;1\/2&#8243; animation=&#8221;none&#8221;][vc_gallery type=&#8221;flexslider_fade&#8221; interval=&#8221;3&#8243; images=&#8221;8382&#8243; onclick=&#8221;link_image&#8221; custom_links_target=&#8221;_self&#8221; img_size=&#8221;full&#8221;][\/vc_column][vc_column width=&#8221;1\/2&#8243; animation=&#8221;none&#8221;][vc_column_text] R\u00e8gle coulissante [\/vc_column_text][vc_column_text]Efficace et pr\u00e9cise, cette r\u00e8gle coulissante d\u2019une qualit\u00e9 sup\u00e9rieure est un incontournable pour les prises de donn\u00e9es anthropom\u00e9triques.[\/vc_column_text][vc_column_text] &nbsp; &nbsp; &nbsp; &nbsp; &nbsp; &nbsp; [\/vc_column_text][\/vc_column][\/vc_row][vc_row full_width=&#8221;stretch_row&#8221; css=&#8221;.vc_custom_1427300443757{padding-top: 0px !important;background-color: #eff0f1 !important;}&#8221; el_class=&#8221;section-default section-last&#8221;][vc_column width=&#8221;1\/1&#8243;][vc_column_text...\" \/>\n<meta property=\"og:url\" content=\"https:\/\/www.physipro.com\/fr\/product\/regle-coulissante\/\" \/>\n<meta property=\"og:site_name\" content=\"Physipro inc.\" \/>\n<meta property=\"article:modified_time\" content=\"2015-04-08T16:45:14+00:00\" \/>\n<meta property=\"og:image\" content=\"https:\/\/www.physipro.com\/wp-content\/uploads\/2015\/02\/REGLE-PHYSIPRO-1-e1427218346370.png\" \/>\n\t<meta property=\"og:image:width\" content=\"400\" \/>\n\t<meta property=\"og:image:height\" content=\"320\" \/>\n\t<meta property=\"og:image:type\" content=\"image\/png\" \/>\n<meta name=\"twitter:label1\" content=\"Dur\u00e9e de lecture estim\u00e9e\" \/>\n\t<meta name=\"twitter:data1\" content=\"1 minute\" \/>\n<script type=\"application\/ld+json\" class=\"yoast-schema-graph\">{\"@context\":\"https:\/\/schema.org\",\"@graph\":[{\"@type\":\"WebPage\",\"@id\":\"https:\/\/www.physipro.com\/fr\/product\/regle-coulissante\/\",\"url\":\"https:\/\/www.physipro.com\/fr\/product\/regle-coulissante\/\",\"name\":\"R\u00e8gle coulissante - Physipro inc.\",\"isPartOf\":{\"@id\":\"https:\/\/www.physipro.com\/#website\"},\"primaryImageOfPage\":{\"@id\":\"https:\/\/www.physipro.com\/fr\/product\/regle-coulissante\/#primaryimage\"},\"image\":{\"@id\":\"https:\/\/www.physipro.com\/fr\/product\/regle-coulissante\/#primaryimage\"},\"thumbnailUrl\":\"https:\/\/www.physipro.com\/wp-content\/uploads\/2015\/02\/REGLE-PHYSIPRO-1-e1427218346370.png\",\"datePublished\":\"2015-03-25T16:17:54+00:00\",\"dateModified\":\"2015-04-08T16:45:14+00:00\",\"breadcrumb\":{\"@id\":\"https:\/\/www.physipro.com\/fr\/product\/regle-coulissante\/#breadcrumb\"},\"inLanguage\":\"fr-FR\",\"potentialAction\":[{\"@type\":\"ReadAction\",\"target\":[\"https:\/\/www.physipro.com\/fr\/product\/regle-coulissante\/\"]}]},{\"@type\":\"ImageObject\",\"inLanguage\":\"fr-FR\",\"@id\":\"https:\/\/www.physipro.com\/fr\/product\/regle-coulissante\/#primaryimage\",\"url\":\"https:\/\/www.physipro.com\/wp-content\/uploads\/2015\/02\/REGLE-PHYSIPRO-1-e1427218346370.png\",\"contentUrl\":\"https:\/\/www.physipro.com\/wp-content\/uploads\/2015\/02\/REGLE-PHYSIPRO-1-e1427218346370.png\",\"width\":400,\"height\":320},{\"@type\":\"BreadcrumbList\",\"@id\":\"https:\/\/www.physipro.com\/fr\/product\/regle-coulissante\/#breadcrumb\",\"itemListElement\":[{\"@type\":\"ListItem\",\"position\":1,\"name\":\"Accueil\",\"item\":\"https:\/\/www.physipro.com\/fr\/\"},{\"@type\":\"ListItem\",\"position\":2,\"name\":\"Boutique\",\"item\":\"https:\/\/www.physipro.com\/fr\/boutique\/\"},{\"@type\":\"ListItem\",\"position\":3,\"name\":\"R\u00e8gle coulissante\"}]},{\"@type\":\"WebSite\",\"@id\":\"https:\/\/www.physipro.com\/#website\",\"url\":\"https:\/\/www.physipro.com\/\",\"name\":\"Physipro inc.\",\"description\":\"Un site utilisant WordPress\",\"potentialAction\":[{\"@type\":\"SearchAction\",\"target\":{\"@type\":\"EntryPoint\",\"urlTemplate\":\"https:\/\/www.physipro.com\/?s={search_term_string}\"},\"query-input\":\"required name=search_term_string\"}],\"inLanguage\":\"fr-FR\"}]}<\/script>\n<!-- \/ Yoast SEO plugin. -->","yoast_head_json":{"title":"R\u00e8gle coulissante - Physipro inc.","robots":{"index":"index","follow":"follow","max-snippet":"max-snippet:-1","max-image-preview":"max-image-preview:large","max-video-preview":"max-video-preview:-1"},"canonical":"https:\/\/www.physipro.com\/fr\/product\/regle-coulissante\/","og_locale":"fr_FR","og_type":"article","og_title":"R\u00e8gle coulissante - Physipro inc.","og_description":"[vc_row css=&#8221;.vc_custom_1428432650319{padding-top: 100px !important;}&#8221;][vc_column width=&#8221;1\/2&#8243; animation=&#8221;none&#8221;][vc_gallery type=&#8221;flexslider_fade&#8221; interval=&#8221;3&#8243; images=&#8221;8382&#8243; onclick=&#8221;link_image&#8221; custom_links_target=&#8221;_self&#8221; img_size=&#8221;full&#8221;][\/vc_column][vc_column width=&#8221;1\/2&#8243; animation=&#8221;none&#8221;][vc_column_text] R\u00e8gle coulissante [\/vc_column_text][vc_column_text]Efficace et pr\u00e9cise, cette r\u00e8gle coulissante d\u2019une qualit\u00e9 sup\u00e9rieure est un incontournable pour les prises de donn\u00e9es anthropom\u00e9triques.[\/vc_column_text][vc_column_text] &nbsp; &nbsp; &nbsp; &nbsp; &nbsp; &nbsp; [\/vc_column_text][\/vc_column][\/vc_row][vc_row full_width=&#8221;stretch_row&#8221; css=&#8221;.vc_custom_1427300443757{padding-top: 0px !important;background-color: #eff0f1 !important;}&#8221; el_class=&#8221;section-default section-last&#8221;][vc_column width=&#8221;1\/1&#8243;][vc_column_text...","og_url":"https:\/\/www.physipro.com\/fr\/product\/regle-coulissante\/","og_site_name":"Physipro inc.","article_modified_time":"2015-04-08T16:45:14+00:00","og_image":[{"width":400,"height":320,"url":"https:\/\/www.physipro.com\/wp-content\/uploads\/2015\/02\/REGLE-PHYSIPRO-1-e1427218346370.png","type":"image\/png"}],"twitter_misc":{"Dur\u00e9e de lecture estim\u00e9e":"1 minute"},"schema":{"@context":"https:\/\/schema.org","@graph":[{"@type":"WebPage","@id":"https:\/\/www.physipro.com\/fr\/product\/regle-coulissante\/","url":"https:\/\/www.physipro.com\/fr\/product\/regle-coulissante\/","name":"R\u00e8gle coulissante - Physipro inc.","isPartOf":{"@id":"https:\/\/www.physipro.com\/#website"},"primaryImageOfPage":{"@id":"https:\/\/www.physipro.com\/fr\/product\/regle-coulissante\/#primaryimage"},"image":{"@id":"https:\/\/www.physipro.com\/fr\/product\/regle-coulissante\/#primaryimage"},"thumbnailUrl":"https:\/\/www.physipro.com\/wp-content\/uploads\/2015\/02\/REGLE-PHYSIPRO-1-e1427218346370.png","datePublished":"2015-03-25T16:17:54+00:00","dateModified":"2015-04-08T16:45:14+00:00","breadcrumb":{"@id":"https:\/\/www.physipro.com\/fr\/product\/regle-coulissante\/#breadcrumb"},"inLanguage":"fr-FR","potentialAction":[{"@type":"ReadAction","target":["https:\/\/www.physipro.com\/fr\/product\/regle-coulissante\/"]}]},{"@type":"ImageObject","inLanguage":"fr-FR","@id":"https:\/\/www.physipro.com\/fr\/product\/regle-coulissante\/#primaryimage","url":"https:\/\/www.physipro.com\/wp-content\/uploads\/2015\/02\/REGLE-PHYSIPRO-1-e1427218346370.png","contentUrl":"https:\/\/www.physipro.com\/wp-content\/uploads\/2015\/02\/REGLE-PHYSIPRO-1-e1427218346370.png","width":400,"height":320},{"@type":"BreadcrumbList","@id":"https:\/\/www.physipro.com\/fr\/product\/regle-coulissante\/#breadcrumb","itemListElement":[{"@type":"ListItem","position":1,"name":"Accueil","item":"https:\/\/www.physipro.com\/fr\/"},{"@type":"ListItem","position":2,"name":"Boutique","item":"https:\/\/www.physipro.com\/fr\/boutique\/"},{"@type":"ListItem","position":3,"name":"R\u00e8gle coulissante"}]},{"@type":"WebSite","@id":"https:\/\/www.physipro.com\/#website","url":"https:\/\/www.physipro.com\/","name":"Physipro inc.","description":"Un site utilisant WordPress","potentialAction":[{"@type":"SearchAction","target":{"@type":"EntryPoint","urlTemplate":"https:\/\/www.physipro.com\/?s={search_term_string}"},"query-input":"required name=search_term_string"}],"inLanguage":"fr-FR"}]}},"_links":{"self":[{"href":"https:\/\/www.physipro.com\/fr\/wp-json\/wp\/v2\/product\/8725","targetHints":{"allow":["GET"]}}],"collection":[{"href":"https:\/\/www.physipro.com\/fr\/wp-json\/wp\/v2\/product"}],"about":[{"href":"https:\/\/www.physipro.com\/fr\/wp-json\/wp\/v2\/types\/product"}],"replies":[{"embeddable":true,"href":"https:\/\/www.physipro.com\/fr\/wp-json\/wp\/v2\/comments?post=8725"}],"wp:featuredmedia":[{"embeddable":true,"href":"https:\/\/www.physipro.com\/fr\/wp-json\/wp\/v2\/media\/8384"}],"wp:attachment":[{"href":"https:\/\/www.physipro.com\/fr\/wp-json\/wp\/v2\/media?parent=8725"}],"wp:term":[{"taxonomy":"product_cat","embeddable":true,"href":"https:\/\/www.physipro.com\/fr\/wp-json\/wp\/v2\/product_cat?post=8725"},{"taxonomy":"product_tag","embeddable":true,"href":"https:\/\/www.physipro.com\/fr\/wp-json\/wp\/v2\/product_tag?post=8725"}],"curies":[{"name":"wp","href":"https:\/\/api.w.org\/{rel}","templated":true}]}}